{"id":7686,"date":"2023-03-07T13:07:28","date_gmt":"2023-03-07T12:07:28","guid":{"rendered":"https:\/\/www.bmx-marshal.com\/?page_id=7686"},"modified":"2025-11-12T01:24:19","modified_gmt":"2025-11-12T00:24:19","slug":"conditions-generales-de-ventes","status":"publish","type":"page","link":"https:\/\/www.lrbracing.com\/eu\/conditions-generales-de-ventes\/","title":{"rendered":"Conditions g\u00e9n\u00e9rales de ventes"},"content":{"rendered":"<h2>Conditions g\u00e9n\u00e9rales de ventes<\/h2>\n<p><strong>Clause n\u00b0 1 : Objet<\/strong><br \/>\nLes conditions g\u00e9n\u00e9rales de vente d\u00e9crites ci-apr\u00e8s d\u00e9taillent les droits et obligations de la soci\u00e9t\u00e9<br \/>\nMARSHAL RACING et de son client dans le cadre de la vente des marchandises de la marque MARSHAL et<br \/>\nLEGION.<br \/>\nEn cons\u00e9quence, le fait pour toute personne de commander un produit propos\u00e9 \u00e0 la vente sur le site Internet de la soci\u00e9t\u00e9 LRB RACING emporte acceptation pleine et enti\u00e8re des pr\u00e9sentes conditions g\u00e9n\u00e9rales de vente dont l&#8217;Acheteur reconna\u00eet avoir pris connaissance pr\u00e9alablement \u00e0 sa commande. Les produits sont propos\u00e9s \u00e0 la vente sur le territoire g\u00e9ographique suivant : France m\u00e9tropolitaine, Corse, DOM TOM ainsi que dans les \u00e9tats membres de l&#8217;Union Europ\u00e9enne et les Etats Unis d&#8217;Am\u00e9rique.<\/p>\n<p><strong>Clause n\u00b0 2 : Prix<\/strong><br \/>\nLes prix des marchandises vendues sont ceux en vigueur au jour de la prise de commande. Ils sont<br \/>\nlibell\u00e9s en euros ou dollars et calcul\u00e9s TTC pour la France.<br \/>\nLa soci\u00e9t\u00e9 MARSHAL RACING s&#8217;accorde le droit de modifier ses tarifs \u00e0 tout moment. Toutefois, elle<br \/>\ns&#8217;engage \u00e0 facturer les marchandises command\u00e9es aux prix indiqu\u00e9s lors de l&#8217;enregistrement de la<br \/>\ncommande.<\/p>\n<p><strong>Clause n\u00b0 3 : Rabais et ristournes<\/strong><br \/>\nLes tarifs propos\u00e9s comprennent les rabais et ristournes que la soci\u00e9t\u00e9 LRB RACING serait amen\u00e9e \u00e0<br \/>\noctroyer compte tenu de ses r\u00e9sultats ou de la prise en charge par l&#8217;acheteur de certaines<br \/>\nprestations.<\/p>\n<p><strong>Clause n\u00b0 4 : Escompte<\/strong><br \/>\nAucun escompte ne sera consenti en cas de paiement anticip\u00e9.<\/p>\n<p><strong>Clause n\u00b0 5 : Modalit\u00e9s de paiement<\/strong><br \/>\nLe r\u00e8glement des commandes s&#8217;effectue :<\/p>\n<ul>\n<li>Soit par ch\u00e8que<\/li>\n<li>Soit par carte bancaire<\/li>\n<li>Soit par virement bancaire<\/li>\n<li>Soit par Paypal, Alma.<\/li>\n<\/ul>\n<p>Lors de l&#8217;enregistrement de la commande, l&#8217;acheteur devra verser 100% du solde des marchandises.<\/p>\n<h3>Paiement en plusieurs fois avec Alma<\/h3>\n<p>Le paiement en plusieurs fois\/diff\u00e9r\u00e9 est disponible via notre partenaire Alma. La s\u00e9curisation des paiements est assur\u00e9e par Alma et ses prestataires. Tous les paiements sont prot\u00e9g\u00e9s par le 3D Secure.<\/p>\n<p><strong>Montant des achats<\/strong><\/p>\n<ul>\n<li>P2X : Seuls les achats entre 50\u00a0\u20ac et 4\u00a0000\u00a0\u20ac sont \u00e9ligibles au paiement avec Alma.<\/li>\n<li>P3X : Seuls les achats entre 50\u00a0\u20ac et 4\u00a0000\u00a0\u20ac sont \u00e9ligibles au paiement avec Alma.<\/li>\n<li>P4X : Seuls les achats entre 50\u00a0\u20ac et 4\u00a0000\u00a0\u20ac sont \u00e9ligibles au paiement avec Alma.<\/li>\n<\/ul>\n<p><strong>Frais<\/strong><\/p>\n<p>En payant en plusieurs fois avec Alma, le Client paye une partie des frais.<\/p>\n<p>Alma est gestionnaire de t\u00e9l\u00e9-paiement et d\u00e9livre un certificat \u00e9lectronique qui vaudra preuve du montant et de la date de la transaction conform\u00e9ment aux dispositions des articles 1316 et suivants du code civil.<\/p>\n<p><strong>R\u00e9siliation<\/strong><\/p>\n<p>Toute r\u00e9siliation des CGV qui lient le Vendeur et le client, entraine la r\u00e9siliation des CGU entre Alma et le client.<\/p>\n<p><strong>Droit de R\u00e9tractation<\/strong><\/p>\n<p>Conform\u00e9ment \u00e0 la loi n\u00b0 2014-344 du 17 mars 2014 relative \u00e0 la consommation, dite \u00ab loi Hamon \u00bb, l&#8217;Acheteur dispose d&#8217;un d\u00e9lai de <strong>quatorze jours francs \u00e0 compter de la date de r\u00e9ception,<\/strong> pour retourner \u00e0 ses frais, les produits command\u00e9s, pour remboursement.<\/p>\n<p>Les produits doivent imp\u00e9rativement \u00eatre retourn\u00e9s \u00e0 &#8220;MARSHAL RACING&#8221; dans un parfait \u00e9tat de revente, dans leur \u00e9tat d&#8217;origine (emballage, accessoires, notice&#8230;), d\u00fbment scell\u00e9s, et accompagn\u00e9s de la facture correspondant \u00e0 l&#8217;achat.<\/p>\n<p>De m\u00eame, si le produit comporte une feuille de garantie ou tout autre document \u00e0 compl\u00e9ter, celui-ci ne devra pas \u00eatre rempli afin que l&#8217;acheteur puisse exercer son droit de r\u00e9tractation.<\/p>\n<p>Tout produit incomplet, ab\u00eem\u00e9, endommag\u00e9 ou dont l&#8217;emballage d&#8217;origine aura \u00e9t\u00e9 d\u00e9t\u00e9rior\u00e9, ne sera ni rembours\u00e9 ni \u00e9chang\u00e9.<\/p>\n<p>L&#8217;exercice du droit de r\u00e9tractation donnera lieu au choix de l&#8217;acheteur :<br \/>\n&#8211; soit \u00e0 un remboursement\u00a0effectu\u00e9 sur le m\u00eame moyen de paiement utilis\u00e9 lors de l&#8217;achat<br \/>\n&#8211; soit \u00e0 l&#8217;attribution d&#8217;un bon d&#8217;achat.<\/p>\n<p><strong>Clause n\u00b0 6 : Retard de paiement<\/strong><br \/>\nEn cas de d\u00e9faut de paiement total ou partiel des marchandises livr\u00e9es au jour de la r\u00e9ception,<br \/>\nl&#8217;acheteur doit verser \u00e0 la soci\u00e9t\u00e9 MARSHAL RACING une p\u00e9nalit\u00e9 de retard \u00e9gale \u00e0 trois fois le taux de<br \/>\nl&#8217;int\u00e9r\u00eat l\u00e9gal.<br \/>\nLe taux de l&#8217;int\u00e9r\u00eat l\u00e9gal retenu est celui en vigueur au jour de la livraison des marchandises.<br \/>\nCette p\u00e9nalit\u00e9 est calcul\u00e9e sur le montant TTC de la somme restant due, et court \u00e0 compter de la<br \/>\ndate d&#8217;\u00e9ch\u00e9ance du prix sans qu&#8217;aucune mise en demeure pr\u00e9alable ne soit n\u00e9cessaire.<br \/>\nEn sus des indemnit\u00e9s de retard, toute somme, y compris l\u2019acompte, non pay\u00e9e \u00e0 sa date d\u2019exigibilit\u00e9<br \/>\nproduira de plein droit le paiement d\u2019une indemnit\u00e9 forfaitaire de 40 euros due au titre des frais de<br \/>\nrecouvrement.<br \/>\nArticles 441-6, I alin\u00e9a 12 et D. 441-5\u00a0du code de commerce.<\/p>\n<p><strong>Clause n\u00b0 7 : Clause r\u00e9solutoire<\/strong><br \/>\nSi dans les quinze jours qui suivent la mise en \u0153uvre de la clause &#8221; Retard de paiement &#8220;, l&#8217;acheteur<br \/>\nne s&#8217;est pas acquitt\u00e9 des sommes restant dues, la vente sera r\u00e9solue de plein droit et pourra ouvrir<br \/>\ndroit \u00e0 l&#8217;allocation de dommages et int\u00e9r\u00eats au profit de la soci\u00e9t\u00e9 LRB RACING.<\/p>\n<p><strong>Clause n\u00b0 8 : Clause de r\u00e9serve de propri\u00e9t\u00e9<\/strong><br \/>\nLa soci\u00e9t\u00e9 LRB RACING conserve la propri\u00e9t\u00e9 des biens vendus jusqu&#8217;au paiement int\u00e9gral du prix, en<br \/>\nprincipal et en accessoires. \u00c0 ce titre, si l&#8217;acheteur fait l&#8217;objet d&#8217;un redressement ou d&#8217;une liquidation<br \/>\njudiciaire, la soci\u00e9t\u00e9 LRB RACING se r\u00e9serve le droit de revendiquer, dans le cadre de la proc\u00e9dure<br \/>\ncollective, les marchandises vendues et rest\u00e9es impay\u00e9es.<\/p>\n<p><strong>Clause n\u00b0 9 : Livraison<\/strong><br \/>\nLa livraison est effectu\u00e9e :<\/p>\n<ul>\n<li>Soit par la remise directe de la marchandise \u00e0 l&#8217;acheteur<\/li>\n<li>Soit par l&#8217;envoi d&#8217;un avis de mise \u00e0 disposition en magasin \u00e0 l&#8217;attention de l&#8217;acheteur<\/li>\n<li>Soit au lieu indiqu\u00e9 par l&#8217;acheteur sur le bon de commande.<\/li>\n<\/ul>\n<p>Le d\u00e9lai de livraison indiqu\u00e9 lors de l&#8217;enregistrement de la commande n&#8217;est donn\u00e9 qu&#8217;\u00e0 titre indicatif<br \/>\net n&#8217;est aucunement garanti.<br \/>\nPar voie de cons\u00e9quence, tout retard raisonnable dans la livraison des produits ne pourra pas donner<br \/>\nlieu au profit de l&#8217;acheteur \u00e0 :<\/p>\n<ul>\n<li>L\u2019allocation de dommages et int\u00e9r\u00eats<\/li>\n<li>L\u2019annulation de la commande.<\/li>\n<\/ul>\n<p>Le risque du transport est support\u00e9 en totalit\u00e9 par l&#8217;acheteur.<br \/>\nEn cas de marchandises manquantes ou d\u00e9t\u00e9rior\u00e9es lors du transport, l&#8217;acheteur devra formuler<br \/>\ntoutes les r\u00e9serves n\u00e9cessaires sur le bon de commande \u00e0 r\u00e9ception desdites marchandises. Ces<br \/>\nr\u00e9serves devront \u00eatre, en outre, confirm\u00e9es par \u00e9crit dans les cinq jours suivant la livraison, par<br \/>\ncourrier recommand\u00e9 AR.<\/p>\n<p><strong>Clause n\u00b0 10 : Force majeure<\/strong><br \/>\nLa responsabilit\u00e9 de la soci\u00e9t\u00e9 LRB RACING ne pourra pas \u00eatre mise en \u0153uvre si la non-ex\u00e9cution ou<br \/>\nle retard dans l&#8217;ex\u00e9cution de l&#8217;une de ses obligations d\u00e9crites dans les pr\u00e9sentes conditions g\u00e9n\u00e9rales<br \/>\nde vente d\u00e9coule d&#8217;un cas de force majeure. \u00c0 ce titre, la force majeure s&#8217;entend de tout \u00e9v\u00e9nement<br \/>\next\u00e9rieur, impr\u00e9visible et irr\u00e9sistible au sens de l&#8217;article 1148 du Code civil.<\/p>\n<p><strong>Clause n\u00b0 11 : Tribunal comp\u00e9tent<\/strong><br \/>\nTout litige relatif \u00e0 l&#8217;interpr\u00e9tation et \u00e0 l&#8217;ex\u00e9cution des pr\u00e9sentes conditions g\u00e9n\u00e9rales de vente est<br \/>\nsoumis au droit fran\u00e7ais.<br \/>\n\u00c0 d\u00e9faut de r\u00e9solution amiable, le litige sera port\u00e9 devant le Tribunal de commerce d\u2019Aix en<br \/>\nProvence.<\/p>\n<p>&nbsp;<\/p>\n<header class=\"page-header\">\n<h1>Mentions l\u00e9gales<\/h1>\n<\/header>\n<section id=\"content\" class=\"page-content page-cms page-cms-2\">\n<h2>Confidentialit\u00e9<\/h2>\n<\/section>\n<section id=\"content\" class=\"page-content page-cms page-cms-2\">Nous nous engageons aupr\u00e8s de vous, visiteurs et clients de notre site, afin de vous garantir la confidentialit\u00e9 des informations personnelles que vous nous fournissez.<br \/>\nCaract\u00e8re volatile des donn\u00e9es recueillies sur le site du Commer\u00e7ant Afin de traiter votre commande, nous devons \u00eatre en mesure de conna\u00eetre et de m\u00e9moriser certains des param\u00e8tres qui nous sont communiqu\u00e9s par votre ordinateur : il nous faut savoir qui vous \u00eates ainsi que les produits que vous \u00eates en train d&#8217;acheter.<br \/>\nLes cookies sont des programmes utilis\u00e9s dans cet unique but : m\u00e9moriser, le temps de votre visite, votre identit\u00e9 (connue gr\u00e2ce \u00e0 votre pseudo et \u00e0 votre mot de passe) et le contenu de votre panier au fur et \u00e0 mesure que vous le remplissez.<br \/>\nUne fois votre shopping termin\u00e9, ces informations sont automatiquement effac\u00e9es, nos &#8221; cookies &#8221; \u00e9tant ce ceux que l&#8217;on nomme &#8221; cookies volatiles &#8220;.<br \/>\nProtection des donn\u00e9es personnelles En tant que site marchand, Le commer\u00e7ant recueille un certain nombre d&#8217;informations n\u00e9cessaires au traitement des commandes. Le commer\u00e7ant traite toutes ces informations avec la plus grande confidentialit\u00e9.<br \/>\nLes informations bancaires que vous donnez, crypt\u00e9es sur votre propre ordinateur, ne circuleront jamais en clair sur Internet.<br \/>\nRespect des r\u00e9glementations fran\u00e7aise et europ\u00e9enne Conform\u00e9ment \u00e0 la loi Informatique et Libert\u00e9s en date du 6 janvier 1978, vous disposez d&#8217;un droit d&#8217;acc\u00e8s, de rectification, de modification et de suppression concernant les donn\u00e9es qui vous concernent.<br \/>\nVous pouvez exercer ce droit en nous envoyant un courrier \u00e0 l&#8217;adresse suivante : MARSHAL RACING, 380 Petite route de Marseille &#8211; 83470 Saint Maximin la sainte baume<\/p>\n<h2>Informations l\u00e9gales sur notre entreprise<\/h2>\n<p>Raison sociale : LRB RACING<br \/>\nStatut juridique : SASU<br \/>\nCapital social: 50.000\u20ac<br \/>\nRepr\u00e9sentant l\u00e9gal : Lionel RIBIERE<br \/>\nAdresse du si\u00e8ge social : 586 Boulevard de Saint Jean &#8211; 83470 Saint Maximin la sainte baume<br \/>\nRCS : 933 092 975\u00a0 R.C.S Draguignan<\/p>\n<p>TVA INTRACOM: FR72 933092975<\/p>\n<p>Date immatriculation : 12\/09\/2024<br \/>\nN\u00b0 de t\u00e9l\u00e9phone:<br \/>\nAdresse email : contact@lrbracing.com<\/p>\n<\/section>\n","protected":false},"excerpt":{"rendered":"<p>Conditions g\u00e9n\u00e9rales de ventes Clause n\u00b0 1 : Objet Les conditions g\u00e9n\u00e9rales de vente d\u00e9crites ci-apr\u00e8s d\u00e9taillent les droits et<\/p>\n","protected":false},"author":111,"featured_media":0,"parent":0,"menu_order":0,"comment_status":"closed","ping_status":"closed","template":"","meta":{"footnotes":""},"class_list":["post-7686","page","type-page","status-publish","hentry"],"yoast_head":"<!-- This site is optimized with the Yoast SEO plugin v26.7 - https:\/\/yoast.com\/wordpress\/plugins\/seo\/ -->\n<title>Conditions g\u00e9n\u00e9rales de ventes - MARSHAL RACING &amp; LEGION BICYCLES<\/title>\n<meta name=\"robots\" content=\"index, follow, max-snippet:-1, max-image-preview:large, max-video-preview:-1\" \/>\n<link rel=\"canonical\" href=\"https:\/\/www.lrbracing.com\/eu\/conditions-generales-de-ventes\/\" \/>\n<meta property=\"og:locale\" content=\"fr_FR\" \/>\n<meta property=\"og:type\" content=\"article\" \/>\n<meta property=\"og:title\" content=\"Conditions g\u00e9n\u00e9rales de ventes - MARSHAL RACING &amp; LEGION BICYCLES\" \/>\n<meta property=\"og:description\" content=\"Conditions g\u00e9n\u00e9rales de ventes Clause n\u00b0 1 : Objet Les conditions g\u00e9n\u00e9rales de vente d\u00e9crites ci-apr\u00e8s d\u00e9taillent les droits et\" \/>\n<meta property=\"og:url\" content=\"https:\/\/www.lrbracing.com\/eu\/conditions-generales-de-ventes\/\" \/>\n<meta property=\"og:site_name\" content=\"MARSHAL RACING &amp; LEGION BICYCLES\" \/>\n<meta property=\"article:modified_time\" content=\"2025-11-12T00:24:19+00:00\" \/>\n<meta name=\"twitter:card\" content=\"summary_large_image\" \/>\n<meta name=\"twitter:label1\" content=\"Dur\u00e9e de lecture estim\u00e9e\" \/>\n\t<meta name=\"twitter:data1\" content=\"8 minutes\" \/>\n<script type=\"application\/ld+json\" class=\"yoast-schema-graph\">{\"@context\":\"https:\/\/schema.org\",\"@graph\":[{\"@type\":\"WebPage\",\"@id\":\"https:\/\/www.lrbracing.com\/eu\/conditions-generales-de-ventes\/\",\"url\":\"https:\/\/www.lrbracing.com\/eu\/conditions-generales-de-ventes\/\",\"name\":\"Conditions g\u00e9n\u00e9rales de ventes - MARSHAL RACING &amp; LEGION BICYCLES\",\"isPartOf\":{\"@id\":\"https:\/\/www.lrbracing.com\/eu\/#website\"},\"datePublished\":\"2023-03-07T12:07:28+00:00\",\"dateModified\":\"2025-11-12T00:24:19+00:00\",\"breadcrumb\":{\"@id\":\"https:\/\/www.lrbracing.com\/eu\/conditions-generales-de-ventes\/#breadcrumb\"},\"inLanguage\":\"fr-FR\",\"potentialAction\":[{\"@type\":\"ReadAction\",\"target\":[\"https:\/\/www.lrbracing.com\/eu\/conditions-generales-de-ventes\/\"]}]},{\"@type\":\"BreadcrumbList\",\"@id\":\"https:\/\/www.lrbracing.com\/eu\/conditions-generales-de-ventes\/#breadcrumb\",\"itemListElement\":[{\"@type\":\"ListItem\",\"position\":1,\"name\":\"Accueil\",\"item\":\"https:\/\/www.lrbracing.com\/eu\/\"},{\"@type\":\"ListItem\",\"position\":2,\"name\":\"Conditions g\u00e9n\u00e9rales de ventes\"}]},{\"@type\":\"WebSite\",\"@id\":\"https:\/\/www.lrbracing.com\/eu\/#website\",\"url\":\"https:\/\/www.lrbracing.com\/eu\/\",\"name\":\"MARSHAL RACING &amp; LEGION BICYCLES\",\"description\":\"Groupe LRB RACING\",\"potentialAction\":[{\"@type\":\"SearchAction\",\"target\":{\"@type\":\"EntryPoint\",\"urlTemplate\":\"https:\/\/www.lrbracing.com\/eu\/?s={search_term_string}\"},\"query-input\":{\"@type\":\"PropertyValueSpecification\",\"valueRequired\":true,\"valueName\":\"search_term_string\"}}],\"inLanguage\":\"fr-FR\"}]}<\/script>\n<!-- \/ Yoast SEO plugin. -->","yoast_head_json":{"title":"Conditions g\u00e9n\u00e9rales de ventes - MARSHAL RACING &amp; LEGION BICYCLES","robots":{"index":"index","follow":"follow","max-snippet":"max-snippet:-1","max-image-preview":"max-image-preview:large","max-video-preview":"max-video-preview:-1"},"canonical":"https:\/\/www.lrbracing.com\/eu\/conditions-generales-de-ventes\/","og_locale":"fr_FR","og_type":"article","og_title":"Conditions g\u00e9n\u00e9rales de ventes - MARSHAL RACING &amp; LEGION BICYCLES","og_description":"Conditions g\u00e9n\u00e9rales de ventes Clause n\u00b0 1 : Objet Les conditions g\u00e9n\u00e9rales de vente d\u00e9crites ci-apr\u00e8s d\u00e9taillent les droits et","og_url":"https:\/\/www.lrbracing.com\/eu\/conditions-generales-de-ventes\/","og_site_name":"MARSHAL RACING &amp; LEGION BICYCLES","article_modified_time":"2025-11-12T00:24:19+00:00","twitter_card":"summary_large_image","twitter_misc":{"Dur\u00e9e de lecture estim\u00e9e":"8 minutes"},"schema":{"@context":"https:\/\/schema.org","@graph":[{"@type":"WebPage","@id":"https:\/\/www.lrbracing.com\/eu\/conditions-generales-de-ventes\/","url":"https:\/\/www.lrbracing.com\/eu\/conditions-generales-de-ventes\/","name":"Conditions g\u00e9n\u00e9rales de ventes - MARSHAL RACING &amp; LEGION BICYCLES","isPartOf":{"@id":"https:\/\/www.lrbracing.com\/eu\/#website"},"datePublished":"2023-03-07T12:07:28+00:00","dateModified":"2025-11-12T00:24:19+00:00","breadcrumb":{"@id":"https:\/\/www.lrbracing.com\/eu\/conditions-generales-de-ventes\/#breadcrumb"},"inLanguage":"fr-FR","potentialAction":[{"@type":"ReadAction","target":["https:\/\/www.lrbracing.com\/eu\/conditions-generales-de-ventes\/"]}]},{"@type":"BreadcrumbList","@id":"https:\/\/www.lrbracing.com\/eu\/conditions-generales-de-ventes\/#breadcrumb","itemListElement":[{"@type":"ListItem","position":1,"name":"Accueil","item":"https:\/\/www.lrbracing.com\/eu\/"},{"@type":"ListItem","position":2,"name":"Conditions g\u00e9n\u00e9rales de ventes"}]},{"@type":"WebSite","@id":"https:\/\/www.lrbracing.com\/eu\/#website","url":"https:\/\/www.lrbracing.com\/eu\/","name":"MARSHAL RACING &amp; LEGION BICYCLES","description":"Groupe LRB RACING","potentialAction":[{"@type":"SearchAction","target":{"@type":"EntryPoint","urlTemplate":"https:\/\/www.lrbracing.com\/eu\/?s={search_term_string}"},"query-input":{"@type":"PropertyValueSpecification","valueRequired":true,"valueName":"search_term_string"}}],"inLanguage":"fr-FR"}]}},"_links":{"self":[{"href":"https:\/\/www.lrbracing.com\/eu\/wp-json\/wp\/v2\/pages\/7686","targetHints":{"allow":["GET"]}}],"collection":[{"href":"https:\/\/www.lrbracing.com\/eu\/wp-json\/wp\/v2\/pages"}],"about":[{"href":"https:\/\/www.lrbracing.com\/eu\/wp-json\/wp\/v2\/types\/page"}],"author":[{"embeddable":true,"href":"https:\/\/www.lrbracing.com\/eu\/wp-json\/wp\/v2\/users\/111"}],"replies":[{"embeddable":true,"href":"https:\/\/www.lrbracing.com\/eu\/wp-json\/wp\/v2\/comments?post=7686"}],"version-history":[{"count":1,"href":"https:\/\/www.lrbracing.com\/eu\/wp-json\/wp\/v2\/pages\/7686\/revisions"}],"predecessor-version":[{"id":14406,"href":"https:\/\/www.lrbracing.com\/eu\/wp-json\/wp\/v2\/pages\/7686\/revisions\/14406"}],"wp:attachment":[{"href":"https:\/\/www.lrbracing.com\/eu\/wp-json\/wp\/v2\/media?parent=7686"}],"curies":[{"name":"wp","href":"https:\/\/api.w.org\/{rel}","templated":true}]}}