{"id":11934,"date":"2024-04-11T07:54:55","date_gmt":"2024-04-11T05:54:55","guid":{"rendered":"https:\/\/www.bmx-marshal.com\/?post_type=product&#038;p=11934"},"modified":"2026-03-12T10:23:10","modified_gmt":"2026-03-12T09:23:10","slug":"disc-brake-floating-legion-aluminium-7075-diameter-140mm","status":"publish","type":"product","link":"https:\/\/www.lrbracing.com\/eu\/en\/produits\/braking-parts\/disc-brake-floating-legion-aluminium-7075-diameter-140mm\/","title":{"rendered":"Disc brake floating LEGION  | Aluminium 7075 | Diameter 140mm"},"content":{"rendered":"\t\t<div data-elementor-type=\"wp-post\" data-elementor-id=\"11934\" class=\"elementor elementor-11934\">\n\t\t\t\t\t\t<section class=\"wd-negative-gap elementor-section elementor-top-section elementor-element elementor-element-8891a28 elementor-section-boxed elementor-section-height-default elementor-section-height-default\" data-id=\"8891a28\" data-element_type=\"section\">\n\t\t\t\t\t\t<div class=\"elementor-container elementor-column-gap-default\">\n\t\t\t\t\t<div class=\"elementor-column elementor-col-100 elementor-top-column elementor-element elementor-element-5650d3e\" data-id=\"5650d3e\" data-element_type=\"column\">\n\t\t\t<div class=\"elementor-widget-wrap elementor-element-populated\">\n\t\t\t\t\t\t<div class=\"elementor-element elementor-element-0435ded color-scheme-inherit text-left elementor-widget elementor-widget-text-editor\" data-id=\"0435ded\" data-element_type=\"widget\" data-widget_type=\"text-editor.default\">\n\t\t\t\t<div class=\"elementor-widget-container\">\n\t\t\t\t\t\t\t\t\t<p id=\"tw-target-text\" class=\"tw-data-text tw-text-large tw-ta\" dir=\"ltr\" data-placeholder=\"Traduction\" aria-label=\"Texte traduit\" data-ved=\"2ahUKEwjNptif5NyFAxWWRKQEHb2pD3oQ3ewLegQIBRAU\"><span class=\"Y2IQFc\" lang=\"en\">The LEGION disc represents the best in research and development. Laser cut, stainless steel and high carbon. It makes the technology developed for competition accessible to any user. Direct replacement system that does not require additional brackets or parts, it mounts like an original disc. The brake track is flexible and has the ability to expand and contract. Less vibration thanks to the free brake track (independent part). Disc design improves airflow. Thermal break between the friction surface and the support. Improved the design of the brake track windows in contact with the pads. Thinner, stronger steel support that reduces overall weight. <\/span><\/p><h3 class=\"tw-data-text tw-text-large tw-ta\" dir=\"ltr\" data-placeholder=\"Traduction\" aria-label=\"Texte traduit\" data-ved=\"2ahUKEwjNptif5NyFAxWWRKQEHb2pD3oQ3ewLegQIBRAU\"><span class=\"Y2IQFc\" lang=\"en\">Features: <\/span><\/h3><ul><li class=\"tw-data-text tw-text-large tw-ta\" dir=\"ltr\" data-placeholder=\"Traduction\" aria-label=\"Texte traduit\" data-ved=\"2ahUKEwjNptif5NyFAxWWRKQEHb2pD3oQ3ewLegQIBRAU\"><span class=\"Y2IQFc\" lang=\"en\">Fixing: 6 holes <\/span><\/li><li class=\"tw-data-text tw-text-large tw-ta\" dir=\"ltr\" data-placeholder=\"Traduction\" aria-label=\"Texte traduit\" data-ved=\"2ahUKEwjNptif5NyFAxWWRKQEHb2pD3oQ3ewLegQIBRAU\"><span class=\"Y2IQFc\" lang=\"en\">Material: Steel and aluminium<\/span><\/li><li class=\"tw-data-text tw-text-large tw-ta\" dir=\"ltr\" data-placeholder=\"Traduction\" aria-label=\"Texte traduit\" data-ved=\"2ahUKEwjNptif5NyFAxWWRKQEHb2pD3oQ3ewLegQIBRAU\"><span class=\"Y2IQFc\" lang=\"en\">Kit of 6 screws included <\/span><\/li><li class=\"tw-data-text tw-text-large tw-ta\" dir=\"ltr\" data-placeholder=\"Traduction\" aria-label=\"Texte traduit\" data-ved=\"2ahUKEwjNptif5NyFAxWWRKQEHb2pD3oQ3ewLegQIBRAU\"><span class=\"Y2IQFc\" lang=\"en\">Compatible with all brands of brakes <\/span><\/li><li class=\"tw-data-text tw-text-large tw-ta\" dir=\"ltr\" data-placeholder=\"Traduction\" aria-label=\"Texte traduit\" data-ved=\"2ahUKEwjNptif5NyFAxWWRKQEHb2pD3oQ3ewLegQIBRAU\"><span class=\"Y2IQFc\" lang=\"en\">Weight: 86g<\/span><\/li><\/ul>\t\t\t\t\t\t\t\t<\/div>\n\t\t\t\t<\/div>\n\t\t\t\t\t<\/div>\n\t\t<\/div>\n\t\t\t\t\t<\/div>\n\t\t<\/section>\n\t\t\t\t<\/div>\n\t\t","protected":false},"excerpt":{"rendered":"<pre id=\"tw-target-text\" class=\"tw-data-text tw-text-large tw-ta\" dir=\"ltr\" data-placeholder=\"Traduction\" data-ved=\"2ahUKEwiL69ipqfqBAxWcVKQEHdv3AQwQ3ewLegQIBxAQ\"><span class=\"Y2IQFc\" lang=\"en\">Fork cap CNC machined aluminum<\/span><\/pre>\n","protected":false},"featured_media":11916,"template":"","meta":[],"product_brand":[],"product_cat":[772],"product_tag":[],"class_list":{"0":"post-11934","1":"product","2":"type-product","3":"status-publish","4":"has-post-thumbnail","6":"product_cat-braking-parts","7":"product_shipping_class-colis-cadres-et-accessoires-en","9":"first","10":"instock","11":"taxable","12":"shipping-taxable","13":"purchasable","14":"product-type-variable"},"yoast_head":"<!-- This site is optimized with the Yoast SEO plugin v26.7 - https:\/\/yoast.com\/wordpress\/plugins\/seo\/ -->\n<title>Disc brake floating LEGION | Aluminium 7075 | Diameter 140mm - MARSHAL RACING &amp; LEGION BICYCLES<\/title>\n<meta name=\"description\" content=\"Faite le choix d\u2019un design exceptionnel gr\u00e2ce \u00e0 nos mod\u00e8les cadre &amp; fourche MARSHAL. Pens\u00e9 et d\u00e9cor\u00e9 en un ensemble unique.\" \/>\n<meta name=\"robots\" content=\"index, follow, max-snippet:-1, max-image-preview:large, max-video-preview:-1\" \/>\n<link rel=\"canonical\" href=\"https:\/\/www.lrbracing.com\/eu\/en\/produits\/braking-parts\/disc-brake-floating-legion-aluminium-7075-diameter-140mm\/\" \/>\n<meta property=\"og:locale\" content=\"fr_FR\" \/>\n<meta property=\"og:type\" content=\"article\" \/>\n<meta property=\"og:title\" content=\"Disc brake floating LEGION | Aluminium 7075 | Diameter 140mm - MARSHAL RACING &amp; LEGION BICYCLES\" \/>\n<meta property=\"og:description\" content=\"Faite le choix d\u2019un design exceptionnel gr\u00e2ce \u00e0 nos mod\u00e8les cadre &amp; fourche MARSHAL. Pens\u00e9 et d\u00e9cor\u00e9 en un ensemble unique.\" \/>\n<meta property=\"og:url\" content=\"https:\/\/www.lrbracing.com\/eu\/en\/produits\/braking-parts\/disc-brake-floating-legion-aluminium-7075-diameter-140mm\/\" \/>\n<meta property=\"og:site_name\" content=\"MARSHAL RACING &amp; LEGION BICYCLES\" \/>\n<meta property=\"article:modified_time\" content=\"2026-03-12T09:23:10+00:00\" \/>\n<meta property=\"og:image\" content=\"https:\/\/www.lrbracing.com\/eu\/wp-content\/uploads\/2024\/04\/image14.jpeg\" \/>\n\t<meta property=\"og:image:width\" content=\"1298\" \/>\n\t<meta property=\"og:image:height\" content=\"1298\" \/>\n\t<meta property=\"og:image:type\" content=\"image\/jpeg\" \/>\n<meta name=\"twitter:card\" content=\"summary_large_image\" \/>\n<meta name=\"twitter:label1\" content=\"Dur\u00e9e de lecture estim\u00e9e\" \/>\n\t<meta name=\"twitter:data1\" content=\"1 minute\" \/>\n<script type=\"application\/ld+json\" class=\"yoast-schema-graph\">{\"@context\":\"https:\/\/schema.org\",\"@graph\":[{\"@type\":\"WebPage\",\"@id\":\"https:\/\/www.lrbracing.com\/eu\/en\/produits\/braking-parts\/disc-brake-floating-legion-aluminium-7075-diameter-140mm\/\",\"url\":\"https:\/\/www.lrbracing.com\/eu\/en\/produits\/braking-parts\/disc-brake-floating-legion-aluminium-7075-diameter-140mm\/\",\"name\":\"Disc brake floating LEGION | Aluminium 7075 | Diameter 140mm - MARSHAL RACING &amp; LEGION BICYCLES\",\"isPartOf\":{\"@id\":\"https:\/\/www.lrbracing.com\/eu\/#website\"},\"primaryImageOfPage\":{\"@id\":\"https:\/\/www.lrbracing.com\/eu\/en\/produits\/braking-parts\/disc-brake-floating-legion-aluminium-7075-diameter-140mm\/#primaryimage\"},\"image\":{\"@id\":\"https:\/\/www.lrbracing.com\/eu\/en\/produits\/braking-parts\/disc-brake-floating-legion-aluminium-7075-diameter-140mm\/#primaryimage\"},\"thumbnailUrl\":\"https:\/\/www.lrbracing.com\/eu\/wp-content\/uploads\/2024\/04\/image14.jpeg\",\"datePublished\":\"2024-04-11T05:54:55+00:00\",\"dateModified\":\"2026-03-12T09:23:10+00:00\",\"description\":\"Faite le choix d\u2019un design exceptionnel gr\u00e2ce \u00e0 nos mod\u00e8les cadre & fourche MARSHAL. Pens\u00e9 et d\u00e9cor\u00e9 en un ensemble unique.\",\"breadcrumb\":{\"@id\":\"https:\/\/www.lrbracing.com\/eu\/en\/produits\/braking-parts\/disc-brake-floating-legion-aluminium-7075-diameter-140mm\/#breadcrumb\"},\"inLanguage\":\"fr-FR\",\"potentialAction\":[{\"@type\":\"ReadAction\",\"target\":[\"https:\/\/www.lrbracing.com\/eu\/en\/produits\/braking-parts\/disc-brake-floating-legion-aluminium-7075-diameter-140mm\/\"]}]},{\"@type\":\"ImageObject\",\"inLanguage\":\"fr-FR\",\"@id\":\"https:\/\/www.lrbracing.com\/eu\/en\/produits\/braking-parts\/disc-brake-floating-legion-aluminium-7075-diameter-140mm\/#primaryimage\",\"url\":\"https:\/\/www.lrbracing.com\/eu\/wp-content\/uploads\/2024\/04\/image14.jpeg\",\"contentUrl\":\"https:\/\/www.lrbracing.com\/eu\/wp-content\/uploads\/2024\/04\/image14.jpeg\",\"width\":1298,\"height\":1298},{\"@type\":\"BreadcrumbList\",\"@id\":\"https:\/\/www.lrbracing.com\/eu\/en\/produits\/braking-parts\/disc-brake-floating-legion-aluminium-7075-diameter-140mm\/#breadcrumb\",\"itemListElement\":[{\"@type\":\"ListItem\",\"position\":1,\"name\":\"Accueil\",\"item\":\"https:\/\/www.lrbracing.com\/eu\/\"},{\"@type\":\"ListItem\",\"position\":2,\"name\":\"Produits\",\"item\":\"https:\/\/www.lrbracing.com\/eu\/produits\/\"},{\"@type\":\"ListItem\",\"position\":3,\"name\":\"Disc brake floating LEGION | Aluminium 7075 | Diameter 140mm\"}]},{\"@type\":\"WebSite\",\"@id\":\"https:\/\/www.lrbracing.com\/eu\/#website\",\"url\":\"https:\/\/www.lrbracing.com\/eu\/\",\"name\":\"MARSHAL RACING &amp; LEGION BICYCLES\",\"description\":\"Groupe LRB RACING\",\"potentialAction\":[{\"@type\":\"SearchAction\",\"target\":{\"@type\":\"EntryPoint\",\"urlTemplate\":\"https:\/\/www.lrbracing.com\/eu\/?s={search_term_string}\"},\"query-input\":{\"@type\":\"PropertyValueSpecification\",\"valueRequired\":true,\"valueName\":\"search_term_string\"}}],\"inLanguage\":\"fr-FR\"}]}<\/script>\n<!-- \/ Yoast SEO plugin. -->","yoast_head_json":{"title":"Disc brake floating LEGION | Aluminium 7075 | Diameter 140mm - MARSHAL RACING &amp; LEGION BICYCLES","description":"Faite le choix d\u2019un design exceptionnel gr\u00e2ce \u00e0 nos mod\u00e8les cadre & fourche MARSHAL. Pens\u00e9 et d\u00e9cor\u00e9 en un ensemble unique.","robots":{"index":"index","follow":"follow","max-snippet":"max-snippet:-1","max-image-preview":"max-image-preview:large","max-video-preview":"max-video-preview:-1"},"canonical":"https:\/\/www.lrbracing.com\/eu\/en\/produits\/braking-parts\/disc-brake-floating-legion-aluminium-7075-diameter-140mm\/","og_locale":"fr_FR","og_type":"article","og_title":"Disc brake floating LEGION | Aluminium 7075 | Diameter 140mm - MARSHAL RACING &amp; LEGION BICYCLES","og_description":"Faite le choix d\u2019un design exceptionnel gr\u00e2ce \u00e0 nos mod\u00e8les cadre & fourche MARSHAL. Pens\u00e9 et d\u00e9cor\u00e9 en un ensemble unique.","og_url":"https:\/\/www.lrbracing.com\/eu\/en\/produits\/braking-parts\/disc-brake-floating-legion-aluminium-7075-diameter-140mm\/","og_site_name":"MARSHAL RACING &amp; LEGION BICYCLES","article_modified_time":"2026-03-12T09:23:10+00:00","og_image":[{"width":1298,"height":1298,"url":"https:\/\/www.lrbracing.com\/eu\/wp-content\/uploads\/2024\/04\/image14.jpeg","type":"image\/jpeg"}],"twitter_card":"summary_large_image","twitter_misc":{"Dur\u00e9e de lecture estim\u00e9e":"1 minute"},"schema":{"@context":"https:\/\/schema.org","@graph":[{"@type":"WebPage","@id":"https:\/\/www.lrbracing.com\/eu\/en\/produits\/braking-parts\/disc-brake-floating-legion-aluminium-7075-diameter-140mm\/","url":"https:\/\/www.lrbracing.com\/eu\/en\/produits\/braking-parts\/disc-brake-floating-legion-aluminium-7075-diameter-140mm\/","name":"Disc brake floating LEGION | Aluminium 7075 | Diameter 140mm - MARSHAL RACING &amp; LEGION BICYCLES","isPartOf":{"@id":"https:\/\/www.lrbracing.com\/eu\/#website"},"primaryImageOfPage":{"@id":"https:\/\/www.lrbracing.com\/eu\/en\/produits\/braking-parts\/disc-brake-floating-legion-aluminium-7075-diameter-140mm\/#primaryimage"},"image":{"@id":"https:\/\/www.lrbracing.com\/eu\/en\/produits\/braking-parts\/disc-brake-floating-legion-aluminium-7075-diameter-140mm\/#primaryimage"},"thumbnailUrl":"https:\/\/www.lrbracing.com\/eu\/wp-content\/uploads\/2024\/04\/image14.jpeg","datePublished":"2024-04-11T05:54:55+00:00","dateModified":"2026-03-12T09:23:10+00:00","description":"Faite le choix d\u2019un design exceptionnel gr\u00e2ce \u00e0 nos mod\u00e8les cadre & fourche MARSHAL. Pens\u00e9 et d\u00e9cor\u00e9 en un ensemble unique.","breadcrumb":{"@id":"https:\/\/www.lrbracing.com\/eu\/en\/produits\/braking-parts\/disc-brake-floating-legion-aluminium-7075-diameter-140mm\/#breadcrumb"},"inLanguage":"fr-FR","potentialAction":[{"@type":"ReadAction","target":["https:\/\/www.lrbracing.com\/eu\/en\/produits\/braking-parts\/disc-brake-floating-legion-aluminium-7075-diameter-140mm\/"]}]},{"@type":"ImageObject","inLanguage":"fr-FR","@id":"https:\/\/www.lrbracing.com\/eu\/en\/produits\/braking-parts\/disc-brake-floating-legion-aluminium-7075-diameter-140mm\/#primaryimage","url":"https:\/\/www.lrbracing.com\/eu\/wp-content\/uploads\/2024\/04\/image14.jpeg","contentUrl":"https:\/\/www.lrbracing.com\/eu\/wp-content\/uploads\/2024\/04\/image14.jpeg","width":1298,"height":1298},{"@type":"BreadcrumbList","@id":"https:\/\/www.lrbracing.com\/eu\/en\/produits\/braking-parts\/disc-brake-floating-legion-aluminium-7075-diameter-140mm\/#breadcrumb","itemListElement":[{"@type":"ListItem","position":1,"name":"Accueil","item":"https:\/\/www.lrbracing.com\/eu\/"},{"@type":"ListItem","position":2,"name":"Produits","item":"https:\/\/www.lrbracing.com\/eu\/produits\/"},{"@type":"ListItem","position":3,"name":"Disc brake floating LEGION | Aluminium 7075 | Diameter 140mm"}]},{"@type":"WebSite","@id":"https:\/\/www.lrbracing.com\/eu\/#website","url":"https:\/\/www.lrbracing.com\/eu\/","name":"MARSHAL RACING &amp; LEGION BICYCLES","description":"Groupe LRB RACING","potentialAction":[{"@type":"SearchAction","target":{"@type":"EntryPoint","urlTemplate":"https:\/\/www.lrbracing.com\/eu\/?s={search_term_string}"},"query-input":{"@type":"PropertyValueSpecification","valueRequired":true,"valueName":"search_term_string"}}],"inLanguage":"fr-FR"}]}},"_links":{"self":[{"href":"https:\/\/www.lrbracing.com\/eu\/wp-json\/wp\/v2\/product\/11934","targetHints":{"allow":["GET"]}}],"collection":[{"href":"https:\/\/www.lrbracing.com\/eu\/wp-json\/wp\/v2\/product"}],"about":[{"href":"https:\/\/www.lrbracing.com\/eu\/wp-json\/wp\/v2\/types\/product"}],"version-history":[{"count":2,"href":"https:\/\/www.lrbracing.com\/eu\/wp-json\/wp\/v2\/product\/11934\/revisions"}],"predecessor-version":[{"id":14205,"href":"https:\/\/www.lrbracing.com\/eu\/wp-json\/wp\/v2\/product\/11934\/revisions\/14205"}],"wp:featuredmedia":[{"embeddable":true,"href":"https:\/\/www.lrbracing.com\/eu\/wp-json\/wp\/v2\/media\/11916"}],"wp:attachment":[{"href":"https:\/\/www.lrbracing.com\/eu\/wp-json\/wp\/v2\/media?parent=11934"}],"wp:term":[{"taxonomy":"product_brand","embeddable":true,"href":"https:\/\/www.lrbracing.com\/eu\/wp-json\/wp\/v2\/product_brand?post=11934"},{"taxonomy":"product_cat","embeddable":true,"href":"https:\/\/www.lrbracing.com\/eu\/wp-json\/wp\/v2\/product_cat?post=11934"},{"taxonomy":"product_tag","embeddable":true,"href":"https:\/\/www.lrbracing.com\/eu\/wp-json\/wp\/v2\/product_tag?post=11934"}],"curies":[{"name":"wp","href":"https:\/\/api.w.org\/{rel}","templated":true}]}}