{"id":11948,"date":"2024-04-10T13:51:28","date_gmt":"2024-04-10T11:51:28","guid":{"rendered":"https:\/\/www.bmx-marshal.com\/?post_type=product&#038;p=11948"},"modified":"2026-03-19T20:59:20","modified_gmt":"2026-03-19T19:59:20","slug":"spacer-1-1-8-legion-aluminium-6061-packaging-with-10mm-x1-5mm-x1-2mm-x3","status":"publish","type":"product","link":"https:\/\/www.lrbracing.com\/eu\/en\/produits\/stem-handlebar\/spacer-1-1-8-legion-aluminium-6061-packaging-with-10mm-x1-5mm-x1-2mm-x3\/","title":{"rendered":"Spacer 1-1\/8 LEGION | Aluminium 6061 | packaging with 10mm x1 + 5mm x1 + 2mm x3"},"content":{"rendered":"\t\t<div data-elementor-type=\"wp-post\" data-elementor-id=\"11948\" class=\"elementor elementor-11948\">\n\t\t\t\t\t\t<section class=\"wd-negative-gap elementor-section elementor-top-section elementor-element elementor-element-8891a28 elementor-section-boxed elementor-section-height-default elementor-section-height-default\" data-id=\"8891a28\" data-element_type=\"section\">\n\t\t\t\t\t\t<div class=\"elementor-container elementor-column-gap-default\">\n\t\t\t\t\t<div class=\"elementor-column elementor-col-50 elementor-top-column elementor-element elementor-element-5650d3e\" data-id=\"5650d3e\" data-element_type=\"column\">\n\t\t\t<div class=\"elementor-widget-wrap elementor-element-populated\">\n\t\t\t\t\t\t<div class=\"elementor-element elementor-element-0435ded color-scheme-inherit text-left elementor-widget elementor-widget-text-editor\" data-id=\"0435ded\" data-element_type=\"widget\" data-widget_type=\"text-editor.default\">\n\t\t\t\t<div class=\"elementor-widget-container\">\n\t\t\t\t\t\t\t\t\t<ul><li><p id=\"tw-target-text\" class=\"tw-data-text tw-text-large tw-ta\" dir=\"ltr\" data-placeholder=\"Traduction\" aria-label=\"Texte traduit\" data-ved=\"2ahUKEwjNptif5NyFAxWWRKQEHb2pD3oQ3ewLegQIBRAU\"><span class=\"Y2IQFc\" lang=\"en\">Steering bushing 1-1\/8 LEGION <\/span><\/p><\/li><li><p id=\"tw-target-text\" class=\"tw-data-text tw-text-large tw-ta\" dir=\"ltr\" data-placeholder=\"Traduction\" aria-label=\"Texte traduit\" data-ved=\"2ahUKEwjNptif5NyFAxWWRKQEHb2pD3oQ3ewLegQIBRAU\"><span class=\"Y2IQFc\" lang=\"en\">Aluminum 6061 <\/span><\/p><\/li><li><p id=\"tw-target-text\" class=\"tw-data-text tw-text-large tw-ta\" dir=\"ltr\" data-placeholder=\"Traduction\" aria-label=\"Texte traduit\" data-ved=\"2ahUKEwjNptif5NyFAxWWRKQEHb2pD3oQ3ewLegQIBRAU\"><span class=\"Y2IQFc\" lang=\"en\">set with 10mm x1 + 5mm x1 + 2mm x3<\/span><\/p><\/li><\/ul>\t\t\t\t\t\t\t\t<\/div>\n\t\t\t\t<\/div>\n\t\t\t\t\t<\/div>\n\t\t<\/div>\n\t\t\t\t<div class=\"elementor-column elementor-col-50 elementor-top-column elementor-element elementor-element-8fdac36\" data-id=\"8fdac36\" data-element_type=\"column\">\n\t\t\t<div class=\"elementor-widget-wrap\">\n\t\t\t\t\t\t\t<\/div>\n\t\t<\/div>\n\t\t\t\t\t<\/div>\n\t\t<\/section>\n\t\t\t\t<\/div>\n\t\t","protected":false},"excerpt":{"rendered":"<pre id=\"tw-target-text\" class=\"tw-data-text tw-text-large tw-ta\" dir=\"ltr\" data-placeholder=\"Traduction\" data-ved=\"2ahUKEwiL69ipqfqBAxWcVKQEHdv3AQwQ3ewLegQIBxAQ\"><span class=\"Y2IQFc\" lang=\"en\">Fork cap CNC machined aluminum<\/span><\/pre>\n","protected":false},"featured_media":11945,"template":"","meta":[],"product_brand":[],"product_cat":[646],"product_tag":[],"class_list":{"0":"post-11948","1":"product","2":"type-product","3":"status-publish","4":"has-post-thumbnail","6":"product_cat-stem-handlebar","7":"product_shipping_class-colis-cadres-et-accessoires-en","9":"first","10":"instock","11":"taxable","12":"shipping-taxable","13":"purchasable","14":"product-type-variable"},"yoast_head":"<!-- This site is optimized with the Yoast SEO plugin v26.7 - https:\/\/yoast.com\/wordpress\/plugins\/seo\/ -->\n<title>Spacer 1-1\/8 LEGION | Aluminium 6061 | packaging with 10mm x1 + 5mm x1 + 2mm x3 - MARSHAL RACING &amp; LEGION BICYCLES<\/title>\n<meta name=\"description\" content=\"Faite le choix d\u2019un design exceptionnel gr\u00e2ce \u00e0 nos mod\u00e8les cadre &amp; fourche MARSHAL. Pens\u00e9 et d\u00e9cor\u00e9 en un ensemble unique.\" \/>\n<meta name=\"robots\" content=\"index, follow, max-snippet:-1, max-image-preview:large, max-video-preview:-1\" \/>\n<link rel=\"canonical\" href=\"https:\/\/www.lrbracing.com\/eu\/en\/produits\/stem-handlebar\/spacer-1-1-8-legion-aluminium-6061-packaging-with-10mm-x1-5mm-x1-2mm-x3\/\" \/>\n<meta property=\"og:locale\" content=\"fr_FR\" \/>\n<meta property=\"og:type\" content=\"article\" \/>\n<meta property=\"og:title\" content=\"Spacer 1-1\/8 LEGION | Aluminium 6061 | packaging with 10mm x1 + 5mm x1 + 2mm x3 - MARSHAL RACING &amp; LEGION BICYCLES\" \/>\n<meta property=\"og:description\" content=\"Faite le choix d\u2019un design exceptionnel gr\u00e2ce \u00e0 nos mod\u00e8les cadre &amp; fourche MARSHAL. Pens\u00e9 et d\u00e9cor\u00e9 en un ensemble unique.\" \/>\n<meta property=\"og:url\" content=\"https:\/\/www.lrbracing.com\/eu\/en\/produits\/stem-handlebar\/spacer-1-1-8-legion-aluminium-6061-packaging-with-10mm-x1-5mm-x1-2mm-x3\/\" \/>\n<meta property=\"og:site_name\" content=\"MARSHAL RACING &amp; LEGION BICYCLES\" \/>\n<meta property=\"article:modified_time\" content=\"2026-03-19T19:59:20+00:00\" \/>\n<meta property=\"og:image\" content=\"https:\/\/www.lrbracing.com\/eu\/wp-content\/uploads\/2024\/04\/image11.jpg\" \/>\n\t<meta property=\"og:image:width\" content=\"1000\" \/>\n\t<meta property=\"og:image:height\" content=\"1000\" \/>\n\t<meta property=\"og:image:type\" content=\"image\/jpeg\" \/>\n<meta name=\"twitter:card\" content=\"summary_large_image\" \/>\n<meta name=\"twitter:label1\" content=\"Dur\u00e9e de lecture estim\u00e9e\" \/>\n\t<meta name=\"twitter:data1\" content=\"1 minute\" \/>\n<script type=\"application\/ld+json\" class=\"yoast-schema-graph\">{\"@context\":\"https:\/\/schema.org\",\"@graph\":[{\"@type\":\"WebPage\",\"@id\":\"https:\/\/www.lrbracing.com\/eu\/en\/produits\/stem-handlebar\/spacer-1-1-8-legion-aluminium-6061-packaging-with-10mm-x1-5mm-x1-2mm-x3\/\",\"url\":\"https:\/\/www.lrbracing.com\/eu\/en\/produits\/stem-handlebar\/spacer-1-1-8-legion-aluminium-6061-packaging-with-10mm-x1-5mm-x1-2mm-x3\/\",\"name\":\"Spacer 1-1\/8 LEGION | Aluminium 6061 | packaging with 10mm x1 + 5mm x1 + 2mm x3 - MARSHAL RACING &amp; LEGION BICYCLES\",\"isPartOf\":{\"@id\":\"https:\/\/www.lrbracing.com\/eu\/#website\"},\"primaryImageOfPage\":{\"@id\":\"https:\/\/www.lrbracing.com\/eu\/en\/produits\/stem-handlebar\/spacer-1-1-8-legion-aluminium-6061-packaging-with-10mm-x1-5mm-x1-2mm-x3\/#primaryimage\"},\"image\":{\"@id\":\"https:\/\/www.lrbracing.com\/eu\/en\/produits\/stem-handlebar\/spacer-1-1-8-legion-aluminium-6061-packaging-with-10mm-x1-5mm-x1-2mm-x3\/#primaryimage\"},\"thumbnailUrl\":\"https:\/\/www.lrbracing.com\/eu\/wp-content\/uploads\/2024\/04\/image11.jpg\",\"datePublished\":\"2024-04-10T11:51:28+00:00\",\"dateModified\":\"2026-03-19T19:59:20+00:00\",\"description\":\"Faite le choix d\u2019un design exceptionnel gr\u00e2ce \u00e0 nos mod\u00e8les cadre & fourche MARSHAL. Pens\u00e9 et d\u00e9cor\u00e9 en un ensemble unique.\",\"breadcrumb\":{\"@id\":\"https:\/\/www.lrbracing.com\/eu\/en\/produits\/stem-handlebar\/spacer-1-1-8-legion-aluminium-6061-packaging-with-10mm-x1-5mm-x1-2mm-x3\/#breadcrumb\"},\"inLanguage\":\"fr-FR\",\"potentialAction\":[{\"@type\":\"ReadAction\",\"target\":[\"https:\/\/www.lrbracing.com\/eu\/en\/produits\/stem-handlebar\/spacer-1-1-8-legion-aluminium-6061-packaging-with-10mm-x1-5mm-x1-2mm-x3\/\"]}]},{\"@type\":\"ImageObject\",\"inLanguage\":\"fr-FR\",\"@id\":\"https:\/\/www.lrbracing.com\/eu\/en\/produits\/stem-handlebar\/spacer-1-1-8-legion-aluminium-6061-packaging-with-10mm-x1-5mm-x1-2mm-x3\/#primaryimage\",\"url\":\"https:\/\/www.lrbracing.com\/eu\/wp-content\/uploads\/2024\/04\/image11.jpg\",\"contentUrl\":\"https:\/\/www.lrbracing.com\/eu\/wp-content\/uploads\/2024\/04\/image11.jpg\",\"width\":1000,\"height\":1000},{\"@type\":\"BreadcrumbList\",\"@id\":\"https:\/\/www.lrbracing.com\/eu\/en\/produits\/stem-handlebar\/spacer-1-1-8-legion-aluminium-6061-packaging-with-10mm-x1-5mm-x1-2mm-x3\/#breadcrumb\",\"itemListElement\":[{\"@type\":\"ListItem\",\"position\":1,\"name\":\"Accueil\",\"item\":\"https:\/\/www.lrbracing.com\/eu\/\"},{\"@type\":\"ListItem\",\"position\":2,\"name\":\"Produits\",\"item\":\"https:\/\/www.lrbracing.com\/eu\/produits\/\"},{\"@type\":\"ListItem\",\"position\":3,\"name\":\"Spacer 1-1\/8 LEGION | Aluminium 6061 | packaging with 10mm x1 + 5mm x1 + 2mm x3\"}]},{\"@type\":\"WebSite\",\"@id\":\"https:\/\/www.lrbracing.com\/eu\/#website\",\"url\":\"https:\/\/www.lrbracing.com\/eu\/\",\"name\":\"MARSHAL RACING &amp; LEGION BICYCLES\",\"description\":\"Groupe LRB RACING\",\"potentialAction\":[{\"@type\":\"SearchAction\",\"target\":{\"@type\":\"EntryPoint\",\"urlTemplate\":\"https:\/\/www.lrbracing.com\/eu\/?s={search_term_string}\"},\"query-input\":{\"@type\":\"PropertyValueSpecification\",\"valueRequired\":true,\"valueName\":\"search_term_string\"}}],\"inLanguage\":\"fr-FR\"}]}<\/script>\n<!-- \/ Yoast SEO plugin. -->","yoast_head_json":{"title":"Spacer 1-1\/8 LEGION | Aluminium 6061 | packaging with 10mm x1 + 5mm x1 + 2mm x3 - MARSHAL RACING &amp; LEGION BICYCLES","description":"Faite le choix d\u2019un design exceptionnel gr\u00e2ce \u00e0 nos mod\u00e8les cadre & fourche MARSHAL. Pens\u00e9 et d\u00e9cor\u00e9 en un ensemble unique.","robots":{"index":"index","follow":"follow","max-snippet":"max-snippet:-1","max-image-preview":"max-image-preview:large","max-video-preview":"max-video-preview:-1"},"canonical":"https:\/\/www.lrbracing.com\/eu\/en\/produits\/stem-handlebar\/spacer-1-1-8-legion-aluminium-6061-packaging-with-10mm-x1-5mm-x1-2mm-x3\/","og_locale":"fr_FR","og_type":"article","og_title":"Spacer 1-1\/8 LEGION | Aluminium 6061 | packaging with 10mm x1 + 5mm x1 + 2mm x3 - MARSHAL RACING &amp; LEGION BICYCLES","og_description":"Faite le choix d\u2019un design exceptionnel gr\u00e2ce \u00e0 nos mod\u00e8les cadre & fourche MARSHAL. Pens\u00e9 et d\u00e9cor\u00e9 en un ensemble unique.","og_url":"https:\/\/www.lrbracing.com\/eu\/en\/produits\/stem-handlebar\/spacer-1-1-8-legion-aluminium-6061-packaging-with-10mm-x1-5mm-x1-2mm-x3\/","og_site_name":"MARSHAL RACING &amp; LEGION BICYCLES","article_modified_time":"2026-03-19T19:59:20+00:00","og_image":[{"width":1000,"height":1000,"url":"https:\/\/www.lrbracing.com\/eu\/wp-content\/uploads\/2024\/04\/image11.jpg","type":"image\/jpeg"}],"twitter_card":"summary_large_image","twitter_misc":{"Dur\u00e9e de lecture estim\u00e9e":"1 minute"},"schema":{"@context":"https:\/\/schema.org","@graph":[{"@type":"WebPage","@id":"https:\/\/www.lrbracing.com\/eu\/en\/produits\/stem-handlebar\/spacer-1-1-8-legion-aluminium-6061-packaging-with-10mm-x1-5mm-x1-2mm-x3\/","url":"https:\/\/www.lrbracing.com\/eu\/en\/produits\/stem-handlebar\/spacer-1-1-8-legion-aluminium-6061-packaging-with-10mm-x1-5mm-x1-2mm-x3\/","name":"Spacer 1-1\/8 LEGION | Aluminium 6061 | packaging with 10mm x1 + 5mm x1 + 2mm x3 - MARSHAL RACING &amp; LEGION BICYCLES","isPartOf":{"@id":"https:\/\/www.lrbracing.com\/eu\/#website"},"primaryImageOfPage":{"@id":"https:\/\/www.lrbracing.com\/eu\/en\/produits\/stem-handlebar\/spacer-1-1-8-legion-aluminium-6061-packaging-with-10mm-x1-5mm-x1-2mm-x3\/#primaryimage"},"image":{"@id":"https:\/\/www.lrbracing.com\/eu\/en\/produits\/stem-handlebar\/spacer-1-1-8-legion-aluminium-6061-packaging-with-10mm-x1-5mm-x1-2mm-x3\/#primaryimage"},"thumbnailUrl":"https:\/\/www.lrbracing.com\/eu\/wp-content\/uploads\/2024\/04\/image11.jpg","datePublished":"2024-04-10T11:51:28+00:00","dateModified":"2026-03-19T19:59:20+00:00","description":"Faite le choix d\u2019un design exceptionnel gr\u00e2ce \u00e0 nos mod\u00e8les cadre & fourche MARSHAL. Pens\u00e9 et d\u00e9cor\u00e9 en un ensemble unique.","breadcrumb":{"@id":"https:\/\/www.lrbracing.com\/eu\/en\/produits\/stem-handlebar\/spacer-1-1-8-legion-aluminium-6061-packaging-with-10mm-x1-5mm-x1-2mm-x3\/#breadcrumb"},"inLanguage":"fr-FR","potentialAction":[{"@type":"ReadAction","target":["https:\/\/www.lrbracing.com\/eu\/en\/produits\/stem-handlebar\/spacer-1-1-8-legion-aluminium-6061-packaging-with-10mm-x1-5mm-x1-2mm-x3\/"]}]},{"@type":"ImageObject","inLanguage":"fr-FR","@id":"https:\/\/www.lrbracing.com\/eu\/en\/produits\/stem-handlebar\/spacer-1-1-8-legion-aluminium-6061-packaging-with-10mm-x1-5mm-x1-2mm-x3\/#primaryimage","url":"https:\/\/www.lrbracing.com\/eu\/wp-content\/uploads\/2024\/04\/image11.jpg","contentUrl":"https:\/\/www.lrbracing.com\/eu\/wp-content\/uploads\/2024\/04\/image11.jpg","width":1000,"height":1000},{"@type":"BreadcrumbList","@id":"https:\/\/www.lrbracing.com\/eu\/en\/produits\/stem-handlebar\/spacer-1-1-8-legion-aluminium-6061-packaging-with-10mm-x1-5mm-x1-2mm-x3\/#breadcrumb","itemListElement":[{"@type":"ListItem","position":1,"name":"Accueil","item":"https:\/\/www.lrbracing.com\/eu\/"},{"@type":"ListItem","position":2,"name":"Produits","item":"https:\/\/www.lrbracing.com\/eu\/produits\/"},{"@type":"ListItem","position":3,"name":"Spacer 1-1\/8 LEGION | Aluminium 6061 | packaging with 10mm x1 + 5mm x1 + 2mm x3"}]},{"@type":"WebSite","@id":"https:\/\/www.lrbracing.com\/eu\/#website","url":"https:\/\/www.lrbracing.com\/eu\/","name":"MARSHAL RACING &amp; LEGION BICYCLES","description":"Groupe LRB RACING","potentialAction":[{"@type":"SearchAction","target":{"@type":"EntryPoint","urlTemplate":"https:\/\/www.lrbracing.com\/eu\/?s={search_term_string}"},"query-input":{"@type":"PropertyValueSpecification","valueRequired":true,"valueName":"search_term_string"}}],"inLanguage":"fr-FR"}]}},"_links":{"self":[{"href":"https:\/\/www.lrbracing.com\/eu\/wp-json\/wp\/v2\/product\/11948","targetHints":{"allow":["GET"]}}],"collection":[{"href":"https:\/\/www.lrbracing.com\/eu\/wp-json\/wp\/v2\/product"}],"about":[{"href":"https:\/\/www.lrbracing.com\/eu\/wp-json\/wp\/v2\/types\/product"}],"version-history":[{"count":2,"href":"https:\/\/www.lrbracing.com\/eu\/wp-json\/wp\/v2\/product\/11948\/revisions"}],"predecessor-version":[{"id":16874,"href":"https:\/\/www.lrbracing.com\/eu\/wp-json\/wp\/v2\/product\/11948\/revisions\/16874"}],"wp:featuredmedia":[{"embeddable":true,"href":"https:\/\/www.lrbracing.com\/eu\/wp-json\/wp\/v2\/media\/11945"}],"wp:attachment":[{"href":"https:\/\/www.lrbracing.com\/eu\/wp-json\/wp\/v2\/media?parent=11948"}],"wp:term":[{"taxonomy":"product_brand","embeddable":true,"href":"https:\/\/www.lrbracing.com\/eu\/wp-json\/wp\/v2\/product_brand?post=11948"},{"taxonomy":"product_cat","embeddable":true,"href":"https:\/\/www.lrbracing.com\/eu\/wp-json\/wp\/v2\/product_cat?post=11948"},{"taxonomy":"product_tag","embeddable":true,"href":"https:\/\/www.lrbracing.com\/eu\/wp-json\/wp\/v2\/product_tag?post=11948"}],"curies":[{"name":"wp","href":"https:\/\/api.w.org\/{rel}","templated":true}]}}