{"id":12479,"date":"2024-04-10T13:31:45","date_gmt":"2024-04-10T11:31:45","guid":{"rendered":"https:\/\/www.lrbracing.com\/?post_type=product&#038;p=12479"},"modified":"2026-03-12T10:57:57","modified_gmt":"2026-03-12T09:57:57","slug":"aluminum-wheelsets-20-x-1-3-8-legion-supercross-color-black","status":"publish","type":"product","link":"https:\/\/www.lrbracing.com\/eu\/en\/produits\/aluminum-wheelsets\/aluminum-wheelsets-20-x-1-3-8-legion-supercross-color-black\/","title":{"rendered":"Aluminum wheelsets 20 x 1-3\/8  LEGION &#8211; Color Black"},"content":{"rendered":"<h4>Paire de roues ALUMINIUM MARSHAL , probablement les roues les plus l\u00e9g\u00e8res du march\u00e9!<\/h4>\n<p>Taille en 20 x 1-3\/8, compatible sur les BMX \u00e0 partir des tailles Mini, pour des pneus allant de 1.1:8 et jusqu&#8217;\u00e0 1.3:8<\/p>\n<p><strong>Photo non contractuelle.\u00a0<\/strong><\/p>\n<h5>ROUE AVANT:<\/h5>\n<ul>\n<li>Jantes: Aluminium avec un profil de 30 mm de hauteur, et 21 mm de largeur &#8211; 36H<\/li>\n<li>Rayons: Sapim\u00ae lead \u00e9tir\u00e9 NOIR, mono \u00e9paisseur 2.0 mm, \u00e9crous en Polyax Noir <img decoding=\"async\" class=\"alignnone wp-image-2445\" style=\"color: #333333; font-size: 16px;\" src=\"https:\/\/www.bmx-marshal.com\/wp-content\/uploads\/2020\/10\/medium200823.png\" alt=\"\" width=\"56\" height=\"28\" \/><\/li>\n<li>Moyeu LEGION: roulements scell\u00e9s &#8211; 36H<\/li>\n<li>Axe traversant de 20 mm (possibilit\u00e9 d&#8217;acheter adaptateur en 10mm)<\/li>\n<\/ul>\n<h5>ROUE ARRI\u00c8RE:<\/h5>\n<ul>\n<li>Jante: Aluminium\u00a0 avec un profil de 30 mm de hauteur, et 21 mm de largeur &#8211; 36H (<strong>SANS BANDE DE FREINAGE<\/strong>)<\/li>\n<li>Rayons: Sapim\u00ae lead \u00e9tir\u00e9 NOIR, mono \u00e9paisseur 2.0 mm, \u00e9crous en Polyax Noir <img decoding=\"async\" class=\"alignnone wp-image-2445\" src=\"https:\/\/www.bmx-marshal.com\/wp-content\/uploads\/2020\/10\/medium200823.png\" alt=\"\" width=\"56\" height=\"28\" \/><\/li>\n<li>Moyeu LEGION: Alu 7075 roulements scell\u00e9s &#8211; 36H &#8211; Axe creux &#8211; 6 cliquets &#8211; 60 Ratchets procurant 180 points d&#8217;engagement (le meilleur compromis entre performance et solidit\u00e9)<\/li>\n<li>Axe femelle alu de 10 mm<\/li>\n<li>Emplacement pour installer un frein \u00e0 disque<\/li>\n<li>Systeme cassette pour couronne<\/li>\n<\/ul>\n<h6>Livr\u00e9e avec les fonds de jantes et couronne de 16T.<\/h6>\n","protected":false},"excerpt":{"rendered":"<p>Paire de roues ALUMINIUM MARSHAL , probablement les roues les plus l\u00e9g\u00e8res du march\u00e9! Taille en 20 x 1-3\/8, compatible<\/p>\n","protected":false},"featured_media":12504,"template":"","meta":[],"product_brand":[],"product_cat":[817],"product_tag":[],"class_list":{"0":"post-12479","1":"product","2":"type-product","3":"status-publish","4":"has-post-thumbnail","6":"product_cat-aluminum-wheelsets","7":"product_shipping_class-colis-cadres-et-accessoires-en","9":"first","10":"instock","11":"taxable","12":"shipping-taxable","13":"purchasable","14":"product-type-variable"},"yoast_head":"<!-- This site is optimized with the Yoast SEO plugin v26.7 - https:\/\/yoast.com\/wordpress\/plugins\/seo\/ -->\n<title>Aluminum wheelsets 20 x 1-3\/8 LEGION - Color Black - MARSHAL RACING &amp; LEGION BICYCLES<\/title>\n<meta name=\"description\" content=\"Paire de roues CARBONE MARSHAL SUPERCROSS, probablement les plus l\u00e9g\u00e8re du march\u00e9! Moyeu MARSHAL T150 procurant 150 points d&#039;engagement\" \/>\n<meta name=\"robots\" content=\"index, follow, max-snippet:-1, max-image-preview:large, max-video-preview:-1\" \/>\n<link rel=\"canonical\" href=\"https:\/\/www.lrbracing.com\/eu\/en\/produits\/aluminum-wheelsets\/aluminum-wheelsets-20-x-1-3-8-legion-supercross-color-black\/\" \/>\n<meta property=\"og:locale\" content=\"fr_FR\" \/>\n<meta property=\"og:type\" content=\"article\" \/>\n<meta property=\"og:title\" content=\"Aluminum wheelsets 20 x 1-3\/8 LEGION - Color Black - MARSHAL RACING &amp; LEGION BICYCLES\" \/>\n<meta property=\"og:description\" content=\"Paire de roues CARBONE MARSHAL SUPERCROSS, probablement les plus l\u00e9g\u00e8re du march\u00e9! Moyeu MARSHAL T150 procurant 150 points d&#039;engagement\" \/>\n<meta property=\"og:url\" content=\"https:\/\/www.lrbracing.com\/eu\/en\/produits\/aluminum-wheelsets\/aluminum-wheelsets-20-x-1-3-8-legion-supercross-color-black\/\" \/>\n<meta property=\"og:site_name\" content=\"MARSHAL RACING &amp; LEGION BICYCLES\" \/>\n<meta property=\"article:modified_time\" content=\"2026-03-12T09:57:57+00:00\" \/>\n<meta property=\"og:image\" content=\"https:\/\/www.lrbracing.com\/eu\/wp-content\/uploads\/2024\/04\/451-NOIR.jpg\" \/>\n\t<meta property=\"og:image:width\" content=\"1000\" \/>\n\t<meta property=\"og:image:height\" content=\"1000\" \/>\n\t<meta property=\"og:image:type\" content=\"image\/jpeg\" \/>\n<meta name=\"twitter:card\" content=\"summary_large_image\" \/>\n<meta name=\"twitter:label1\" content=\"Dur\u00e9e de lecture estim\u00e9e\" \/>\n\t<meta name=\"twitter:data1\" content=\"2 minutes\" \/>\n<script type=\"application\/ld+json\" class=\"yoast-schema-graph\">{\"@context\":\"https:\/\/schema.org\",\"@graph\":[{\"@type\":\"WebPage\",\"@id\":\"https:\/\/www.lrbracing.com\/eu\/en\/produits\/aluminum-wheelsets\/aluminum-wheelsets-20-x-1-3-8-legion-supercross-color-black\/\",\"url\":\"https:\/\/www.lrbracing.com\/eu\/en\/produits\/aluminum-wheelsets\/aluminum-wheelsets-20-x-1-3-8-legion-supercross-color-black\/\",\"name\":\"Aluminum wheelsets 20 x 1-3\/8 LEGION - Color Black - MARSHAL RACING &amp; LEGION BICYCLES\",\"isPartOf\":{\"@id\":\"https:\/\/www.lrbracing.com\/eu\/#website\"},\"primaryImageOfPage\":{\"@id\":\"https:\/\/www.lrbracing.com\/eu\/en\/produits\/aluminum-wheelsets\/aluminum-wheelsets-20-x-1-3-8-legion-supercross-color-black\/#primaryimage\"},\"image\":{\"@id\":\"https:\/\/www.lrbracing.com\/eu\/en\/produits\/aluminum-wheelsets\/aluminum-wheelsets-20-x-1-3-8-legion-supercross-color-black\/#primaryimage\"},\"thumbnailUrl\":\"https:\/\/www.lrbracing.com\/eu\/wp-content\/uploads\/2024\/04\/451-NOIR.jpg\",\"datePublished\":\"2024-04-10T11:31:45+00:00\",\"dateModified\":\"2026-03-12T09:57:57+00:00\",\"description\":\"Paire de roues CARBONE MARSHAL SUPERCROSS, probablement les plus l\u00e9g\u00e8re du march\u00e9! Moyeu MARSHAL T150 procurant 150 points d'engagement\",\"breadcrumb\":{\"@id\":\"https:\/\/www.lrbracing.com\/eu\/en\/produits\/aluminum-wheelsets\/aluminum-wheelsets-20-x-1-3-8-legion-supercross-color-black\/#breadcrumb\"},\"inLanguage\":\"fr-FR\",\"potentialAction\":[{\"@type\":\"ReadAction\",\"target\":[\"https:\/\/www.lrbracing.com\/eu\/en\/produits\/aluminum-wheelsets\/aluminum-wheelsets-20-x-1-3-8-legion-supercross-color-black\/\"]}]},{\"@type\":\"ImageObject\",\"inLanguage\":\"fr-FR\",\"@id\":\"https:\/\/www.lrbracing.com\/eu\/en\/produits\/aluminum-wheelsets\/aluminum-wheelsets-20-x-1-3-8-legion-supercross-color-black\/#primaryimage\",\"url\":\"https:\/\/www.lrbracing.com\/eu\/wp-content\/uploads\/2024\/04\/451-NOIR.jpg\",\"contentUrl\":\"https:\/\/www.lrbracing.com\/eu\/wp-content\/uploads\/2024\/04\/451-NOIR.jpg\",\"width\":1000,\"height\":1000},{\"@type\":\"BreadcrumbList\",\"@id\":\"https:\/\/www.lrbracing.com\/eu\/en\/produits\/aluminum-wheelsets\/aluminum-wheelsets-20-x-1-3-8-legion-supercross-color-black\/#breadcrumb\",\"itemListElement\":[{\"@type\":\"ListItem\",\"position\":1,\"name\":\"Accueil\",\"item\":\"https:\/\/www.lrbracing.com\/eu\/\"},{\"@type\":\"ListItem\",\"position\":2,\"name\":\"Produits\",\"item\":\"https:\/\/www.lrbracing.com\/eu\/produits\/\"},{\"@type\":\"ListItem\",\"position\":3,\"name\":\"Aluminum wheelsets 20 x 1-3\/8 LEGION &#8211; Color Black\"}]},{\"@type\":\"WebSite\",\"@id\":\"https:\/\/www.lrbracing.com\/eu\/#website\",\"url\":\"https:\/\/www.lrbracing.com\/eu\/\",\"name\":\"MARSHAL RACING &amp; LEGION BICYCLES\",\"description\":\"Groupe LRB RACING\",\"potentialAction\":[{\"@type\":\"SearchAction\",\"target\":{\"@type\":\"EntryPoint\",\"urlTemplate\":\"https:\/\/www.lrbracing.com\/eu\/?s={search_term_string}\"},\"query-input\":{\"@type\":\"PropertyValueSpecification\",\"valueRequired\":true,\"valueName\":\"search_term_string\"}}],\"inLanguage\":\"fr-FR\"}]}<\/script>\n<!-- \/ Yoast SEO plugin. -->","yoast_head_json":{"title":"Aluminum wheelsets 20 x 1-3\/8 LEGION - Color Black - MARSHAL RACING &amp; LEGION BICYCLES","description":"Paire de roues CARBONE MARSHAL SUPERCROSS, probablement les plus l\u00e9g\u00e8re du march\u00e9! Moyeu MARSHAL T150 procurant 150 points d'engagement","robots":{"index":"index","follow":"follow","max-snippet":"max-snippet:-1","max-image-preview":"max-image-preview:large","max-video-preview":"max-video-preview:-1"},"canonical":"https:\/\/www.lrbracing.com\/eu\/en\/produits\/aluminum-wheelsets\/aluminum-wheelsets-20-x-1-3-8-legion-supercross-color-black\/","og_locale":"fr_FR","og_type":"article","og_title":"Aluminum wheelsets 20 x 1-3\/8 LEGION - Color Black - MARSHAL RACING &amp; LEGION BICYCLES","og_description":"Paire de roues CARBONE MARSHAL SUPERCROSS, probablement les plus l\u00e9g\u00e8re du march\u00e9! Moyeu MARSHAL T150 procurant 150 points d'engagement","og_url":"https:\/\/www.lrbracing.com\/eu\/en\/produits\/aluminum-wheelsets\/aluminum-wheelsets-20-x-1-3-8-legion-supercross-color-black\/","og_site_name":"MARSHAL RACING &amp; LEGION BICYCLES","article_modified_time":"2026-03-12T09:57:57+00:00","og_image":[{"width":1000,"height":1000,"url":"https:\/\/www.lrbracing.com\/eu\/wp-content\/uploads\/2024\/04\/451-NOIR.jpg","type":"image\/jpeg"}],"twitter_card":"summary_large_image","twitter_misc":{"Dur\u00e9e de lecture estim\u00e9e":"2 minutes"},"schema":{"@context":"https:\/\/schema.org","@graph":[{"@type":"WebPage","@id":"https:\/\/www.lrbracing.com\/eu\/en\/produits\/aluminum-wheelsets\/aluminum-wheelsets-20-x-1-3-8-legion-supercross-color-black\/","url":"https:\/\/www.lrbracing.com\/eu\/en\/produits\/aluminum-wheelsets\/aluminum-wheelsets-20-x-1-3-8-legion-supercross-color-black\/","name":"Aluminum wheelsets 20 x 1-3\/8 LEGION - Color Black - MARSHAL RACING &amp; LEGION BICYCLES","isPartOf":{"@id":"https:\/\/www.lrbracing.com\/eu\/#website"},"primaryImageOfPage":{"@id":"https:\/\/www.lrbracing.com\/eu\/en\/produits\/aluminum-wheelsets\/aluminum-wheelsets-20-x-1-3-8-legion-supercross-color-black\/#primaryimage"},"image":{"@id":"https:\/\/www.lrbracing.com\/eu\/en\/produits\/aluminum-wheelsets\/aluminum-wheelsets-20-x-1-3-8-legion-supercross-color-black\/#primaryimage"},"thumbnailUrl":"https:\/\/www.lrbracing.com\/eu\/wp-content\/uploads\/2024\/04\/451-NOIR.jpg","datePublished":"2024-04-10T11:31:45+00:00","dateModified":"2026-03-12T09:57:57+00:00","description":"Paire de roues CARBONE MARSHAL SUPERCROSS, probablement les plus l\u00e9g\u00e8re du march\u00e9! Moyeu MARSHAL T150 procurant 150 points d'engagement","breadcrumb":{"@id":"https:\/\/www.lrbracing.com\/eu\/en\/produits\/aluminum-wheelsets\/aluminum-wheelsets-20-x-1-3-8-legion-supercross-color-black\/#breadcrumb"},"inLanguage":"fr-FR","potentialAction":[{"@type":"ReadAction","target":["https:\/\/www.lrbracing.com\/eu\/en\/produits\/aluminum-wheelsets\/aluminum-wheelsets-20-x-1-3-8-legion-supercross-color-black\/"]}]},{"@type":"ImageObject","inLanguage":"fr-FR","@id":"https:\/\/www.lrbracing.com\/eu\/en\/produits\/aluminum-wheelsets\/aluminum-wheelsets-20-x-1-3-8-legion-supercross-color-black\/#primaryimage","url":"https:\/\/www.lrbracing.com\/eu\/wp-content\/uploads\/2024\/04\/451-NOIR.jpg","contentUrl":"https:\/\/www.lrbracing.com\/eu\/wp-content\/uploads\/2024\/04\/451-NOIR.jpg","width":1000,"height":1000},{"@type":"BreadcrumbList","@id":"https:\/\/www.lrbracing.com\/eu\/en\/produits\/aluminum-wheelsets\/aluminum-wheelsets-20-x-1-3-8-legion-supercross-color-black\/#breadcrumb","itemListElement":[{"@type":"ListItem","position":1,"name":"Accueil","item":"https:\/\/www.lrbracing.com\/eu\/"},{"@type":"ListItem","position":2,"name":"Produits","item":"https:\/\/www.lrbracing.com\/eu\/produits\/"},{"@type":"ListItem","position":3,"name":"Aluminum wheelsets 20 x 1-3\/8 LEGION &#8211; Color Black"}]},{"@type":"WebSite","@id":"https:\/\/www.lrbracing.com\/eu\/#website","url":"https:\/\/www.lrbracing.com\/eu\/","name":"MARSHAL RACING &amp; LEGION BICYCLES","description":"Groupe LRB RACING","potentialAction":[{"@type":"SearchAction","target":{"@type":"EntryPoint","urlTemplate":"https:\/\/www.lrbracing.com\/eu\/?s={search_term_string}"},"query-input":{"@type":"PropertyValueSpecification","valueRequired":true,"valueName":"search_term_string"}}],"inLanguage":"fr-FR"}]}},"_links":{"self":[{"href":"https:\/\/www.lrbracing.com\/eu\/wp-json\/wp\/v2\/product\/12479","targetHints":{"allow":["GET"]}}],"collection":[{"href":"https:\/\/www.lrbracing.com\/eu\/wp-json\/wp\/v2\/product"}],"about":[{"href":"https:\/\/www.lrbracing.com\/eu\/wp-json\/wp\/v2\/types\/product"}],"version-history":[{"count":4,"href":"https:\/\/www.lrbracing.com\/eu\/wp-json\/wp\/v2\/product\/12479\/revisions"}],"predecessor-version":[{"id":15892,"href":"https:\/\/www.lrbracing.com\/eu\/wp-json\/wp\/v2\/product\/12479\/revisions\/15892"}],"wp:featuredmedia":[{"embeddable":true,"href":"https:\/\/www.lrbracing.com\/eu\/wp-json\/wp\/v2\/media\/12504"}],"wp:attachment":[{"href":"https:\/\/www.lrbracing.com\/eu\/wp-json\/wp\/v2\/media?parent=12479"}],"wp:term":[{"taxonomy":"product_brand","embeddable":true,"href":"https:\/\/www.lrbracing.com\/eu\/wp-json\/wp\/v2\/product_brand?post=12479"},{"taxonomy":"product_cat","embeddable":true,"href":"https:\/\/www.lrbracing.com\/eu\/wp-json\/wp\/v2\/product_cat?post=12479"},{"taxonomy":"product_tag","embeddable":true,"href":"https:\/\/www.lrbracing.com\/eu\/wp-json\/wp\/v2\/product_tag?post=12479"}],"curies":[{"name":"wp","href":"https:\/\/api.w.org\/{rel}","templated":true}]}}