{"id":15325,"date":"2025-04-08T16:52:01","date_gmt":"2025-04-08T14:52:01","guid":{"rendered":"https:\/\/www.lrbracing.com\/?post_type=product&#038;p=15325"},"modified":"2026-02-22T20:04:48","modified_gmt":"2026-02-22T19:04:48","slug":"wheel-for-marshal-chain-tensioner-compatible-with-all-tensioners-of-the-brand","status":"publish","type":"product","link":"https:\/\/www.lrbracing.com\/eu\/en\/produits\/accessories\/wheel-for-marshal-chain-tensioner-compatible-with-all-tensioners-of-the-brand\/","title":{"rendered":"Wheel for MARSHAL chain tensioner (compatible with all tensioners of the brand)"},"content":{"rendered":"\t\t<div data-elementor-type=\"wp-post\" data-elementor-id=\"15325\" class=\"elementor elementor-15325\">\n\t\t\t\t\t\t<section class=\"wd-negative-gap elementor-section elementor-top-section elementor-element elementor-element-8891a28 elementor-section-boxed elementor-section-height-default elementor-section-height-default\" data-id=\"8891a28\" data-element_type=\"section\">\n\t\t\t\t\t\t<div class=\"elementor-container elementor-column-gap-default\">\n\t\t\t\t\t<div class=\"elementor-column elementor-col-100 elementor-top-column elementor-element elementor-element-5650d3e\" data-id=\"5650d3e\" data-element_type=\"column\">\n\t\t\t<div class=\"elementor-widget-wrap elementor-element-populated\">\n\t\t\t\t\t\t<div class=\"elementor-element elementor-element-0435ded color-scheme-inherit text-left elementor-widget elementor-widget-text-editor\" data-id=\"0435ded\" data-element_type=\"widget\" data-widget_type=\"text-editor.default\">\n\t\t\t\t<div class=\"elementor-widget-container\">\n\t\t\t\t\t\t\t\t\t<h3>Wheel for CHAIN TENSIONER MARSHAL RACING<\/h3><blockquote><p>Smooth pedaling, maximum power!<\/p><p>Our new chain tensioner with ball bearings eliminates all resistance.<br \/>Choose performance, choose the best!<\/p><\/blockquote>\t\t\t\t\t\t\t\t<\/div>\n\t\t\t\t<\/div>\n\t\t\t\t\t<\/div>\n\t\t<\/div>\n\t\t\t\t\t<\/div>\n\t\t<\/section>\n\t\t\t\t<\/div>\n\t\t","protected":false},"excerpt":{"rendered":"<p>Wheel for CHAIN TENSIONER MARSHAL RACING Smooth pedaling, maximum power! Our new chain tensioner with ball bearings eliminates all resistance.<\/p>\n","protected":false},"featured_media":15305,"template":"","meta":[],"product_brand":[],"product_cat":[183,704],"product_tag":[],"class_list":{"0":"post-15325","1":"product","2":"type-product","3":"status-publish","4":"has-post-thumbnail","6":"product_cat-accessories","7":"product_cat-drivetrain","8":"product_shipping_class-colis-cadres-et-accessoires-en","10":"first","11":"instock","12":"taxable","13":"shipping-taxable","14":"purchasable","15":"product-type-variable"},"yoast_head":"<!-- This site is optimized with the Yoast SEO plugin v26.7 - https:\/\/yoast.com\/wordpress\/plugins\/seo\/ -->\n<title>Wheel for MARSHAL chain tensioner (compatible with all tensioners of the brand) - MARSHAL RACING &amp; LEGION BICYCLES<\/title>\n<meta name=\"description\" content=\"Faite le choix d\u2019un design exceptionnel gr\u00e2ce \u00e0 nos mod\u00e8les cadre &amp; fourche MARSHAL. Pens\u00e9 et d\u00e9cor\u00e9 en un ensemble unique.\" \/>\n<meta name=\"robots\" content=\"index, follow, max-snippet:-1, max-image-preview:large, max-video-preview:-1\" \/>\n<link rel=\"canonical\" href=\"https:\/\/www.lrbracing.com\/eu\/en\/produits\/accessories\/wheel-for-marshal-chain-tensioner-compatible-with-all-tensioners-of-the-brand\/\" \/>\n<meta property=\"og:locale\" content=\"fr_FR\" \/>\n<meta property=\"og:type\" content=\"article\" \/>\n<meta property=\"og:title\" content=\"Wheel for MARSHAL chain tensioner (compatible with all tensioners of the brand) - MARSHAL RACING &amp; LEGION BICYCLES\" \/>\n<meta property=\"og:description\" content=\"Faite le choix d\u2019un design exceptionnel gr\u00e2ce \u00e0 nos mod\u00e8les cadre &amp; fourche MARSHAL. Pens\u00e9 et d\u00e9cor\u00e9 en un ensemble unique.\" \/>\n<meta property=\"og:url\" content=\"https:\/\/www.lrbracing.com\/eu\/en\/produits\/accessories\/wheel-for-marshal-chain-tensioner-compatible-with-all-tensioners-of-the-brand\/\" \/>\n<meta property=\"og:site_name\" content=\"MARSHAL RACING &amp; LEGION BICYCLES\" \/>\n<meta property=\"article:modified_time\" content=\"2026-02-22T19:04:48+00:00\" \/>\n<meta property=\"og:image\" content=\"https:\/\/www.lrbracing.com\/eu\/wp-content\/uploads\/2024\/09\/WhatsApp-Image-2025-04-08-a-11.05.55_40afb173.jpg\" \/>\n\t<meta property=\"og:image:width\" content=\"1536\" \/>\n\t<meta property=\"og:image:height\" content=\"2048\" \/>\n\t<meta property=\"og:image:type\" content=\"image\/jpeg\" \/>\n<meta name=\"twitter:card\" content=\"summary_large_image\" \/>\n<meta name=\"twitter:label1\" content=\"Dur\u00e9e de lecture estim\u00e9e\" \/>\n\t<meta name=\"twitter:data1\" content=\"1 minute\" \/>\n<script type=\"application\/ld+json\" class=\"yoast-schema-graph\">{\"@context\":\"https:\/\/schema.org\",\"@graph\":[{\"@type\":\"WebPage\",\"@id\":\"https:\/\/www.lrbracing.com\/eu\/en\/produits\/accessories\/wheel-for-marshal-chain-tensioner-compatible-with-all-tensioners-of-the-brand\/\",\"url\":\"https:\/\/www.lrbracing.com\/eu\/en\/produits\/accessories\/wheel-for-marshal-chain-tensioner-compatible-with-all-tensioners-of-the-brand\/\",\"name\":\"Wheel for MARSHAL chain tensioner (compatible with all tensioners of the brand) - MARSHAL RACING &amp; LEGION BICYCLES\",\"isPartOf\":{\"@id\":\"https:\/\/www.lrbracing.com\/eu\/#website\"},\"primaryImageOfPage\":{\"@id\":\"https:\/\/www.lrbracing.com\/eu\/en\/produits\/accessories\/wheel-for-marshal-chain-tensioner-compatible-with-all-tensioners-of-the-brand\/#primaryimage\"},\"image\":{\"@id\":\"https:\/\/www.lrbracing.com\/eu\/en\/produits\/accessories\/wheel-for-marshal-chain-tensioner-compatible-with-all-tensioners-of-the-brand\/#primaryimage\"},\"thumbnailUrl\":\"https:\/\/www.lrbracing.com\/eu\/wp-content\/uploads\/2024\/09\/WhatsApp-Image-2025-04-08-a-11.05.55_40afb173.jpg\",\"datePublished\":\"2025-04-08T14:52:01+00:00\",\"dateModified\":\"2026-02-22T19:04:48+00:00\",\"description\":\"Faite le choix d\u2019un design exceptionnel gr\u00e2ce \u00e0 nos mod\u00e8les cadre & fourche MARSHAL. Pens\u00e9 et d\u00e9cor\u00e9 en un ensemble unique.\",\"breadcrumb\":{\"@id\":\"https:\/\/www.lrbracing.com\/eu\/en\/produits\/accessories\/wheel-for-marshal-chain-tensioner-compatible-with-all-tensioners-of-the-brand\/#breadcrumb\"},\"inLanguage\":\"fr-FR\",\"potentialAction\":[{\"@type\":\"ReadAction\",\"target\":[\"https:\/\/www.lrbracing.com\/eu\/en\/produits\/accessories\/wheel-for-marshal-chain-tensioner-compatible-with-all-tensioners-of-the-brand\/\"]}]},{\"@type\":\"ImageObject\",\"inLanguage\":\"fr-FR\",\"@id\":\"https:\/\/www.lrbracing.com\/eu\/en\/produits\/accessories\/wheel-for-marshal-chain-tensioner-compatible-with-all-tensioners-of-the-brand\/#primaryimage\",\"url\":\"https:\/\/www.lrbracing.com\/eu\/wp-content\/uploads\/2024\/09\/WhatsApp-Image-2025-04-08-a-11.05.55_40afb173.jpg\",\"contentUrl\":\"https:\/\/www.lrbracing.com\/eu\/wp-content\/uploads\/2024\/09\/WhatsApp-Image-2025-04-08-a-11.05.55_40afb173.jpg\",\"width\":1536,\"height\":2048},{\"@type\":\"BreadcrumbList\",\"@id\":\"https:\/\/www.lrbracing.com\/eu\/en\/produits\/accessories\/wheel-for-marshal-chain-tensioner-compatible-with-all-tensioners-of-the-brand\/#breadcrumb\",\"itemListElement\":[{\"@type\":\"ListItem\",\"position\":1,\"name\":\"Accueil\",\"item\":\"https:\/\/www.lrbracing.com\/eu\/\"},{\"@type\":\"ListItem\",\"position\":2,\"name\":\"Produits\",\"item\":\"https:\/\/www.lrbracing.com\/eu\/produits\/\"},{\"@type\":\"ListItem\",\"position\":3,\"name\":\"Wheel for MARSHAL chain tensioner (compatible with all tensioners of the brand)\"}]},{\"@type\":\"WebSite\",\"@id\":\"https:\/\/www.lrbracing.com\/eu\/#website\",\"url\":\"https:\/\/www.lrbracing.com\/eu\/\",\"name\":\"MARSHAL RACING &amp; LEGION BICYCLES\",\"description\":\"Groupe LRB RACING\",\"potentialAction\":[{\"@type\":\"SearchAction\",\"target\":{\"@type\":\"EntryPoint\",\"urlTemplate\":\"https:\/\/www.lrbracing.com\/eu\/?s={search_term_string}\"},\"query-input\":{\"@type\":\"PropertyValueSpecification\",\"valueRequired\":true,\"valueName\":\"search_term_string\"}}],\"inLanguage\":\"fr-FR\"}]}<\/script>\n<!-- \/ Yoast SEO plugin. -->","yoast_head_json":{"title":"Wheel for MARSHAL chain tensioner (compatible with all tensioners of the brand) - MARSHAL RACING &amp; LEGION BICYCLES","description":"Faite le choix d\u2019un design exceptionnel gr\u00e2ce \u00e0 nos mod\u00e8les cadre & fourche MARSHAL. Pens\u00e9 et d\u00e9cor\u00e9 en un ensemble unique.","robots":{"index":"index","follow":"follow","max-snippet":"max-snippet:-1","max-image-preview":"max-image-preview:large","max-video-preview":"max-video-preview:-1"},"canonical":"https:\/\/www.lrbracing.com\/eu\/en\/produits\/accessories\/wheel-for-marshal-chain-tensioner-compatible-with-all-tensioners-of-the-brand\/","og_locale":"fr_FR","og_type":"article","og_title":"Wheel for MARSHAL chain tensioner (compatible with all tensioners of the brand) - MARSHAL RACING &amp; LEGION BICYCLES","og_description":"Faite le choix d\u2019un design exceptionnel gr\u00e2ce \u00e0 nos mod\u00e8les cadre & fourche MARSHAL. Pens\u00e9 et d\u00e9cor\u00e9 en un ensemble unique.","og_url":"https:\/\/www.lrbracing.com\/eu\/en\/produits\/accessories\/wheel-for-marshal-chain-tensioner-compatible-with-all-tensioners-of-the-brand\/","og_site_name":"MARSHAL RACING &amp; LEGION BICYCLES","article_modified_time":"2026-02-22T19:04:48+00:00","og_image":[{"width":1536,"height":2048,"url":"https:\/\/www.lrbracing.com\/eu\/wp-content\/uploads\/2024\/09\/WhatsApp-Image-2025-04-08-a-11.05.55_40afb173.jpg","type":"image\/jpeg"}],"twitter_card":"summary_large_image","twitter_misc":{"Dur\u00e9e de lecture estim\u00e9e":"1 minute"},"schema":{"@context":"https:\/\/schema.org","@graph":[{"@type":"WebPage","@id":"https:\/\/www.lrbracing.com\/eu\/en\/produits\/accessories\/wheel-for-marshal-chain-tensioner-compatible-with-all-tensioners-of-the-brand\/","url":"https:\/\/www.lrbracing.com\/eu\/en\/produits\/accessories\/wheel-for-marshal-chain-tensioner-compatible-with-all-tensioners-of-the-brand\/","name":"Wheel for MARSHAL chain tensioner (compatible with all tensioners of the brand) - MARSHAL RACING &amp; LEGION BICYCLES","isPartOf":{"@id":"https:\/\/www.lrbracing.com\/eu\/#website"},"primaryImageOfPage":{"@id":"https:\/\/www.lrbracing.com\/eu\/en\/produits\/accessories\/wheel-for-marshal-chain-tensioner-compatible-with-all-tensioners-of-the-brand\/#primaryimage"},"image":{"@id":"https:\/\/www.lrbracing.com\/eu\/en\/produits\/accessories\/wheel-for-marshal-chain-tensioner-compatible-with-all-tensioners-of-the-brand\/#primaryimage"},"thumbnailUrl":"https:\/\/www.lrbracing.com\/eu\/wp-content\/uploads\/2024\/09\/WhatsApp-Image-2025-04-08-a-11.05.55_40afb173.jpg","datePublished":"2025-04-08T14:52:01+00:00","dateModified":"2026-02-22T19:04:48+00:00","description":"Faite le choix d\u2019un design exceptionnel gr\u00e2ce \u00e0 nos mod\u00e8les cadre & fourche MARSHAL. Pens\u00e9 et d\u00e9cor\u00e9 en un ensemble unique.","breadcrumb":{"@id":"https:\/\/www.lrbracing.com\/eu\/en\/produits\/accessories\/wheel-for-marshal-chain-tensioner-compatible-with-all-tensioners-of-the-brand\/#breadcrumb"},"inLanguage":"fr-FR","potentialAction":[{"@type":"ReadAction","target":["https:\/\/www.lrbracing.com\/eu\/en\/produits\/accessories\/wheel-for-marshal-chain-tensioner-compatible-with-all-tensioners-of-the-brand\/"]}]},{"@type":"ImageObject","inLanguage":"fr-FR","@id":"https:\/\/www.lrbracing.com\/eu\/en\/produits\/accessories\/wheel-for-marshal-chain-tensioner-compatible-with-all-tensioners-of-the-brand\/#primaryimage","url":"https:\/\/www.lrbracing.com\/eu\/wp-content\/uploads\/2024\/09\/WhatsApp-Image-2025-04-08-a-11.05.55_40afb173.jpg","contentUrl":"https:\/\/www.lrbracing.com\/eu\/wp-content\/uploads\/2024\/09\/WhatsApp-Image-2025-04-08-a-11.05.55_40afb173.jpg","width":1536,"height":2048},{"@type":"BreadcrumbList","@id":"https:\/\/www.lrbracing.com\/eu\/en\/produits\/accessories\/wheel-for-marshal-chain-tensioner-compatible-with-all-tensioners-of-the-brand\/#breadcrumb","itemListElement":[{"@type":"ListItem","position":1,"name":"Accueil","item":"https:\/\/www.lrbracing.com\/eu\/"},{"@type":"ListItem","position":2,"name":"Produits","item":"https:\/\/www.lrbracing.com\/eu\/produits\/"},{"@type":"ListItem","position":3,"name":"Wheel for MARSHAL chain tensioner (compatible with all tensioners of the brand)"}]},{"@type":"WebSite","@id":"https:\/\/www.lrbracing.com\/eu\/#website","url":"https:\/\/www.lrbracing.com\/eu\/","name":"MARSHAL RACING &amp; LEGION BICYCLES","description":"Groupe LRB RACING","potentialAction":[{"@type":"SearchAction","target":{"@type":"EntryPoint","urlTemplate":"https:\/\/www.lrbracing.com\/eu\/?s={search_term_string}"},"query-input":{"@type":"PropertyValueSpecification","valueRequired":true,"valueName":"search_term_string"}}],"inLanguage":"fr-FR"}]}},"_links":{"self":[{"href":"https:\/\/www.lrbracing.com\/eu\/wp-json\/wp\/v2\/product\/15325","targetHints":{"allow":["GET"]}}],"collection":[{"href":"https:\/\/www.lrbracing.com\/eu\/wp-json\/wp\/v2\/product"}],"about":[{"href":"https:\/\/www.lrbracing.com\/eu\/wp-json\/wp\/v2\/types\/product"}],"version-history":[{"count":1,"href":"https:\/\/www.lrbracing.com\/eu\/wp-json\/wp\/v2\/product\/15325\/revisions"}],"predecessor-version":[{"id":15327,"href":"https:\/\/www.lrbracing.com\/eu\/wp-json\/wp\/v2\/product\/15325\/revisions\/15327"}],"wp:featuredmedia":[{"embeddable":true,"href":"https:\/\/www.lrbracing.com\/eu\/wp-json\/wp\/v2\/media\/15305"}],"wp:attachment":[{"href":"https:\/\/www.lrbracing.com\/eu\/wp-json\/wp\/v2\/media?parent=15325"}],"wp:term":[{"taxonomy":"product_brand","embeddable":true,"href":"https:\/\/www.lrbracing.com\/eu\/wp-json\/wp\/v2\/product_brand?post=15325"},{"taxonomy":"product_cat","embeddable":true,"href":"https:\/\/www.lrbracing.com\/eu\/wp-json\/wp\/v2\/product_cat?post=15325"},{"taxonomy":"product_tag","embeddable":true,"href":"https:\/\/www.lrbracing.com\/eu\/wp-json\/wp\/v2\/product_tag?post=15325"}],"curies":[{"name":"wp","href":"https:\/\/api.w.org\/{rel}","templated":true}]}}