{"id":16983,"date":"2025-05-27T10:16:58","date_gmt":"2025-05-27T08:16:58","guid":{"rendered":"https:\/\/www.lrbracing.com\/eu\/?post_type=product&#038;p=16983"},"modified":"2026-01-07T15:49:57","modified_gmt":"2026-01-07T14:49:57","slug":"bike-marshal-racing-serie-thepunisherv2-taille-pro-20-5-couleur-pacifiq","status":"publish","type":"product","link":"https:\/\/www.lrbracing.com\/eu\/en\/produits\/bikes-marshal\/bike-marshal-racing-serie-thepunisherv2-taille-pro-20-5-couleur-pacifiq\/","title":{"rendered":"Bike MARSHAL RACING, s\u00e9rie &#8220;THEPUNISHERV2&#8243; | Taille PRO (20.5&#8221;) | couleur PACIFIQ"},"content":{"rendered":"\t\t<div data-elementor-type=\"wp-post\" data-elementor-id=\"16983\" class=\"elementor elementor-16983\">\n\t\t\t\t\t\t<section class=\"wd-negative-gap elementor-section elementor-top-section elementor-element elementor-element-0cb28dc elementor-section-boxed elementor-section-height-default elementor-section-height-default\" data-id=\"0cb28dc\" data-element_type=\"section\">\n\t\t\t\t\t\t<div class=\"elementor-container elementor-column-gap-default\">\n\t\t\t\t\t<div class=\"elementor-column elementor-col-100 elementor-top-column elementor-element elementor-element-638005f\" data-id=\"638005f\" data-element_type=\"column\">\n\t\t\t<div class=\"elementor-widget-wrap elementor-element-populated\">\n\t\t\t\t\t\t<div class=\"elementor-element elementor-element-7faadda color-scheme-inherit text-left elementor-widget elementor-widget-text-editor\" data-id=\"7faadda\" data-element_type=\"widget\" data-widget_type=\"text-editor.default\">\n\t\t\t\t<div class=\"elementor-widget-container\">\n\t\t\t\t\t\t\t\t\t<h2 data-sourcepos=\"5:1-5:56\"><strong>V\u00e9lo Marshal Racing &#8220;THEPUSHIERV2&#8221; : Con\u00e7u pour dominer<\/strong><\/h2><h5 data-sourcepos=\"7:1-7:221\"><strong>&#8220;THEPUNISHERV2&#8221;<\/strong> est un v\u00e9lo de BMX RACING haut de gamme, aux finitions in\u00e9gal\u00e9es, con\u00e7u pour les riders les plus exigeants.<\/h5><p>Son cadre ultra agressif, ses composants de pointes et son design soign\u00e9 en font un choix id\u00e9al pour ceux qui recherchent un v\u00e9lo performant et durable.<br \/>Les soudures masqu\u00e9es apportent une touche d&#8217;esth\u00e9tisme suppl\u00e9mentaire et t\u00e9moignent du savoir-faire de la marque Marshal.<\/p><h4 data-sourcepos=\"7:1-7:221\">\u00a0<\/h4><h4 data-sourcepos=\"7:1-7:221\">CARACTERISTIQUES<\/h4><ul><li style=\"list-style-type: none;\"><ul><li data-sourcepos=\"7:1-7:221\"><strong>Cadre :<\/strong> Marshal THEPUNISHERV2 Aluminium &#8211; Couleur PACIFIQ<\/li><li data-sourcepos=\"7:1-7:221\"><strong>Fourche :<\/strong> Marshal BLACKDIAMOND (1-1\/8&#8243; | 1,5&#8243;) &#8211; Couleur PACIFIQ<\/li><li data-sourcepos=\"7:1-7:221\"><strong>Jeu de direction :<\/strong> Legion Sealed Full Integrated Tapered (1-1\/8&#8243; | 1,5&#8243;)<\/li><li data-sourcepos=\"7:1-7:221\"><strong>Cintre :<\/strong> Legion taille 6.5 CrMo en serrage 31.8 | BACKSWEEP 3\u00b0 | UPSWEEP 2\u00b0<\/li><li data-sourcepos=\"7:1-7:221\"><strong>Potence :<\/strong> Legion taille 48 mm en serrage 31.8 &#8211; 100% CNC 1-1\/8\u201d | Angle: -10 mm<\/li><li data-sourcepos=\"7:1-7:221\"><strong>Poign\u00e9es :<\/strong> BOX- lock longueur 130mm<\/li><li data-sourcepos=\"7:1-7:221\"><strong>Levier de frein :<\/strong> Shimano XT8100 &#8211; Levier hydraulique<\/li><li data-sourcepos=\"7:1-7:221\"><strong>\u00c9trier de frein :<\/strong> Shimano XT8100 &#8211; \u00c9trier hydraulique<\/li><li data-sourcepos=\"7:1-7:221\"><strong>Disque de frein :<\/strong> Legion 140mm Aluminium 7075 | Fixation flottante<\/li><li data-sourcepos=\"7:1-7:221\"><strong>Moyeu avant :<\/strong> Legion EMPEROR &#8211; 36H &#8211; Axe de 20 mm<\/li><li data-sourcepos=\"7:1-7:221\"><strong>Moyeu arri\u00e8re :<\/strong> Legion EMPEROR Disc 36H &#8211; 6 cliquets &#8211; 180 clics<\/li><li data-sourcepos=\"7:1-7:221\"><strong>Rayons :<\/strong> Sapim Lead Aluminium<\/li><li data-sourcepos=\"7:1-7:221\"><strong>Nipples :<\/strong> Sapim Aluminium<\/li><li data-sourcepos=\"7:1-7:221\"><strong>Jante avant :<\/strong> Legion SUPERCROSS aluminium 20X1.75 &#8211; Couleur NOIRE<\/li><li data-sourcepos=\"7:1-7:221\"><strong>Jante arri\u00e8re :<\/strong> Legion SUPERCROSS aluminium 20X1.75- Couleur NOIRE<\/li><li data-sourcepos=\"7:1-7:221\"><strong>Pneus :<\/strong> Box One 1.50<\/li><li data-sourcepos=\"7:1-7:221\"><strong>Selle :<\/strong> Combo Tioga SPYDER EVO Carbon<\/li><li data-sourcepos=\"7:1-7:221\"><strong>Collier de selle :<\/strong> Legion &#8211; 31,8mm<\/li><li data-sourcepos=\"7:1-7:221\"><strong>P\u00e9dalier :<\/strong> BOX FOR &#8211; Longueur 165mm<\/li><li data-sourcepos=\"7:1-7:221\"><strong>Bo\u00eetier de p\u00e9dalier :<\/strong> BOITIER PRESSFIT LEGION<\/li><li data-sourcepos=\"7:1-7:221\"><strong>Plateau :<\/strong> Legion 40T- CNC Aluminium 7075 &#8211; 4 Points<\/li><li data-sourcepos=\"7:1-7:221\"><strong>Pignon :<\/strong> Legion 16T<\/li><li data-sourcepos=\"7:1-7:221\"><strong>Vis de plateau :<\/strong> Legion Aluminium<\/li><li data-sourcepos=\"7:1-7:221\"><strong>Cha\u00eene :<\/strong> KMC Hl1 Narrow 3\/32 Half Links<\/li><li data-sourcepos=\"7:1-7:221\"><strong>Tendeurs de cha\u00eene :<\/strong> Marshal nouvelle g\u00e9n\u00e9ration\u00a0\u00a0<\/li><\/ul><\/li><\/ul><h4>POIDS =\u00a0 8,820 kg\u00a0 \u00a0(+\/- 3%)<\/h4>\t\t\t\t\t\t\t\t<\/div>\n\t\t\t\t<\/div>\n\t\t\t\t<div class=\"elementor-element elementor-element-763252a elementor-hidden-desktop elementor-hidden-tablet elementor-widget elementor-widget-spacer\" data-id=\"763252a\" data-element_type=\"widget\" data-widget_type=\"spacer.default\">\n\t\t\t\t<div class=\"elementor-widget-container\">\n\t\t\t\t\t\t\t<div class=\"elementor-spacer\">\n\t\t\t<div class=\"elementor-spacer-inner\"><\/div>\n\t\t<\/div>\n\t\t\t\t\t\t<\/div>\n\t\t\t\t<\/div>\n\t\t\t\t\t<\/div>\n\t\t<\/div>\n\t\t\t\t\t<\/div>\n\t\t<\/section>\n\t\t\t\t<\/div>\n\t\t","protected":false},"excerpt":{"rendered":"<p>V\u00e9lo Marshal Racing &#8220;THEPUSHIERV2&#8221; : Con\u00e7u pour dominer &#8220;THEPUNISHERV2&#8221; est un v\u00e9lo de BMX RACING haut de gamme, aux finitions<\/p>\n","protected":false},"featured_media":17152,"template":"","meta":[],"product_brand":[],"product_cat":[850],"product_tag":[],"class_list":{"0":"post-16983","1":"product","2":"type-product","3":"status-publish","4":"has-post-thumbnail","6":"product_cat-bikes-marshal","7":"product_shipping_class-colis-cadres-et-accessoires-en","9":"first","10":"instock","11":"taxable","12":"shipping-taxable","13":"purchasable","14":"product-type-variable"},"yoast_head":"<!-- This site is optimized with the Yoast SEO plugin v26.7 - https:\/\/yoast.com\/wordpress\/plugins\/seo\/ -->\n<title>Bike MARSHAL RACING, s\u00e9rie &quot;THEPUNISHERV2&quot; | Taille PRO (20.5&quot;) | couleur PACIFIQ - MARSHAL RACING &amp; LEGION BICYCLES<\/title>\n<meta name=\"description\" content=\"Faite le choix d\u2019un design exceptionnel gr\u00e2ce \u00e0 nos mod\u00e8les cadre &amp; fourche MARSHAL. Pens\u00e9 et d\u00e9cor\u00e9 en un ensemble unique.\" \/>\n<meta name=\"robots\" content=\"index, follow, max-snippet:-1, max-image-preview:large, max-video-preview:-1\" \/>\n<link rel=\"canonical\" href=\"https:\/\/www.lrbracing.com\/eu\/en\/produits\/bikes-marshal\/bike-marshal-racing-serie-thepunisherv2-taille-pro-20-5-couleur-pacifiq\/\" \/>\n<meta property=\"og:locale\" content=\"fr_FR\" \/>\n<meta property=\"og:type\" content=\"article\" \/>\n<meta property=\"og:title\" content=\"Bike MARSHAL RACING, s\u00e9rie &quot;THEPUNISHERV2&quot; | Taille PRO (20.5&quot;) | couleur PACIFIQ - MARSHAL RACING &amp; LEGION BICYCLES\" \/>\n<meta property=\"og:description\" content=\"Faite le choix d\u2019un design exceptionnel gr\u00e2ce \u00e0 nos mod\u00e8les cadre &amp; fourche MARSHAL. Pens\u00e9 et d\u00e9cor\u00e9 en un ensemble unique.\" \/>\n<meta property=\"og:url\" content=\"https:\/\/www.lrbracing.com\/eu\/en\/produits\/bikes-marshal\/bike-marshal-racing-serie-thepunisherv2-taille-pro-20-5-couleur-pacifiq\/\" \/>\n<meta property=\"og:site_name\" content=\"MARSHAL RACING &amp; LEGION BICYCLES\" \/>\n<meta property=\"article:modified_time\" content=\"2026-01-07T14:49:57+00:00\" \/>\n<meta property=\"og:image\" content=\"https:\/\/www.lrbracing.com\/eu\/wp-content\/uploads\/2025\/05\/pacifiq-PRO-XL21.jpg\" \/>\n\t<meta property=\"og:image:width\" content=\"1607\" \/>\n\t<meta property=\"og:image:height\" content=\"1511\" \/>\n\t<meta property=\"og:image:type\" content=\"image\/jpeg\" \/>\n<meta name=\"twitter:card\" content=\"summary_large_image\" \/>\n<meta name=\"twitter:label1\" content=\"Dur\u00e9e de lecture estim\u00e9e\" \/>\n\t<meta name=\"twitter:data1\" content=\"2 minutes\" \/>\n<script type=\"application\/ld+json\" class=\"yoast-schema-graph\">{\"@context\":\"https:\/\/schema.org\",\"@graph\":[{\"@type\":\"WebPage\",\"@id\":\"https:\/\/www.lrbracing.com\/eu\/en\/produits\/bikes-marshal\/bike-marshal-racing-serie-thepunisherv2-taille-pro-20-5-couleur-pacifiq\/\",\"url\":\"https:\/\/www.lrbracing.com\/eu\/en\/produits\/bikes-marshal\/bike-marshal-racing-serie-thepunisherv2-taille-pro-20-5-couleur-pacifiq\/\",\"name\":\"Bike MARSHAL RACING, s\u00e9rie \\\"THEPUNISHERV2\\\" | Taille PRO (20.5\\\") | couleur PACIFIQ - MARSHAL RACING &amp; LEGION BICYCLES\",\"isPartOf\":{\"@id\":\"https:\/\/www.lrbracing.com\/eu\/#website\"},\"primaryImageOfPage\":{\"@id\":\"https:\/\/www.lrbracing.com\/eu\/en\/produits\/bikes-marshal\/bike-marshal-racing-serie-thepunisherv2-taille-pro-20-5-couleur-pacifiq\/#primaryimage\"},\"image\":{\"@id\":\"https:\/\/www.lrbracing.com\/eu\/en\/produits\/bikes-marshal\/bike-marshal-racing-serie-thepunisherv2-taille-pro-20-5-couleur-pacifiq\/#primaryimage\"},\"thumbnailUrl\":\"https:\/\/www.lrbracing.com\/eu\/wp-content\/uploads\/2025\/05\/velo-complet-bleu.jpg\",\"datePublished\":\"2025-05-27T08:16:58+00:00\",\"dateModified\":\"2026-01-07T14:49:57+00:00\",\"description\":\"Faite le choix d\u2019un design exceptionnel gr\u00e2ce \u00e0 nos mod\u00e8les cadre & fourche MARSHAL. Pens\u00e9 et d\u00e9cor\u00e9 en un ensemble unique.\",\"breadcrumb\":{\"@id\":\"https:\/\/www.lrbracing.com\/eu\/en\/produits\/bikes-marshal\/bike-marshal-racing-serie-thepunisherv2-taille-pro-20-5-couleur-pacifiq\/#breadcrumb\"},\"inLanguage\":\"fr-FR\",\"potentialAction\":[{\"@type\":\"ReadAction\",\"target\":[\"https:\/\/www.lrbracing.com\/eu\/en\/produits\/bikes-marshal\/bike-marshal-racing-serie-thepunisherv2-taille-pro-20-5-couleur-pacifiq\/\"]}]},{\"@type\":\"ImageObject\",\"inLanguage\":\"fr-FR\",\"@id\":\"https:\/\/www.lrbracing.com\/eu\/en\/produits\/bikes-marshal\/bike-marshal-racing-serie-thepunisherv2-taille-pro-20-5-couleur-pacifiq\/#primaryimage\",\"url\":\"https:\/\/www.lrbracing.com\/eu\/wp-content\/uploads\/2025\/05\/velo-complet-bleu.jpg\",\"contentUrl\":\"https:\/\/www.lrbracing.com\/eu\/wp-content\/uploads\/2025\/05\/velo-complet-bleu.jpg\",\"width\":2400,\"height\":1792},{\"@type\":\"BreadcrumbList\",\"@id\":\"https:\/\/www.lrbracing.com\/eu\/en\/produits\/bikes-marshal\/bike-marshal-racing-serie-thepunisherv2-taille-pro-20-5-couleur-pacifiq\/#breadcrumb\",\"itemListElement\":[{\"@type\":\"ListItem\",\"position\":1,\"name\":\"Accueil\",\"item\":\"https:\/\/www.lrbracing.com\/eu\/\"},{\"@type\":\"ListItem\",\"position\":2,\"name\":\"Produits\",\"item\":\"https:\/\/www.lrbracing.com\/eu\/produits\/\"},{\"@type\":\"ListItem\",\"position\":3,\"name\":\"Bike MARSHAL RACING, s\u00e9rie \u00ab\u00a0THEPUNISHERV2&Prime; | Taille PRO (20.5\u00a0\u00bb) | couleur PACIFIQ\"}]},{\"@type\":\"WebSite\",\"@id\":\"https:\/\/www.lrbracing.com\/eu\/#website\",\"url\":\"https:\/\/www.lrbracing.com\/eu\/\",\"name\":\"MARSHAL RACING &amp; LEGION BICYCLES\",\"description\":\"Groupe LRB RACING\",\"potentialAction\":[{\"@type\":\"SearchAction\",\"target\":{\"@type\":\"EntryPoint\",\"urlTemplate\":\"https:\/\/www.lrbracing.com\/eu\/?s={search_term_string}\"},\"query-input\":{\"@type\":\"PropertyValueSpecification\",\"valueRequired\":true,\"valueName\":\"search_term_string\"}}],\"inLanguage\":\"fr-FR\"}]}<\/script>\n<!-- \/ Yoast SEO plugin. -->","yoast_head_json":{"title":"Bike MARSHAL RACING, s\u00e9rie \"THEPUNISHERV2\" | Taille PRO (20.5\") | couleur PACIFIQ - MARSHAL RACING &amp; LEGION BICYCLES","description":"Faite le choix d\u2019un design exceptionnel gr\u00e2ce \u00e0 nos mod\u00e8les cadre & fourche MARSHAL. Pens\u00e9 et d\u00e9cor\u00e9 en un ensemble unique.","robots":{"index":"index","follow":"follow","max-snippet":"max-snippet:-1","max-image-preview":"max-image-preview:large","max-video-preview":"max-video-preview:-1"},"canonical":"https:\/\/www.lrbracing.com\/eu\/en\/produits\/bikes-marshal\/bike-marshal-racing-serie-thepunisherv2-taille-pro-20-5-couleur-pacifiq\/","og_locale":"fr_FR","og_type":"article","og_title":"Bike MARSHAL RACING, s\u00e9rie \"THEPUNISHERV2\" | Taille PRO (20.5\") | couleur PACIFIQ - MARSHAL RACING &amp; LEGION BICYCLES","og_description":"Faite le choix d\u2019un design exceptionnel gr\u00e2ce \u00e0 nos mod\u00e8les cadre & fourche MARSHAL. Pens\u00e9 et d\u00e9cor\u00e9 en un ensemble unique.","og_url":"https:\/\/www.lrbracing.com\/eu\/en\/produits\/bikes-marshal\/bike-marshal-racing-serie-thepunisherv2-taille-pro-20-5-couleur-pacifiq\/","og_site_name":"MARSHAL RACING &amp; LEGION BICYCLES","article_modified_time":"2026-01-07T14:49:57+00:00","og_image":[{"width":1607,"height":1511,"url":"https:\/\/www.lrbracing.com\/eu\/wp-content\/uploads\/2025\/05\/pacifiq-PRO-XL21.jpg","type":"image\/jpeg"}],"twitter_card":"summary_large_image","twitter_misc":{"Dur\u00e9e de lecture estim\u00e9e":"2 minutes"},"schema":{"@context":"https:\/\/schema.org","@graph":[{"@type":"WebPage","@id":"https:\/\/www.lrbracing.com\/eu\/en\/produits\/bikes-marshal\/bike-marshal-racing-serie-thepunisherv2-taille-pro-20-5-couleur-pacifiq\/","url":"https:\/\/www.lrbracing.com\/eu\/en\/produits\/bikes-marshal\/bike-marshal-racing-serie-thepunisherv2-taille-pro-20-5-couleur-pacifiq\/","name":"Bike MARSHAL RACING, s\u00e9rie \"THEPUNISHERV2\" | Taille PRO (20.5\") | couleur PACIFIQ - MARSHAL RACING &amp; LEGION BICYCLES","isPartOf":{"@id":"https:\/\/www.lrbracing.com\/eu\/#website"},"primaryImageOfPage":{"@id":"https:\/\/www.lrbracing.com\/eu\/en\/produits\/bikes-marshal\/bike-marshal-racing-serie-thepunisherv2-taille-pro-20-5-couleur-pacifiq\/#primaryimage"},"image":{"@id":"https:\/\/www.lrbracing.com\/eu\/en\/produits\/bikes-marshal\/bike-marshal-racing-serie-thepunisherv2-taille-pro-20-5-couleur-pacifiq\/#primaryimage"},"thumbnailUrl":"https:\/\/www.lrbracing.com\/eu\/wp-content\/uploads\/2025\/05\/velo-complet-bleu.jpg","datePublished":"2025-05-27T08:16:58+00:00","dateModified":"2026-01-07T14:49:57+00:00","description":"Faite le choix d\u2019un design exceptionnel gr\u00e2ce \u00e0 nos mod\u00e8les cadre & fourche MARSHAL. Pens\u00e9 et d\u00e9cor\u00e9 en un ensemble unique.","breadcrumb":{"@id":"https:\/\/www.lrbracing.com\/eu\/en\/produits\/bikes-marshal\/bike-marshal-racing-serie-thepunisherv2-taille-pro-20-5-couleur-pacifiq\/#breadcrumb"},"inLanguage":"fr-FR","potentialAction":[{"@type":"ReadAction","target":["https:\/\/www.lrbracing.com\/eu\/en\/produits\/bikes-marshal\/bike-marshal-racing-serie-thepunisherv2-taille-pro-20-5-couleur-pacifiq\/"]}]},{"@type":"ImageObject","inLanguage":"fr-FR","@id":"https:\/\/www.lrbracing.com\/eu\/en\/produits\/bikes-marshal\/bike-marshal-racing-serie-thepunisherv2-taille-pro-20-5-couleur-pacifiq\/#primaryimage","url":"https:\/\/www.lrbracing.com\/eu\/wp-content\/uploads\/2025\/05\/velo-complet-bleu.jpg","contentUrl":"https:\/\/www.lrbracing.com\/eu\/wp-content\/uploads\/2025\/05\/velo-complet-bleu.jpg","width":2400,"height":1792},{"@type":"BreadcrumbList","@id":"https:\/\/www.lrbracing.com\/eu\/en\/produits\/bikes-marshal\/bike-marshal-racing-serie-thepunisherv2-taille-pro-20-5-couleur-pacifiq\/#breadcrumb","itemListElement":[{"@type":"ListItem","position":1,"name":"Accueil","item":"https:\/\/www.lrbracing.com\/eu\/"},{"@type":"ListItem","position":2,"name":"Produits","item":"https:\/\/www.lrbracing.com\/eu\/produits\/"},{"@type":"ListItem","position":3,"name":"Bike MARSHAL RACING, s\u00e9rie \u00ab\u00a0THEPUNISHERV2&Prime; | Taille PRO (20.5\u00a0\u00bb) | couleur PACIFIQ"}]},{"@type":"WebSite","@id":"https:\/\/www.lrbracing.com\/eu\/#website","url":"https:\/\/www.lrbracing.com\/eu\/","name":"MARSHAL RACING &amp; LEGION BICYCLES","description":"Groupe LRB RACING","potentialAction":[{"@type":"SearchAction","target":{"@type":"EntryPoint","urlTemplate":"https:\/\/www.lrbracing.com\/eu\/?s={search_term_string}"},"query-input":{"@type":"PropertyValueSpecification","valueRequired":true,"valueName":"search_term_string"}}],"inLanguage":"fr-FR"}]}},"_links":{"self":[{"href":"https:\/\/www.lrbracing.com\/eu\/wp-json\/wp\/v2\/product\/16983","targetHints":{"allow":["GET"]}}],"collection":[{"href":"https:\/\/www.lrbracing.com\/eu\/wp-json\/wp\/v2\/product"}],"about":[{"href":"https:\/\/www.lrbracing.com\/eu\/wp-json\/wp\/v2\/types\/product"}],"version-history":[{"count":1,"href":"https:\/\/www.lrbracing.com\/eu\/wp-json\/wp\/v2\/product\/16983\/revisions"}],"predecessor-version":[{"id":16985,"href":"https:\/\/www.lrbracing.com\/eu\/wp-json\/wp\/v2\/product\/16983\/revisions\/16985"}],"wp:featuredmedia":[{"embeddable":true,"href":"https:\/\/www.lrbracing.com\/eu\/wp-json\/wp\/v2\/media\/17152"}],"wp:attachment":[{"href":"https:\/\/www.lrbracing.com\/eu\/wp-json\/wp\/v2\/media?parent=16983"}],"wp:term":[{"taxonomy":"product_brand","embeddable":true,"href":"https:\/\/www.lrbracing.com\/eu\/wp-json\/wp\/v2\/product_brand?post=16983"},{"taxonomy":"product_cat","embeddable":true,"href":"https:\/\/www.lrbracing.com\/eu\/wp-json\/wp\/v2\/product_cat?post=16983"},{"taxonomy":"product_tag","embeddable":true,"href":"https:\/\/www.lrbracing.com\/eu\/wp-json\/wp\/v2\/product_tag?post=16983"}],"curies":[{"name":"wp","href":"https:\/\/api.w.org\/{rel}","templated":true}]}}