{"id":17064,"date":"2025-12-23T14:39:09","date_gmt":"2025-12-23T13:39:09","guid":{"rendered":"https:\/\/www.lrbracing.com\/eu\/?post_type=product&#038;p=17064"},"modified":"2026-03-24T10:20:14","modified_gmt":"2026-03-24T09:20:14","slug":"frame-fork-carbon-sr71-blackbird-special-edition-maturano-4xl","status":"publish","type":"product","link":"https:\/\/www.lrbracing.com\/eu\/en\/produits\/carbon-frames\/frame-fork-carbon-sr71-blackbird-special-edition-maturano-4xl\/","title":{"rendered":"Frame &#038; Fork carbon &#8220;SR71-BLACKBIRD&#8221; | Special Edition &#8220;Maturano&#8221;  4XL"},"content":{"rendered":"\t\t<div data-elementor-type=\"wp-post\" data-elementor-id=\"17064\" class=\"elementor elementor-17064\">\n\t\t\t\t\t\t<section class=\"wd-negative-gap elementor-section elementor-top-section elementor-element elementor-element-dc5e9d3 elementor-section-boxed elementor-section-height-default elementor-section-height-default\" data-id=\"dc5e9d3\" data-element_type=\"section\">\n\t\t\t\t\t\t<div class=\"elementor-container elementor-column-gap-default\">\n\t\t\t\t\t<div class=\"elementor-column elementor-col-50 elementor-top-column elementor-element elementor-element-3d8d18e\" data-id=\"3d8d18e\" data-element_type=\"column\">\n\t\t\t<div class=\"elementor-widget-wrap elementor-element-populated\">\n\t\t\t\t\t\t<div class=\"elementor-element elementor-element-9c8d200 color-scheme-inherit text-left elementor-widget elementor-widget-text-editor\" data-id=\"9c8d200\" data-element_type=\"widget\" data-widget_type=\"text-editor.default\">\n\t\t\t\t<div class=\"elementor-widget-container\">\n\t\t\t\t\t\t\t\t\t<h1>SR71-BLACKBIRD &#8211; Carbon FRAME<\/h1><p data-sourcepos=\"3:1-3:254\">Notre nouveau cadre SR71-BLACKBIRD est une v\u00e9ritable prouesse technologique inspir\u00e9e des formes de l&#8217;avion supersonique SR71 Blackbird. Fabriqu\u00e9 avec du carbone Toray T700 et T1000 de haute qualit\u00e9, ce cadre allie l\u00e9g\u00e8ret\u00e9, robustesse et performance.<\/p><p data-sourcepos=\"5:1-5:402\">L&#8217;une des principales innovations de ce cadre r\u00e9side dans la partie dropout arri\u00e8re, qui int\u00e8gre une technologie demi-cercle offrant 6 positions fixes. Cette caract\u00e9ristique unique permet d&#8217;am\u00e9liorer la rigidit\u00e9 du cadre et d&#8217;installer la roue arri\u00e8re avec une remarquable simplicit\u00e9. Fini les tracas de r\u00e9glage de la roue arri\u00e8re, tout en b\u00e9n\u00e9ficiant de multiples distances possibles pour la roue.<\/p><p data-sourcepos=\"7:1-7:329\">Le cadre SR71-BLACKBIRD peut accueillir un rapport de transmission allant jusqu&#8217;\u00e0 52&#215;18, gr\u00e2ce \u00e0 l&#8217;\u00e9l\u00e9vation de nos tubes arri\u00e8re qui permettent un meilleur d\u00e9gagement de la cha\u00eene sans risque de collision. Cela offre aux cyclistes la possibilit\u00e9 de repousser leurs limites en termes de vitesse et de performance de p\u00e9dalage.<\/p><p data-sourcepos=\"9:1-9:347\">En conclusion, le cadre carbone SR71-BLACKBIRD est une concentration de technologie et d&#8217;innovation qui saura satisfaire les cyclistes \u00e0 la recherche d&#8217;un \u00e9quipement haut de gamme. Avec ses caract\u00e9ristiques exceptionnelles et son design inspir\u00e9, ce cadre repr\u00e9sente la combinaison parfaite entre design avant-gardiste et performance de pointe.<\/p><p><strong>Weight frame (PRO XL): 1.560 Gr ( +\/- 2%) | 3.307 lbs ( +\/- 2%) <\/strong><\/p>\t\t\t\t\t\t\t\t<\/div>\n\t\t\t\t<\/div>\n\t\t\t\t\t<\/div>\n\t\t<\/div>\n\t\t\t\t<div class=\"elementor-column elementor-col-50 elementor-top-column elementor-element elementor-element-7602584\" data-id=\"7602584\" data-element_type=\"column\" data-settings=\"{&quot;background_background&quot;:&quot;classic&quot;}\">\n\t\t\t<div class=\"elementor-widget-wrap elementor-element-populated\">\n\t\t\t\t\t\t<div class=\"elementor-element elementor-element-25f6b47 color-scheme-inherit text-left elementor-widget elementor-widget-text-editor\" data-id=\"25f6b47\" data-element_type=\"widget\" data-widget_type=\"text-editor.default\">\n\t\t\t\t<div class=\"elementor-widget-container\">\n\t\t\t\t\t\t\t\t\t<h3 style=\"text-align: center;\"><strong>CARACTERISTIQUES\u00a0<\/strong><\/h3><ul><li><h5>Patented &#8216;Semi-Circle System&#8217;:<\/h5><p>Offering a 50mm adjustment range between <br \/>positions 1 and 6, ensuring increased rigidity and <br \/>eliminating the need for rear wheel adjustment<br \/>Compatible with 10mm (6 positions) or 15mm axles <br \/>(4 positions) available as an option.<\/p><p>Pro XL (21\u201d) \u2013 CS MIN 360 mm \/ CS MAX 410mm<br \/>Pro 2XL ( 21.5\u201d) &#8211; CS MIN 360 mm \/ CS MAX 410mm<br \/>Pro 3XL (22 \u201c) &#8211; CS MIN 375 mm \/ CS MAX 425mm<br \/>Pro 4XL (22.5 \u201c) &#8211; CS MIN 375 mm \/ CS MAX 425mm<\/p><\/li><li><h5>Unbreakable strength:<\/h5>Our frames are reinforced at the dropout with <br \/>7075 aluminum.<\/li><li><h5>80mm chain tensioner:<\/h5>Precise horizontal tension for a long-lasting chain.<\/li><li>Integration rail for connected devices<br \/>such as GoPro cameras.<\/li><li>Internal cable management plastic guides<\/li><li>Integrated seat clamp system<\/li><li>Maximum gear ratio: 52&#215;18<\/li><\/ul>\t\t\t\t\t\t\t\t<\/div>\n\t\t\t\t<\/div>\n\t\t\t\t\t<\/div>\n\t\t<\/div>\n\t\t\t\t\t<\/div>\n\t\t<\/section>\n\t\t\t\t<section class=\"wd-negative-gap elementor-section elementor-top-section elementor-element elementor-element-e21fbb9 elementor-section-boxed elementor-section-height-default elementor-section-height-default\" data-id=\"e21fbb9\" data-element_type=\"section\">\n\t\t\t\t\t\t<div class=\"elementor-container elementor-column-gap-default\">\n\t\t\t\t\t<div class=\"elementor-column elementor-col-100 elementor-top-column elementor-element elementor-element-d2144f8\" data-id=\"d2144f8\" data-element_type=\"column\">\n\t\t\t<div class=\"elementor-widget-wrap elementor-element-populated\">\n\t\t\t\t\t\t<div class=\"elementor-element elementor-element-76c0468 elementor-widget elementor-widget-wd_text_block\" data-id=\"76c0468\" data-element_type=\"widget\" data-widget_type=\"wd_text_block.default\">\n\t\t\t\t<div class=\"elementor-widget-container\">\n\t\t\t\t\t\t\t<div class=\"wd-text-block reset-last-child text-left\">\n\t\t\t\n\t\t\t<p><strong>\t\t<div data-elementor-type=\"wp-post\" data-elementor-id=\"14467\" class=\"elementor elementor-14467\">\n\t\t\t\t\t\t<section class=\"wd-negative-gap elementor-section elementor-top-section elementor-element elementor-element-519d4997 elementor-section-boxed elementor-section-height-default elementor-section-height-default\" data-id=\"519d4997\" data-element_type=\"section\">\n\t\t\t\t\t\t<div class=\"elementor-container elementor-column-gap-default\">\n\t\t\t\t\t<div class=\"elementor-column elementor-col-100 elementor-top-column elementor-element elementor-element-3ab6593b\" data-id=\"3ab6593b\" data-element_type=\"column\">\n\t\t\t<div class=\"elementor-widget-wrap elementor-element-populated\">\n\t\t\t\t\t\t<div class=\"elementor-element elementor-element-1c66cb8c color-scheme-inherit text-left elementor-widget elementor-widget-text-editor\" data-id=\"1c66cb8c\" data-element_type=\"widget\" data-widget_type=\"text-editor.default\">\n\t\t\t\t<div class=\"elementor-widget-container\">\n\t\t\t\t\t\t\t\t\t<p>\u00a0<\/p><p><a href=\"https:\/\/www.lrbracing.com\/wp-content\/uploads\/2025\/01\/PLAN-2D.png\"><img fetchpriority=\"high\" decoding=\"async\" class=\"alignnone size-large wp-image-14471\" src=\"https:\/\/www.lrbracing.com\/wp-content\/uploads\/2025\/01\/PLAN-2D-1024x621.png\" alt=\"\" width=\"1024\" height=\"621\" srcset=\"https:\/\/www.lrbracing.com\/eu\/wp-content\/uploads\/2025\/01\/PLAN-2D-1024x621.png 1024w, https:\/\/www.lrbracing.com\/eu\/wp-content\/uploads\/2025\/01\/PLAN-2D-300x182.png 300w, https:\/\/www.lrbracing.com\/eu\/wp-content\/uploads\/2025\/01\/PLAN-2D-768x466.png 768w, https:\/\/www.lrbracing.com\/eu\/wp-content\/uploads\/2025\/01\/PLAN-2D-1536x932.png 1536w, https:\/\/www.lrbracing.com\/eu\/wp-content\/uploads\/2025\/01\/PLAN-2D-2048x1243.png 2048w, https:\/\/www.lrbracing.com\/eu\/wp-content\/uploads\/2025\/01\/PLAN-2D-600x364.png 600w, https:\/\/www.lrbracing.com\/eu\/wp-content\/uploads\/2025\/01\/PLAN-2D-1200x728.png 1200w, https:\/\/www.lrbracing.com\/eu\/wp-content\/uploads\/2025\/01\/PLAN-2D-150x91.png 150w\" sizes=\"(max-width: 1024px) 100vw, 1024px\" \/><\/a><\/p><p><strong>Poids du cadre PRO XL =\u00a0 1,560 Kg (+\/- 2%) | 3.307 lbs (+\/- 2%)<\/strong><\/p><table style=\"height: 556px;\" width=\"1719\"><tbody><tr><td width=\"150\"><span style=\"color: #ff0000;\">Tailles 20&#8243;<\/span><\/td><td width=\"150\"><span style=\"color: #ff0000;\">RIDER AREA Min<\/span><\/td><td width=\"133\"><span style=\"color: #ff0000;\">TT<\/span><\/td><td width=\"115\"><span style=\"color: #ff0000;\">CS min<\/span><\/td><td width=\"115\"><span style=\"color: #ff0000;\">CS max<\/span><\/td><td width=\"134\"><span style=\"color: #ff0000;\">BBH<\/span><\/td><td width=\"90\"><span style=\"color: #ff0000;\">SA<\/span><\/td><td width=\"83\"><span style=\"color: #ff0000;\">HA<\/span><\/td><td width=\"240\"><span style=\"color: #ff0000;\">OD\u00a0<\/span><\/td><td width=\"136\"><span style=\"color: #ff0000;\">SPL<\/span><\/td><td width=\"125\"><span style=\"color: #ff0000;\">SP SIZE<\/span><\/td><td width=\"97\"><span style=\"color: #ff0000;\">HT<\/span><\/td><td width=\"151\"><span style=\"color: #ff0000;\">BB Type<\/span><\/td><\/tr><tr><td>Junior light<\/td><td width=\"150\">\u00a0<\/td><td width=\"133\">18.8\u2033<br \/>478 mm<\/td><td width=\"115\">320 mm<\/td><td width=\"115\">352 mm<\/td><td width=\"134\">276 mm<\/td><td>70\u00b0<\/td><td>73\u00b0<\/td><td width=\"240\">int\u00e9gr\u00e9 conique<br \/>OD 1-1\/8\u2033 &#8211; 1,5\u2033<\/td><td>182 mm<\/td><td>27,2 mm<\/td><td>115mm<\/td><td>PRESSFIT<\/td><\/tr><tr><td>Expert +<\/td><td width=\"150\">\u00a0<\/td><td width=\"133\">19.7\u2033<br \/>500 mm<\/td><td width=\"115\">320 mm<\/td><td width=\"115\">352 mm<\/td><td width=\"134\">276 mm<\/td><td>70\u00b0<\/td><td>73\u00b0<\/td><td width=\"240\">int\u00e9gr\u00e9 conique<br \/>OD 1-1\/8\u2033 &#8211; 1,5\u2033<\/td><td>182 mm<\/td><td>27,2 mm<\/td><td>115mm<\/td><td>PRESSFIT<\/td><\/tr><tr><td>Pro XL<\/td><td width=\"150\">948 mm<\/td><td width=\"133\">21&#8243;<br \/>533,5 mm<\/td><td width=\"115\">360 mm<\/td><td width=\"115\">410 mm<\/td><td width=\"134\">11,5<br \/>292 mm<\/td><td>72,5\u00b0<\/td><td>74\u00b0<\/td><td width=\"240\">int\u00e9gr\u00e9 conique<br \/>OD 1-1\/8\u2033 &#8211; 1,5\u2033<\/td><td>175mm<\/td><td>27,2 mm<\/td><td>120mm<\/td><td>PRESSFIT<\/td><\/tr><tr><td>Pro XXL<\/td><td width=\"150\">961 mm<\/td><td width=\"133\">21,5&#8243;<br \/>546 mm<\/td><td width=\"115\">360 mm<\/td><td width=\"115\">410 mm<\/td><td width=\"134\">11,5<br \/>292 mm<\/td><td>72,5\u00b0<\/td><td>74\u00b0<\/td><td width=\"240\">int\u00e9gr\u00e9 conique<br \/>OD 1-1\/8\u2033 &#8211; 1,5\u2033<\/td><td>175mm<\/td><td>27,2 mm<\/td><td>120mm<\/td><td>PRESSFIT<\/td><\/tr><tr><td>Pro XXXL<\/td><td width=\"150\">989 mm<\/td><td width=\"133\">22\u2033<br \/>558 mm<\/td><td width=\"115\">375 mm<\/td><td width=\"115\">425 mm<\/td><td width=\"134\">11,5<br \/>292 mm<\/td><td>72,5\u00b0<\/td><td>74\u00b0<\/td><td width=\"240\">int\u00e9gr\u00e9 conique<br \/>OD 1-1\/8\u2033 &#8211; 1,5\u2033<\/td><td>175mm<\/td><td>27,2 mm<\/td><td>120mm<\/td><td>PRESSFIT<\/td><\/tr><tr><td>Pro XXXXL<\/td><td width=\"150\">1002 mm<\/td><td width=\"133\">22,5\u2033<br \/>570 mm<\/td><td width=\"115\">375 mm<\/td><td width=\"115\">425 mm<\/td><td width=\"134\">11,5<br \/>292 mm<\/td><td>72,5\u00b0<\/td><td>74\u00b0<\/td><td width=\"240\">int\u00e9gr\u00e9 conique<br \/>OD 1-1\/8\u2033 &#8211; 1,5\u2033<\/td><td>175mm<\/td><td>27,2 mm<\/td><td>120mm<\/td><td>PRESSFIT<\/td><\/tr><tr><td>\u00a0<\/td><td width=\"150\">\u00a0<\/td><td width=\"133\">\u00a0<\/td><td width=\"115\">\u00a0<\/td><td width=\"115\">\u00a0<\/td><td width=\"134\">\u00a0<\/td><td>\u00a0<\/td><td>\u00a0<\/td><td width=\"240\">\u00a0<\/td><td>\u00a0<\/td><td>\u00a0<\/td><td>\u00a0<\/td><td>\u00a0<\/td><\/tr><tr><td>\u00a0<\/td><td>\u00a0<\/td><td>\u00a0<\/td><td>\u00a0<\/td><td>\u00a0<\/td><td>\u00a0<\/td><td>\u00a0<\/td><td>\u00a0<\/td><td width=\"240\">\u00a0<\/td><td>\u00a0<\/td><td>\u00a0<\/td><td>\u00a0<\/td><td>\u00a0<\/td><\/tr><tr><td width=\"150\"><span style=\"color: #ff0000;\">Tailles 24&#8243;<\/span><\/td><td width=\"150\"><span style=\"color: #ff0000;\">RIDER AREA Min<\/span><\/td><td width=\"133\"><span style=\"color: #ff0000;\">TT<\/span><\/td><td width=\"115\"><span style=\"color: #ff0000;\">CS min<\/span><\/td><td width=\"115\"><span style=\"color: #ff0000;\">CS min<\/span><\/td><td width=\"134\"><span style=\"color: #ff0000;\">BBH<\/span><\/td><td width=\"90\"><span style=\"color: #ff0000;\">SA<\/span><\/td><td width=\"83\"><span style=\"color: #ff0000;\">HA<\/span><\/td><td width=\"240\"><span style=\"color: #ff0000;\">OD\u00a0<\/span><\/td><td width=\"136\"><span style=\"color: #ff0000;\">SPL<\/span><\/td><td width=\"125\"><span style=\"color: #ff0000;\">SP SIZE<\/span><\/td><td width=\"97\"><span style=\"color: #ff0000;\">HT<\/span><\/td><td width=\"151\"><span style=\"color: #ff0000;\">BB Type<\/span><\/td><\/tr><tr><td width=\"150\">Cruiser<\/td><td width=\"150\">956 mm<\/td><td width=\"133\">21,25\u2033<br \/>540 mm<\/td><td width=\"115\">380 mm<\/td><td width=\"115\">430 mm<\/td><td width=\"134\">12<br \/>305 mm<\/td><td width=\"90\">69,5\u00b0<\/td><td width=\"83\">73\u00b0<\/td><td width=\"240\">int\u00e9gr\u00e9 conique<br \/>OD 1-1\/8\u2033 &#8211; 1,5\u2033<\/td><td width=\"136\">232 mm<\/td><td width=\"125\">27,2 mm<\/td><td width=\"97\">120mm<\/td><td width=\"151\">PRESSFIT<\/td><\/tr><tr><td width=\"150\">Cruiser XL<\/td><td width=\"150\">976 mm<\/td><td width=\"133\">22\u2033<br \/>558 mm<\/td><td width=\"115\">380 mm<\/td><td width=\"115\">430 mm<\/td><td width=\"134\">12<br \/>305 mm<\/td><td width=\"90\">69,5\u00b0<\/td><td width=\"83\">73\u00b0<\/td><td width=\"240\">int\u00e9gr\u00e9 conique<br \/>OD 1-1\/8\u2033 &#8211; 1,5\u2033<\/td><td width=\"136\">232 mm<\/td><td width=\"125\">27,2 mm<\/td><td width=\"97\">120mm<\/td><td width=\"151\">PRESSFIT<\/td><\/tr><\/tbody><\/table>\t\t\t\t\t\t\t\t<\/div>\n\t\t\t\t<\/div>\n\t\t\t\t\t<\/div>\n\t\t<\/div>\n\t\t\t\t\t<\/div>\n\t\t<\/section>\n\t\t\t\t<\/div>\n\t\t\t\t\t\t<link rel=\"stylesheet\" id=\"elementor-post-14467-css\" href=\"https:\/\/www.lrbracing.com\/eu\/wp-content\/uploads\/elementor\/css\/post-14467.css?ver=1777433169\" type=\"text\/css\" media=\"all\">\n\t\t\t\t<\/strong><\/p>\n\t\t\t\t\t<\/div>\n\t\t\t\t\t\t<\/div>\n\t\t\t\t<\/div>\n\t\t\t\t\t<\/div>\n\t\t<\/div>\n\t\t\t\t\t<\/div>\n\t\t<\/section>\n\t\t\t\t<\/div>\n\t\t","protected":false},"excerpt":{"rendered":"<h6><span style=\"vertical-align: inherit;\"><span style=\"vertical-align: inherit;\"><span style=\"vertical-align: inherit;\"><span style=\"vertical-align: inherit;\"><span style=\"vertical-align: inherit;\"><span style=\"vertical-align: inherit;\"><span style=\"vertical-align: inherit;\"><span style=\"vertical-align: inherit;\"><span style=\"vertical-align: inherit;\"><span style=\"vertical-align: inherit;\"><span style=\"vertical-align: inherit;\"><span style=\"vertical-align: inherit;\">Tempus lectus viverra aa in cubilia praesent ultricies cum parturient senectus sem class fringilla id ullamcorper adipiscing parturient est id dis rutrum leo Euismod.A condiment penatibus hac a magna sagittis condimentum vestibulum tempor dignissim\u00a0<\/span><\/span><\/span><\/span><\/span><\/span><\/span><\/span><\/span><\/span><\/span><\/span><\/h6>\n","protected":false},"featured_media":17150,"template":"","meta":[],"product_brand":[],"product_cat":[842],"product_tag":[],"class_list":{"0":"post-17064","1":"product","2":"type-product","3":"status-publish","4":"has-post-thumbnail","6":"product_cat-carbon-frames","7":"product_shipping_class-colis-cadres-et-accessoires-en","9":"first","10":"instock","11":"taxable","12":"shipping-taxable","13":"purchasable","14":"product-type-variable","15":"has-default-attributes"},"yoast_head":"<!-- This site is optimized with the Yoast SEO plugin v26.7 - https:\/\/yoast.com\/wordpress\/plugins\/seo\/ -->\n<title>Frame &amp; Fork carbon &quot;SR71-BLACKBIRD&quot; | Special Edition &quot;Maturano&quot; 4XL - MARSHAL RACING &amp; LEGION BICYCLES<\/title>\n<meta name=\"description\" content=\"Faite le choix d\u2019un design exceptionnel gr\u00e2ce \u00e0 nos mod\u00e8les cadre &amp; fourche MARSHAL. Pens\u00e9 et d\u00e9cor\u00e9 en un ensemble unique.\" \/>\n<meta name=\"robots\" content=\"index, follow, max-snippet:-1, max-image-preview:large, max-video-preview:-1\" \/>\n<link rel=\"canonical\" href=\"https:\/\/www.lrbracing.com\/eu\/en\/produits\/carbon-frames\/frame-fork-carbon-sr71-blackbird-special-edition-maturano-4xl\/\" \/>\n<meta property=\"og:locale\" content=\"fr_FR\" \/>\n<meta property=\"og:type\" content=\"article\" \/>\n<meta property=\"og:title\" content=\"Frame &amp; Fork carbon &quot;SR71-BLACKBIRD&quot; | Special Edition &quot;Maturano&quot; 4XL - MARSHAL RACING &amp; LEGION BICYCLES\" \/>\n<meta property=\"og:description\" content=\"Faite le choix d\u2019un design exceptionnel gr\u00e2ce \u00e0 nos mod\u00e8les cadre &amp; fourche MARSHAL. Pens\u00e9 et d\u00e9cor\u00e9 en un ensemble unique.\" \/>\n<meta property=\"og:url\" content=\"https:\/\/www.lrbracing.com\/eu\/en\/produits\/carbon-frames\/frame-fork-carbon-sr71-blackbird-special-edition-maturano-4xl\/\" \/>\n<meta property=\"og:site_name\" content=\"MARSHAL RACING &amp; LEGION BICYCLES\" \/>\n<meta property=\"article:modified_time\" content=\"2026-03-24T09:20:14+00:00\" \/>\n<meta property=\"og:image\" content=\"https:\/\/www.lrbracing.com\/eu\/wp-content\/uploads\/2025\/12\/cadre-blanc-maturano.jpg\" \/>\n\t<meta property=\"og:image:width\" content=\"2400\" \/>\n\t<meta property=\"og:image:height\" content=\"1792\" \/>\n\t<meta property=\"og:image:type\" content=\"image\/jpeg\" \/>\n<meta name=\"twitter:card\" content=\"summary_large_image\" \/>\n<meta name=\"twitter:label1\" content=\"Dur\u00e9e de lecture estim\u00e9e\" \/>\n\t<meta name=\"twitter:data1\" content=\"4 minutes\" \/>\n<script type=\"application\/ld+json\" class=\"yoast-schema-graph\">{\"@context\":\"https:\/\/schema.org\",\"@graph\":[{\"@type\":\"WebPage\",\"@id\":\"https:\/\/www.lrbracing.com\/eu\/en\/produits\/carbon-frames\/frame-fork-carbon-sr71-blackbird-special-edition-maturano-4xl\/\",\"url\":\"https:\/\/www.lrbracing.com\/eu\/en\/produits\/carbon-frames\/frame-fork-carbon-sr71-blackbird-special-edition-maturano-4xl\/\",\"name\":\"Frame & Fork carbon \\\"SR71-BLACKBIRD\\\" | Special Edition \\\"Maturano\\\" 4XL - MARSHAL RACING &amp; LEGION BICYCLES\",\"isPartOf\":{\"@id\":\"https:\/\/www.lrbracing.com\/eu\/#website\"},\"primaryImageOfPage\":{\"@id\":\"https:\/\/www.lrbracing.com\/eu\/en\/produits\/carbon-frames\/frame-fork-carbon-sr71-blackbird-special-edition-maturano-4xl\/#primaryimage\"},\"image\":{\"@id\":\"https:\/\/www.lrbracing.com\/eu\/en\/produits\/carbon-frames\/frame-fork-carbon-sr71-blackbird-special-edition-maturano-4xl\/#primaryimage\"},\"thumbnailUrl\":\"https:\/\/www.lrbracing.com\/eu\/wp-content\/uploads\/2025\/12\/cadre-blanc-maturano.jpg\",\"datePublished\":\"2025-12-23T13:39:09+00:00\",\"dateModified\":\"2026-03-24T09:20:14+00:00\",\"description\":\"Faite le choix d\u2019un design exceptionnel gr\u00e2ce \u00e0 nos mod\u00e8les cadre & fourche MARSHAL. Pens\u00e9 et d\u00e9cor\u00e9 en un ensemble unique.\",\"breadcrumb\":{\"@id\":\"https:\/\/www.lrbracing.com\/eu\/en\/produits\/carbon-frames\/frame-fork-carbon-sr71-blackbird-special-edition-maturano-4xl\/#breadcrumb\"},\"inLanguage\":\"fr-FR\",\"potentialAction\":[{\"@type\":\"ReadAction\",\"target\":[\"https:\/\/www.lrbracing.com\/eu\/en\/produits\/carbon-frames\/frame-fork-carbon-sr71-blackbird-special-edition-maturano-4xl\/\"]}]},{\"@type\":\"ImageObject\",\"inLanguage\":\"fr-FR\",\"@id\":\"https:\/\/www.lrbracing.com\/eu\/en\/produits\/carbon-frames\/frame-fork-carbon-sr71-blackbird-special-edition-maturano-4xl\/#primaryimage\",\"url\":\"https:\/\/www.lrbracing.com\/eu\/wp-content\/uploads\/2025\/12\/cadre-blanc-maturano.jpg\",\"contentUrl\":\"https:\/\/www.lrbracing.com\/eu\/wp-content\/uploads\/2025\/12\/cadre-blanc-maturano.jpg\",\"width\":2400,\"height\":1792},{\"@type\":\"BreadcrumbList\",\"@id\":\"https:\/\/www.lrbracing.com\/eu\/en\/produits\/carbon-frames\/frame-fork-carbon-sr71-blackbird-special-edition-maturano-4xl\/#breadcrumb\",\"itemListElement\":[{\"@type\":\"ListItem\",\"position\":1,\"name\":\"Accueil\",\"item\":\"https:\/\/www.lrbracing.com\/eu\/\"},{\"@type\":\"ListItem\",\"position\":2,\"name\":\"Produits\",\"item\":\"https:\/\/www.lrbracing.com\/eu\/produits\/\"},{\"@type\":\"ListItem\",\"position\":3,\"name\":\"Frame &#038; Fork carbon \u00ab\u00a0SR71-BLACKBIRD\u00a0\u00bb | Special Edition \u00ab\u00a0Maturano\u00a0\u00bb 4XL\"}]},{\"@type\":\"WebSite\",\"@id\":\"https:\/\/www.lrbracing.com\/eu\/#website\",\"url\":\"https:\/\/www.lrbracing.com\/eu\/\",\"name\":\"MARSHAL RACING &amp; LEGION BICYCLES\",\"description\":\"Groupe LRB RACING\",\"potentialAction\":[{\"@type\":\"SearchAction\",\"target\":{\"@type\":\"EntryPoint\",\"urlTemplate\":\"https:\/\/www.lrbracing.com\/eu\/?s={search_term_string}\"},\"query-input\":{\"@type\":\"PropertyValueSpecification\",\"valueRequired\":true,\"valueName\":\"search_term_string\"}}],\"inLanguage\":\"fr-FR\"}]}<\/script>\n<!-- \/ Yoast SEO plugin. -->","yoast_head_json":{"title":"Frame & Fork carbon \"SR71-BLACKBIRD\" | Special Edition \"Maturano\" 4XL - MARSHAL RACING &amp; LEGION BICYCLES","description":"Faite le choix d\u2019un design exceptionnel gr\u00e2ce \u00e0 nos mod\u00e8les cadre & fourche MARSHAL. Pens\u00e9 et d\u00e9cor\u00e9 en un ensemble unique.","robots":{"index":"index","follow":"follow","max-snippet":"max-snippet:-1","max-image-preview":"max-image-preview:large","max-video-preview":"max-video-preview:-1"},"canonical":"https:\/\/www.lrbracing.com\/eu\/en\/produits\/carbon-frames\/frame-fork-carbon-sr71-blackbird-special-edition-maturano-4xl\/","og_locale":"fr_FR","og_type":"article","og_title":"Frame & Fork carbon \"SR71-BLACKBIRD\" | Special Edition \"Maturano\" 4XL - MARSHAL RACING &amp; LEGION BICYCLES","og_description":"Faite le choix d\u2019un design exceptionnel gr\u00e2ce \u00e0 nos mod\u00e8les cadre & fourche MARSHAL. Pens\u00e9 et d\u00e9cor\u00e9 en un ensemble unique.","og_url":"https:\/\/www.lrbracing.com\/eu\/en\/produits\/carbon-frames\/frame-fork-carbon-sr71-blackbird-special-edition-maturano-4xl\/","og_site_name":"MARSHAL RACING &amp; LEGION BICYCLES","article_modified_time":"2026-03-24T09:20:14+00:00","og_image":[{"width":2400,"height":1792,"url":"https:\/\/www.lrbracing.com\/eu\/wp-content\/uploads\/2025\/12\/cadre-blanc-maturano.jpg","type":"image\/jpeg"}],"twitter_card":"summary_large_image","twitter_misc":{"Dur\u00e9e de lecture estim\u00e9e":"4 minutes"},"schema":{"@context":"https:\/\/schema.org","@graph":[{"@type":"WebPage","@id":"https:\/\/www.lrbracing.com\/eu\/en\/produits\/carbon-frames\/frame-fork-carbon-sr71-blackbird-special-edition-maturano-4xl\/","url":"https:\/\/www.lrbracing.com\/eu\/en\/produits\/carbon-frames\/frame-fork-carbon-sr71-blackbird-special-edition-maturano-4xl\/","name":"Frame & Fork carbon \"SR71-BLACKBIRD\" | Special Edition \"Maturano\" 4XL - MARSHAL RACING &amp; LEGION BICYCLES","isPartOf":{"@id":"https:\/\/www.lrbracing.com\/eu\/#website"},"primaryImageOfPage":{"@id":"https:\/\/www.lrbracing.com\/eu\/en\/produits\/carbon-frames\/frame-fork-carbon-sr71-blackbird-special-edition-maturano-4xl\/#primaryimage"},"image":{"@id":"https:\/\/www.lrbracing.com\/eu\/en\/produits\/carbon-frames\/frame-fork-carbon-sr71-blackbird-special-edition-maturano-4xl\/#primaryimage"},"thumbnailUrl":"https:\/\/www.lrbracing.com\/eu\/wp-content\/uploads\/2025\/12\/cadre-blanc-maturano.jpg","datePublished":"2025-12-23T13:39:09+00:00","dateModified":"2026-03-24T09:20:14+00:00","description":"Faite le choix d\u2019un design exceptionnel gr\u00e2ce \u00e0 nos mod\u00e8les cadre & fourche MARSHAL. Pens\u00e9 et d\u00e9cor\u00e9 en un ensemble unique.","breadcrumb":{"@id":"https:\/\/www.lrbracing.com\/eu\/en\/produits\/carbon-frames\/frame-fork-carbon-sr71-blackbird-special-edition-maturano-4xl\/#breadcrumb"},"inLanguage":"fr-FR","potentialAction":[{"@type":"ReadAction","target":["https:\/\/www.lrbracing.com\/eu\/en\/produits\/carbon-frames\/frame-fork-carbon-sr71-blackbird-special-edition-maturano-4xl\/"]}]},{"@type":"ImageObject","inLanguage":"fr-FR","@id":"https:\/\/www.lrbracing.com\/eu\/en\/produits\/carbon-frames\/frame-fork-carbon-sr71-blackbird-special-edition-maturano-4xl\/#primaryimage","url":"https:\/\/www.lrbracing.com\/eu\/wp-content\/uploads\/2025\/12\/cadre-blanc-maturano.jpg","contentUrl":"https:\/\/www.lrbracing.com\/eu\/wp-content\/uploads\/2025\/12\/cadre-blanc-maturano.jpg","width":2400,"height":1792},{"@type":"BreadcrumbList","@id":"https:\/\/www.lrbracing.com\/eu\/en\/produits\/carbon-frames\/frame-fork-carbon-sr71-blackbird-special-edition-maturano-4xl\/#breadcrumb","itemListElement":[{"@type":"ListItem","position":1,"name":"Accueil","item":"https:\/\/www.lrbracing.com\/eu\/"},{"@type":"ListItem","position":2,"name":"Produits","item":"https:\/\/www.lrbracing.com\/eu\/produits\/"},{"@type":"ListItem","position":3,"name":"Frame &#038; Fork carbon \u00ab\u00a0SR71-BLACKBIRD\u00a0\u00bb | Special Edition \u00ab\u00a0Maturano\u00a0\u00bb 4XL"}]},{"@type":"WebSite","@id":"https:\/\/www.lrbracing.com\/eu\/#website","url":"https:\/\/www.lrbracing.com\/eu\/","name":"MARSHAL RACING &amp; LEGION BICYCLES","description":"Groupe LRB RACING","potentialAction":[{"@type":"SearchAction","target":{"@type":"EntryPoint","urlTemplate":"https:\/\/www.lrbracing.com\/eu\/?s={search_term_string}"},"query-input":{"@type":"PropertyValueSpecification","valueRequired":true,"valueName":"search_term_string"}}],"inLanguage":"fr-FR"}]}},"_links":{"self":[{"href":"https:\/\/www.lrbracing.com\/eu\/wp-json\/wp\/v2\/product\/17064","targetHints":{"allow":["GET"]}}],"collection":[{"href":"https:\/\/www.lrbracing.com\/eu\/wp-json\/wp\/v2\/product"}],"about":[{"href":"https:\/\/www.lrbracing.com\/eu\/wp-json\/wp\/v2\/types\/product"}],"version-history":[{"count":1,"href":"https:\/\/www.lrbracing.com\/eu\/wp-json\/wp\/v2\/product\/17064\/revisions"}],"predecessor-version":[{"id":17066,"href":"https:\/\/www.lrbracing.com\/eu\/wp-json\/wp\/v2\/product\/17064\/revisions\/17066"}],"wp:featuredmedia":[{"embeddable":true,"href":"https:\/\/www.lrbracing.com\/eu\/wp-json\/wp\/v2\/media\/17150"}],"wp:attachment":[{"href":"https:\/\/www.lrbracing.com\/eu\/wp-json\/wp\/v2\/media?parent=17064"}],"wp:term":[{"taxonomy":"product_brand","embeddable":true,"href":"https:\/\/www.lrbracing.com\/eu\/wp-json\/wp\/v2\/product_brand?post=17064"},{"taxonomy":"product_cat","embeddable":true,"href":"https:\/\/www.lrbracing.com\/eu\/wp-json\/wp\/v2\/product_cat?post=17064"},{"taxonomy":"product_tag","embeddable":true,"href":"https:\/\/www.lrbracing.com\/eu\/wp-json\/wp\/v2\/product_tag?post=17064"}],"curies":[{"name":"wp","href":"https:\/\/api.w.org\/{rel}","templated":true}]}}