{"id":17078,"date":"2026-01-02T09:02:54","date_gmt":"2026-01-02T08:02:54","guid":{"rendered":"https:\/\/www.lrbracing.com\/eu\/?post_type=product&#038;p=17078"},"modified":"2026-01-07T15:51:55","modified_gmt":"2026-01-07T14:51:55","slug":"carbon-bike-marshal-racing-sr71-blackbird-edition-jungle-green-pro-4xl-22-5","status":"publish","type":"product","link":"https:\/\/www.lrbracing.com\/eu\/en\/produits\/bikes-marshal\/carbon-bike-marshal-racing-sr71-blackbird-edition-jungle-green-pro-4xl-22-5\/","title":{"rendered":"Carbon bike MARSHAL RACING &#8220;SR71-BLACKBIRD&#8221; | Edition &#8220;JUNGLE GREEN&#8221; | CRUISER 21.25"},"content":{"rendered":"\t\t<div data-elementor-type=\"wp-post\" data-elementor-id=\"17078\" class=\"elementor elementor-17078\">\n\t\t\t\t\t\t<section class=\"wd-negative-gap elementor-section elementor-top-section elementor-element elementor-element-0cb28dc elementor-section-boxed elementor-section-height-default elementor-section-height-default\" data-id=\"0cb28dc\" data-element_type=\"section\">\n\t\t\t\t\t\t<div class=\"elementor-container elementor-column-gap-default\">\n\t\t\t\t\t<div class=\"elementor-column elementor-col-100 elementor-top-column elementor-element elementor-element-638005f\" data-id=\"638005f\" data-element_type=\"column\">\n\t\t\t<div class=\"elementor-widget-wrap elementor-element-populated\">\n\t\t\t\t\t\t<div class=\"elementor-element elementor-element-7faadda color-scheme-inherit text-left elementor-widget elementor-widget-text-editor\" data-id=\"7faadda\" data-element_type=\"widget\" data-widget_type=\"text-editor.default\">\n\t\t\t\t<div class=\"elementor-widget-container\">\n\t\t\t\t\t\t\t\t\t<h1 data-sourcepos=\"5:1-5:56\"><strong>Marshal Racing Bike\u00a0<\/strong><\/h1><h4 data-sourcepos=\"7:1-7:221\">CARACTERISTICS<\/h4><ul><li style=\"list-style-type: none;\"><ul><li data-sourcepos=\"7:1-7:221\"><strong>Frame:<\/strong> Marshal Carbon SR71BLACKBIRD CRUISER (21.25)<\/li><li data-sourcepos=\"7:1-7:221\"><strong>Fork:<\/strong> Marshal BLACKDIAMOND (1-1\/8\u2033 | 1,5\u2033)\u00a0<\/li><li data-sourcepos=\"7:1-7:221\"><strong>Headset:<\/strong>\u00a0Legion Sealed Full Integrated Tapered (1-1\/8\u2033 | 1,5\u2033)<\/li><li data-sourcepos=\"7:1-7:221\"><strong>Handlebars:<\/strong> Legion size 5.7\u00a0 CrMo clamp 31.8 | BACKSWEEP 3\u00b0 | UPSWEEP 2\u00b0<\/li><li data-sourcepos=\"7:1-7:221\"><strong>Stem:<\/strong> Legion size 53\u00a0 clamp 31.8 \u2013 100% CNC 1-1\/8\u201d\u00a0<\/li><li data-sourcepos=\"7:1-7:221\"><strong>Grips:<\/strong>\u00a0LEGION- lock length 135mm<\/li><li data-sourcepos=\"7:1-7:221\"><strong>Brake lever:<\/strong>\u00a0Shimano XT8100 \u2013 Hydraulic lever<\/li><li data-sourcepos=\"7:1-7:221\"><strong>Brake caliper:<\/strong>\u00a0Shimano XT8100 \u2013 Hydraulic caliper<\/li><li data-sourcepos=\"7:1-7:221\"><strong>Brake rotor:<\/strong>\u00a0Legion 140mm Aluminum 7075 | Floating mount<\/li><li data-sourcepos=\"7:1-7:221\"><strong>Front hub:<\/strong>\u00a0Legion EMPEROR \u2013 36H \u2013 20mm Axle<\/li><li data-sourcepos=\"7:1-7:221\"><strong>Rear hub:<\/strong>\u00a0Legion EMPEROR Disc 36H \u2013 6 pawls \u2013 180 clicks<\/li><li data-sourcepos=\"7:1-7:221\"><strong>Spokes:<\/strong>\u00a0Sapim Lead Aluminum<\/li><li data-sourcepos=\"7:1-7:221\"><strong>Nipples:<\/strong>\u00a0Sapim Aluminum<\/li><li data-sourcepos=\"7:1-7:221\"><strong>Front rim:<\/strong> LEGION SUPERCROSS Aluminum 24\u00d71.75 \u2013 Black<\/li><li data-sourcepos=\"7:1-7:221\"><strong>Rear rim:<\/strong> LEGION SUPERCROSS Aluminum 24\u00d71.75 \u2013 Black<\/li><li data-sourcepos=\"7:1-7:221\"><strong>Tires:<\/strong>\u00a0Tioga Powerblock 1.75<\/li><li data-sourcepos=\"7:1-7:221\"><strong>Saddle:<\/strong> Box two unibody saddle<\/li><li data-sourcepos=\"7:1-7:221\"><strong>Seat clamp:<\/strong>\u00a0Legion \u2013 31,8mm<\/li><li data-sourcepos=\"7:1-7:221\"><strong>Crankset:<\/strong> BOX THREE\u00a0 175mm<\/li><li data-sourcepos=\"7:1-7:221\"><strong>Bottom bracket:<\/strong>\u00a0Legion PRESSFIT BOTTOM BRACKET<\/li><li data-sourcepos=\"7:1-7:221\"><strong>Chainring:<\/strong> Box One 42T- CNC Aluminum 7075 \u2013 4 Points<\/li><li data-sourcepos=\"7:1-7:221\"><strong>Cog:<\/strong> Box one 18T<\/li><li data-sourcepos=\"7:1-7:221\"><strong>Chainring bolts:<\/strong>\u00a0Legion Aluminum<\/li><li data-sourcepos=\"7:1-7:221\"><strong>Chain: <\/strong>Gold KMC Hl1 Narrow 3\/32 Half Links<\/li><\/ul><\/li><\/ul>\t\t\t\t\t\t\t\t<\/div>\n\t\t\t\t<\/div>\n\t\t\t\t<div class=\"elementor-element elementor-element-763252a elementor-hidden-desktop elementor-hidden-tablet elementor-widget elementor-widget-spacer\" data-id=\"763252a\" data-element_type=\"widget\" data-widget_type=\"spacer.default\">\n\t\t\t\t<div class=\"elementor-widget-container\">\n\t\t\t\t\t\t\t<div class=\"elementor-spacer\">\n\t\t\t<div class=\"elementor-spacer-inner\"><\/div>\n\t\t<\/div>\n\t\t\t\t\t\t<\/div>\n\t\t\t\t<\/div>\n\t\t\t\t\t<\/div>\n\t\t<\/div>\n\t\t\t\t\t<\/div>\n\t\t<\/section>\n\t\t\t\t<\/div>\n\t\t","protected":false},"excerpt":{"rendered":"<p>Marshal Racing Bike\u00a0 CARACTERISTICS Frame: Marshal Carbon SR71BLACKBIRD CRUISER (21.25) Fork: Marshal BLACKDIAMOND (1-1\/8\u2033 | 1,5\u2033) Headset:\u00a0Legion Sealed Full Integrated<\/p>\n","protected":false},"featured_media":17153,"template":"","meta":[],"product_brand":[],"product_cat":[850],"product_tag":[],"class_list":{"0":"post-17078","1":"product","2":"type-product","3":"status-publish","4":"has-post-thumbnail","6":"product_cat-bikes-marshal","7":"product_shipping_class-colis-cadres-et-accessoires-en","9":"first","10":"instock","11":"taxable","12":"shipping-taxable","13":"purchasable","14":"product-type-variable","15":"has-default-attributes"},"yoast_head":"<!-- This site is optimized with the Yoast SEO plugin v26.7 - https:\/\/yoast.com\/wordpress\/plugins\/seo\/ -->\n<title>Carbon bike MARSHAL RACING &quot;SR71-BLACKBIRD&quot; | Edition &quot;JUNGLE GREEN&quot; | CRUISER 21.25 - MARSHAL RACING &amp; LEGION BICYCLES<\/title>\n<meta name=\"description\" content=\"Faite le choix d\u2019un design exceptionnel gr\u00e2ce \u00e0 nos mod\u00e8les cadre &amp; fourche MARSHAL. Pens\u00e9 et d\u00e9cor\u00e9 en un ensemble unique.\" \/>\n<meta name=\"robots\" content=\"index, follow, max-snippet:-1, max-image-preview:large, max-video-preview:-1\" \/>\n<link rel=\"canonical\" href=\"https:\/\/www.lrbracing.com\/eu\/en\/produits\/bikes-marshal\/carbon-bike-marshal-racing-sr71-blackbird-edition-jungle-green-pro-4xl-22-5\/\" \/>\n<meta property=\"og:locale\" content=\"fr_FR\" \/>\n<meta property=\"og:type\" content=\"article\" \/>\n<meta property=\"og:title\" content=\"Carbon bike MARSHAL RACING &quot;SR71-BLACKBIRD&quot; | Edition &quot;JUNGLE GREEN&quot; | CRUISER 21.25 - MARSHAL RACING &amp; LEGION BICYCLES\" \/>\n<meta property=\"og:description\" content=\"Faite le choix d\u2019un design exceptionnel gr\u00e2ce \u00e0 nos mod\u00e8les cadre &amp; fourche MARSHAL. Pens\u00e9 et d\u00e9cor\u00e9 en un ensemble unique.\" \/>\n<meta property=\"og:url\" content=\"https:\/\/www.lrbracing.com\/eu\/en\/produits\/bikes-marshal\/carbon-bike-marshal-racing-sr71-blackbird-edition-jungle-green-pro-4xl-22-5\/\" \/>\n<meta property=\"og:site_name\" content=\"MARSHAL RACING &amp; LEGION BICYCLES\" \/>\n<meta property=\"article:modified_time\" content=\"2026-01-07T14:51:55+00:00\" \/>\n<meta property=\"og:image\" content=\"https:\/\/www.lrbracing.com\/eu\/wp-content\/uploads\/2025\/05\/velo-complet.jpg\" \/>\n\t<meta property=\"og:image:width\" content=\"2432\" \/>\n\t<meta property=\"og:image:height\" content=\"1760\" \/>\n\t<meta property=\"og:image:type\" content=\"image\/jpeg\" \/>\n<meta name=\"twitter:card\" content=\"summary_large_image\" \/>\n<meta name=\"twitter:label1\" content=\"Dur\u00e9e de lecture estim\u00e9e\" \/>\n\t<meta name=\"twitter:data1\" content=\"2 minutes\" \/>\n<script type=\"application\/ld+json\" class=\"yoast-schema-graph\">{\"@context\":\"https:\/\/schema.org\",\"@graph\":[{\"@type\":\"WebPage\",\"@id\":\"https:\/\/www.lrbracing.com\/eu\/en\/produits\/bikes-marshal\/carbon-bike-marshal-racing-sr71-blackbird-edition-jungle-green-pro-4xl-22-5\/\",\"url\":\"https:\/\/www.lrbracing.com\/eu\/en\/produits\/bikes-marshal\/carbon-bike-marshal-racing-sr71-blackbird-edition-jungle-green-pro-4xl-22-5\/\",\"name\":\"Carbon bike MARSHAL RACING \\\"SR71-BLACKBIRD\\\" | Edition \\\"JUNGLE GREEN\\\" | CRUISER 21.25 - MARSHAL RACING &amp; LEGION BICYCLES\",\"isPartOf\":{\"@id\":\"https:\/\/www.lrbracing.com\/eu\/#website\"},\"primaryImageOfPage\":{\"@id\":\"https:\/\/www.lrbracing.com\/eu\/en\/produits\/bikes-marshal\/carbon-bike-marshal-racing-sr71-blackbird-edition-jungle-green-pro-4xl-22-5\/#primaryimage\"},\"image\":{\"@id\":\"https:\/\/www.lrbracing.com\/eu\/en\/produits\/bikes-marshal\/carbon-bike-marshal-racing-sr71-blackbird-edition-jungle-green-pro-4xl-22-5\/#primaryimage\"},\"thumbnailUrl\":\"https:\/\/www.lrbracing.com\/eu\/wp-content\/uploads\/2025\/05\/velo-complet.jpg\",\"datePublished\":\"2026-01-02T08:02:54+00:00\",\"dateModified\":\"2026-01-07T14:51:55+00:00\",\"description\":\"Faite le choix d\u2019un design exceptionnel gr\u00e2ce \u00e0 nos mod\u00e8les cadre & fourche MARSHAL. Pens\u00e9 et d\u00e9cor\u00e9 en un ensemble unique.\",\"breadcrumb\":{\"@id\":\"https:\/\/www.lrbracing.com\/eu\/en\/produits\/bikes-marshal\/carbon-bike-marshal-racing-sr71-blackbird-edition-jungle-green-pro-4xl-22-5\/#breadcrumb\"},\"inLanguage\":\"fr-FR\",\"potentialAction\":[{\"@type\":\"ReadAction\",\"target\":[\"https:\/\/www.lrbracing.com\/eu\/en\/produits\/bikes-marshal\/carbon-bike-marshal-racing-sr71-blackbird-edition-jungle-green-pro-4xl-22-5\/\"]}]},{\"@type\":\"ImageObject\",\"inLanguage\":\"fr-FR\",\"@id\":\"https:\/\/www.lrbracing.com\/eu\/en\/produits\/bikes-marshal\/carbon-bike-marshal-racing-sr71-blackbird-edition-jungle-green-pro-4xl-22-5\/#primaryimage\",\"url\":\"https:\/\/www.lrbracing.com\/eu\/wp-content\/uploads\/2025\/05\/velo-complet.jpg\",\"contentUrl\":\"https:\/\/www.lrbracing.com\/eu\/wp-content\/uploads\/2025\/05\/velo-complet.jpg\",\"width\":2432,\"height\":1760},{\"@type\":\"BreadcrumbList\",\"@id\":\"https:\/\/www.lrbracing.com\/eu\/en\/produits\/bikes-marshal\/carbon-bike-marshal-racing-sr71-blackbird-edition-jungle-green-pro-4xl-22-5\/#breadcrumb\",\"itemListElement\":[{\"@type\":\"ListItem\",\"position\":1,\"name\":\"Accueil\",\"item\":\"https:\/\/www.lrbracing.com\/eu\/\"},{\"@type\":\"ListItem\",\"position\":2,\"name\":\"Produits\",\"item\":\"https:\/\/www.lrbracing.com\/eu\/produits\/\"},{\"@type\":\"ListItem\",\"position\":3,\"name\":\"Carbon bike MARSHAL RACING \u00ab\u00a0SR71-BLACKBIRD\u00a0\u00bb | Edition \u00ab\u00a0JUNGLE GREEN\u00a0\u00bb | CRUISER 21.25\"}]},{\"@type\":\"WebSite\",\"@id\":\"https:\/\/www.lrbracing.com\/eu\/#website\",\"url\":\"https:\/\/www.lrbracing.com\/eu\/\",\"name\":\"MARSHAL RACING &amp; LEGION BICYCLES\",\"description\":\"Groupe LRB RACING\",\"potentialAction\":[{\"@type\":\"SearchAction\",\"target\":{\"@type\":\"EntryPoint\",\"urlTemplate\":\"https:\/\/www.lrbracing.com\/eu\/?s={search_term_string}\"},\"query-input\":{\"@type\":\"PropertyValueSpecification\",\"valueRequired\":true,\"valueName\":\"search_term_string\"}}],\"inLanguage\":\"fr-FR\"}]}<\/script>\n<!-- \/ Yoast SEO plugin. -->","yoast_head_json":{"title":"Carbon bike MARSHAL RACING \"SR71-BLACKBIRD\" | Edition \"JUNGLE GREEN\" | CRUISER 21.25 - MARSHAL RACING &amp; LEGION BICYCLES","description":"Faite le choix d\u2019un design exceptionnel gr\u00e2ce \u00e0 nos mod\u00e8les cadre & fourche MARSHAL. Pens\u00e9 et d\u00e9cor\u00e9 en un ensemble unique.","robots":{"index":"index","follow":"follow","max-snippet":"max-snippet:-1","max-image-preview":"max-image-preview:large","max-video-preview":"max-video-preview:-1"},"canonical":"https:\/\/www.lrbracing.com\/eu\/en\/produits\/bikes-marshal\/carbon-bike-marshal-racing-sr71-blackbird-edition-jungle-green-pro-4xl-22-5\/","og_locale":"fr_FR","og_type":"article","og_title":"Carbon bike MARSHAL RACING \"SR71-BLACKBIRD\" | Edition \"JUNGLE GREEN\" | CRUISER 21.25 - MARSHAL RACING &amp; LEGION BICYCLES","og_description":"Faite le choix d\u2019un design exceptionnel gr\u00e2ce \u00e0 nos mod\u00e8les cadre & fourche MARSHAL. Pens\u00e9 et d\u00e9cor\u00e9 en un ensemble unique.","og_url":"https:\/\/www.lrbracing.com\/eu\/en\/produits\/bikes-marshal\/carbon-bike-marshal-racing-sr71-blackbird-edition-jungle-green-pro-4xl-22-5\/","og_site_name":"MARSHAL RACING &amp; LEGION BICYCLES","article_modified_time":"2026-01-07T14:51:55+00:00","og_image":[{"width":2432,"height":1760,"url":"https:\/\/www.lrbracing.com\/eu\/wp-content\/uploads\/2025\/05\/velo-complet.jpg","type":"image\/jpeg"}],"twitter_card":"summary_large_image","twitter_misc":{"Dur\u00e9e de lecture estim\u00e9e":"2 minutes"},"schema":{"@context":"https:\/\/schema.org","@graph":[{"@type":"WebPage","@id":"https:\/\/www.lrbracing.com\/eu\/en\/produits\/bikes-marshal\/carbon-bike-marshal-racing-sr71-blackbird-edition-jungle-green-pro-4xl-22-5\/","url":"https:\/\/www.lrbracing.com\/eu\/en\/produits\/bikes-marshal\/carbon-bike-marshal-racing-sr71-blackbird-edition-jungle-green-pro-4xl-22-5\/","name":"Carbon bike MARSHAL RACING \"SR71-BLACKBIRD\" | Edition \"JUNGLE GREEN\" | CRUISER 21.25 - MARSHAL RACING &amp; LEGION BICYCLES","isPartOf":{"@id":"https:\/\/www.lrbracing.com\/eu\/#website"},"primaryImageOfPage":{"@id":"https:\/\/www.lrbracing.com\/eu\/en\/produits\/bikes-marshal\/carbon-bike-marshal-racing-sr71-blackbird-edition-jungle-green-pro-4xl-22-5\/#primaryimage"},"image":{"@id":"https:\/\/www.lrbracing.com\/eu\/en\/produits\/bikes-marshal\/carbon-bike-marshal-racing-sr71-blackbird-edition-jungle-green-pro-4xl-22-5\/#primaryimage"},"thumbnailUrl":"https:\/\/www.lrbracing.com\/eu\/wp-content\/uploads\/2025\/05\/velo-complet.jpg","datePublished":"2026-01-02T08:02:54+00:00","dateModified":"2026-01-07T14:51:55+00:00","description":"Faite le choix d\u2019un design exceptionnel gr\u00e2ce \u00e0 nos mod\u00e8les cadre & fourche MARSHAL. Pens\u00e9 et d\u00e9cor\u00e9 en un ensemble unique.","breadcrumb":{"@id":"https:\/\/www.lrbracing.com\/eu\/en\/produits\/bikes-marshal\/carbon-bike-marshal-racing-sr71-blackbird-edition-jungle-green-pro-4xl-22-5\/#breadcrumb"},"inLanguage":"fr-FR","potentialAction":[{"@type":"ReadAction","target":["https:\/\/www.lrbracing.com\/eu\/en\/produits\/bikes-marshal\/carbon-bike-marshal-racing-sr71-blackbird-edition-jungle-green-pro-4xl-22-5\/"]}]},{"@type":"ImageObject","inLanguage":"fr-FR","@id":"https:\/\/www.lrbracing.com\/eu\/en\/produits\/bikes-marshal\/carbon-bike-marshal-racing-sr71-blackbird-edition-jungle-green-pro-4xl-22-5\/#primaryimage","url":"https:\/\/www.lrbracing.com\/eu\/wp-content\/uploads\/2025\/05\/velo-complet.jpg","contentUrl":"https:\/\/www.lrbracing.com\/eu\/wp-content\/uploads\/2025\/05\/velo-complet.jpg","width":2432,"height":1760},{"@type":"BreadcrumbList","@id":"https:\/\/www.lrbracing.com\/eu\/en\/produits\/bikes-marshal\/carbon-bike-marshal-racing-sr71-blackbird-edition-jungle-green-pro-4xl-22-5\/#breadcrumb","itemListElement":[{"@type":"ListItem","position":1,"name":"Accueil","item":"https:\/\/www.lrbracing.com\/eu\/"},{"@type":"ListItem","position":2,"name":"Produits","item":"https:\/\/www.lrbracing.com\/eu\/produits\/"},{"@type":"ListItem","position":3,"name":"Carbon bike MARSHAL RACING \u00ab\u00a0SR71-BLACKBIRD\u00a0\u00bb | Edition \u00ab\u00a0JUNGLE GREEN\u00a0\u00bb | CRUISER 21.25"}]},{"@type":"WebSite","@id":"https:\/\/www.lrbracing.com\/eu\/#website","url":"https:\/\/www.lrbracing.com\/eu\/","name":"MARSHAL RACING &amp; LEGION BICYCLES","description":"Groupe LRB RACING","potentialAction":[{"@type":"SearchAction","target":{"@type":"EntryPoint","urlTemplate":"https:\/\/www.lrbracing.com\/eu\/?s={search_term_string}"},"query-input":{"@type":"PropertyValueSpecification","valueRequired":true,"valueName":"search_term_string"}}],"inLanguage":"fr-FR"}]}},"_links":{"self":[{"href":"https:\/\/www.lrbracing.com\/eu\/wp-json\/wp\/v2\/product\/17078","targetHints":{"allow":["GET"]}}],"collection":[{"href":"https:\/\/www.lrbracing.com\/eu\/wp-json\/wp\/v2\/product"}],"about":[{"href":"https:\/\/www.lrbracing.com\/eu\/wp-json\/wp\/v2\/types\/product"}],"version-history":[{"count":16,"href":"https:\/\/www.lrbracing.com\/eu\/wp-json\/wp\/v2\/product\/17078\/revisions"}],"predecessor-version":[{"id":17125,"href":"https:\/\/www.lrbracing.com\/eu\/wp-json\/wp\/v2\/product\/17078\/revisions\/17125"}],"wp:featuredmedia":[{"embeddable":true,"href":"https:\/\/www.lrbracing.com\/eu\/wp-json\/wp\/v2\/media\/17153"}],"wp:attachment":[{"href":"https:\/\/www.lrbracing.com\/eu\/wp-json\/wp\/v2\/media?parent=17078"}],"wp:term":[{"taxonomy":"product_brand","embeddable":true,"href":"https:\/\/www.lrbracing.com\/eu\/wp-json\/wp\/v2\/product_brand?post=17078"},{"taxonomy":"product_cat","embeddable":true,"href":"https:\/\/www.lrbracing.com\/eu\/wp-json\/wp\/v2\/product_cat?post=17078"},{"taxonomy":"product_tag","embeddable":true,"href":"https:\/\/www.lrbracing.com\/eu\/wp-json\/wp\/v2\/product_tag?post=17078"}],"curies":[{"name":"wp","href":"https:\/\/api.w.org\/{rel}","templated":true}]}}