{"id":17473,"date":"2026-03-23T09:31:33","date_gmt":"2026-03-23T08:31:33","guid":{"rendered":"https:\/\/www.lrbracing.com\/eu\/?post_type=product&#038;p=17473"},"modified":"2026-03-24T11:25:14","modified_gmt":"2026-03-24T10:25:14","slug":"velo-carbone-marshal-racing-sr71-blackbird-edition-black-gold-proxl-21-2","status":"publish","type":"product","link":"https:\/\/www.lrbracing.com\/eu\/en\/produits\/bikes-marshal\/velo-carbone-marshal-racing-sr71-blackbird-edition-black-gold-proxl-21-2\/","title":{"rendered":"Bike Carbon MARSHAL RACING &#8220;SR71-BLACKBIRD&#8221; | Edition &#8220;Black Gold&#8221; | PROXL (21)"},"content":{"rendered":"\t\t<div data-elementor-type=\"wp-post\" data-elementor-id=\"17473\" class=\"elementor elementor-17473\">\n\t\t\t\t\t\t<section class=\"wd-negative-gap elementor-section elementor-top-section elementor-element elementor-element-0cb28dc elementor-section-boxed elementor-section-height-default elementor-section-height-default\" data-id=\"0cb28dc\" data-element_type=\"section\">\n\t\t\t\t\t\t<div class=\"elementor-container elementor-column-gap-default\">\n\t\t\t\t\t<div class=\"elementor-column elementor-col-100 elementor-top-column elementor-element elementor-element-638005f\" data-id=\"638005f\" data-element_type=\"column\">\n\t\t\t<div class=\"elementor-widget-wrap elementor-element-populated\">\n\t\t\t\t\t\t<div class=\"elementor-element elementor-element-7faadda color-scheme-inherit text-left elementor-widget elementor-widget-text-editor\" data-id=\"7faadda\" data-element_type=\"widget\" data-widget_type=\"text-editor.default\">\n\t\t\t\t<div class=\"elementor-widget-container\">\n\t\t\t\t\t\t\t\t\t<h1 data-sourcepos=\"5:1-5:56\"><strong>Marshal Racing Bike\u00a0<\/strong><\/h1><h4 data-sourcepos=\"7:1-7:221\">CARACTERISTICS<\/h4><ul><li style=\"list-style-type: none;\"><ul><li data-sourcepos=\"7:1-7:221\"><strong>Frame:<\/strong> Marshal Carbon SR71BLACKBIRD\u00a0 PRO 4XL (22.5)<\/li><li data-sourcepos=\"7:1-7:221\"><strong>Fork:<\/strong> Marshal BLACKDIAMOND (1-1\/8\u2033 | 1,5\u2033)\u00a0<\/li><li data-sourcepos=\"7:1-7:221\"><strong>Headset:<\/strong>\u00a0Legion Sealed Full Integrated Tapered (1-1\/8\u2033 | 1,5\u2033)<\/li><li data-sourcepos=\"7:1-7:221\"><strong>Handlebars:<\/strong> Legion size 8\u00a0 CrMo clamp 31.8 | BACKSWEEP 3\u00b0 | UPSWEEP 2\u00b0<\/li><li data-sourcepos=\"7:1-7:221\"><strong>Stem:<\/strong> Legion size 53\u00a0 clamp 31.8 \u2013 100% CNC 1-1\/8\u201d\u00a0<\/li><li data-sourcepos=\"7:1-7:221\"><strong>Grips:<\/strong>\u00a0LEGION- lock length 135mm<\/li><li data-sourcepos=\"7:1-7:221\"><strong>Brake lever:<\/strong>\u00a0Shimano XT8100 \u2013 Hydraulic lever<\/li><li data-sourcepos=\"7:1-7:221\"><strong>Brake caliper:<\/strong>\u00a0Shimano XT8100 \u2013 Hydraulic caliper<\/li><li data-sourcepos=\"7:1-7:221\"><strong>Brake rotor:<\/strong>\u00a0Legion 140mm Aluminum 7075 | Floating mount<\/li><li data-sourcepos=\"7:1-7:221\"><strong>Front hub:<\/strong>\u00a0Legion EMPEROR \u2013 36H \u2013 20mm Axle<\/li><li data-sourcepos=\"7:1-7:221\"><strong>Rear hub:<\/strong>\u00a0Legion EMPEROR Disc 36H \u2013 6 pawls \u2013 180 clicks<\/li><li data-sourcepos=\"7:1-7:221\"><strong>Spokes:<\/strong>\u00a0Sapim Lead Aluminum<\/li><li data-sourcepos=\"7:1-7:221\"><strong>Nipples:<\/strong>\u00a0Sapim Aluminum<\/li><li data-sourcepos=\"7:1-7:221\"><strong>Front rim:<\/strong> LEGION SUPERCROSS Aluminum 20\u00d71.75 \u2013 Black<\/li><li data-sourcepos=\"7:1-7:221\"><strong>Rear rim:<\/strong> LEGION SUPERCROSS Aluminum 20\u00d71.75 \u2013 Black<\/li><li data-sourcepos=\"7:1-7:221\"><strong>Tires:<\/strong>\u00a0Tioga Powerblock 1.75<\/li><li data-sourcepos=\"7:1-7:221\"><strong>Saddle:<\/strong>\u00a0Combo Tioga SPYDER EVO Carbon<\/li><li data-sourcepos=\"7:1-7:221\"><strong>Seat clamp:<\/strong>\u00a0Legion \u2013 31,8mm<\/li><li data-sourcepos=\"7:1-7:221\"><strong>Crankset:<\/strong> BOX THREE\u00a0 177.5mm<\/li><li data-sourcepos=\"7:1-7:221\"><strong>Bottom bracket:<\/strong>\u00a0Legion PRESSFIT BOTTOM BRACKET<\/li><li data-sourcepos=\"7:1-7:221\"><strong>Chainring:<\/strong> Box One 47T- CNC Aluminum 7075 \u2013 4 Points<\/li><li data-sourcepos=\"7:1-7:221\"><strong>Cog:<\/strong> Box one 17T<\/li><li data-sourcepos=\"7:1-7:221\"><strong>Chainring bolts:<\/strong>\u00a0Legion Aluminum<\/li><li data-sourcepos=\"7:1-7:221\"><strong>Chain:<\/strong>\u00a0KMC Hl1 Narrow 3\/32 Half Links<\/li><\/ul><\/li><\/ul>\t\t\t\t\t\t\t\t<\/div>\n\t\t\t\t<\/div>\n\t\t\t\t<div class=\"elementor-element elementor-element-763252a elementor-hidden-desktop elementor-hidden-tablet elementor-widget elementor-widget-spacer\" data-id=\"763252a\" data-element_type=\"widget\" data-widget_type=\"spacer.default\">\n\t\t\t\t<div class=\"elementor-widget-container\">\n\t\t\t\t\t\t\t<div class=\"elementor-spacer\">\n\t\t\t<div class=\"elementor-spacer-inner\"><\/div>\n\t\t<\/div>\n\t\t\t\t\t\t<\/div>\n\t\t\t\t<\/div>\n\t\t\t\t\t<\/div>\n\t\t<\/div>\n\t\t\t\t\t<\/div>\n\t\t<\/section>\n\t\t\t\t<\/div>\n\t\t","protected":false},"excerpt":{"rendered":"<p>Marshal Racing Bike\u00a0 CARACTERISTICS Frame: Marshal Carbon SR71BLACKBIRD\u00a0 PRO 4XL (22.5) Fork: Marshal BLACKDIAMOND (1-1\/8\u2033 | 1,5\u2033) Headset:\u00a0Legion Sealed Full<\/p>\n","protected":false},"featured_media":17502,"template":"","meta":[],"product_brand":[],"product_cat":[850],"product_tag":[],"class_list":{"0":"post-17473","1":"product","2":"type-product","3":"status-publish","4":"has-post-thumbnail","6":"product_cat-bikes-marshal","7":"product_shipping_class-colis-cadres-et-accessoires-en","9":"first","10":"instock","11":"taxable","12":"shipping-taxable","13":"purchasable","14":"product-type-variable","15":"has-default-attributes"},"yoast_head":"<!-- This site is optimized with the Yoast SEO plugin v26.7 - https:\/\/yoast.com\/wordpress\/plugins\/seo\/ -->\n<title>Bike Carbon MARSHAL RACING &quot;SR71-BLACKBIRD&quot; | Edition &quot;Black Gold&quot; | PROXL (21) - MARSHAL RACING &amp; LEGION BICYCLES<\/title>\n<meta name=\"description\" content=\"Faite le choix d\u2019un design exceptionnel gr\u00e2ce \u00e0 nos mod\u00e8les cadre &amp; fourche MARSHAL. Pens\u00e9 et d\u00e9cor\u00e9 en un ensemble unique.\" \/>\n<meta name=\"robots\" content=\"index, follow, max-snippet:-1, max-image-preview:large, max-video-preview:-1\" \/>\n<link rel=\"canonical\" href=\"https:\/\/www.lrbracing.com\/eu\/en\/produits\/bikes-marshal\/velo-carbone-marshal-racing-sr71-blackbird-edition-black-gold-proxl-21-2\/\" \/>\n<meta property=\"og:locale\" content=\"fr_FR\" \/>\n<meta property=\"og:type\" content=\"article\" \/>\n<meta property=\"og:title\" content=\"Bike Carbon MARSHAL RACING &quot;SR71-BLACKBIRD&quot; | Edition &quot;Black Gold&quot; | PROXL (21) - MARSHAL RACING &amp; LEGION BICYCLES\" \/>\n<meta property=\"og:description\" content=\"Faite le choix d\u2019un design exceptionnel gr\u00e2ce \u00e0 nos mod\u00e8les cadre &amp; fourche MARSHAL. Pens\u00e9 et d\u00e9cor\u00e9 en un ensemble unique.\" \/>\n<meta property=\"og:url\" content=\"https:\/\/www.lrbracing.com\/eu\/en\/produits\/bikes-marshal\/velo-carbone-marshal-racing-sr71-blackbird-edition-black-gold-proxl-21-2\/\" \/>\n<meta property=\"og:site_name\" content=\"MARSHAL RACING &amp; LEGION BICYCLES\" \/>\n<meta property=\"article:modified_time\" content=\"2026-03-24T10:25:14+00:00\" \/>\n<meta property=\"og:image\" content=\"https:\/\/www.lrbracing.com\/eu\/wp-content\/uploads\/2026\/03\/velo-noir-complet-scaled.jpg\" \/>\n\t<meta property=\"og:image:width\" content=\"2560\" \/>\n\t<meta property=\"og:image:height\" content=\"1440\" \/>\n\t<meta property=\"og:image:type\" content=\"image\/jpeg\" \/>\n<meta name=\"twitter:card\" content=\"summary_large_image\" \/>\n<meta name=\"twitter:label1\" content=\"Dur\u00e9e de lecture estim\u00e9e\" \/>\n\t<meta name=\"twitter:data1\" content=\"2 minutes\" \/>\n<script type=\"application\/ld+json\" class=\"yoast-schema-graph\">{\"@context\":\"https:\/\/schema.org\",\"@graph\":[{\"@type\":\"WebPage\",\"@id\":\"https:\/\/www.lrbracing.com\/eu\/en\/produits\/bikes-marshal\/velo-carbone-marshal-racing-sr71-blackbird-edition-black-gold-proxl-21-2\/\",\"url\":\"https:\/\/www.lrbracing.com\/eu\/en\/produits\/bikes-marshal\/velo-carbone-marshal-racing-sr71-blackbird-edition-black-gold-proxl-21-2\/\",\"name\":\"Bike Carbon MARSHAL RACING \\\"SR71-BLACKBIRD\\\" | Edition \\\"Black Gold\\\" | PROXL (21) - MARSHAL RACING &amp; LEGION BICYCLES\",\"isPartOf\":{\"@id\":\"https:\/\/www.lrbracing.com\/eu\/#website\"},\"primaryImageOfPage\":{\"@id\":\"https:\/\/www.lrbracing.com\/eu\/en\/produits\/bikes-marshal\/velo-carbone-marshal-racing-sr71-blackbird-edition-black-gold-proxl-21-2\/#primaryimage\"},\"image\":{\"@id\":\"https:\/\/www.lrbracing.com\/eu\/en\/produits\/bikes-marshal\/velo-carbone-marshal-racing-sr71-blackbird-edition-black-gold-proxl-21-2\/#primaryimage\"},\"thumbnailUrl\":\"https:\/\/www.lrbracing.com\/eu\/wp-content\/uploads\/2026\/03\/velo-noir-complet-scaled.png\",\"datePublished\":\"2026-03-23T08:31:33+00:00\",\"dateModified\":\"2026-03-24T10:25:14+00:00\",\"description\":\"Faite le choix d\u2019un design exceptionnel gr\u00e2ce \u00e0 nos mod\u00e8les cadre & fourche MARSHAL. Pens\u00e9 et d\u00e9cor\u00e9 en un ensemble unique.\",\"breadcrumb\":{\"@id\":\"https:\/\/www.lrbracing.com\/eu\/en\/produits\/bikes-marshal\/velo-carbone-marshal-racing-sr71-blackbird-edition-black-gold-proxl-21-2\/#breadcrumb\"},\"inLanguage\":\"fr-FR\",\"potentialAction\":[{\"@type\":\"ReadAction\",\"target\":[\"https:\/\/www.lrbracing.com\/eu\/en\/produits\/bikes-marshal\/velo-carbone-marshal-racing-sr71-blackbird-edition-black-gold-proxl-21-2\/\"]}]},{\"@type\":\"ImageObject\",\"inLanguage\":\"fr-FR\",\"@id\":\"https:\/\/www.lrbracing.com\/eu\/en\/produits\/bikes-marshal\/velo-carbone-marshal-racing-sr71-blackbird-edition-black-gold-proxl-21-2\/#primaryimage\",\"url\":\"https:\/\/www.lrbracing.com\/eu\/wp-content\/uploads\/2026\/03\/velo-noir-complet-scaled.png\",\"contentUrl\":\"https:\/\/www.lrbracing.com\/eu\/wp-content\/uploads\/2026\/03\/velo-noir-complet-scaled.png\",\"width\":2560,\"height\":1440},{\"@type\":\"BreadcrumbList\",\"@id\":\"https:\/\/www.lrbracing.com\/eu\/en\/produits\/bikes-marshal\/velo-carbone-marshal-racing-sr71-blackbird-edition-black-gold-proxl-21-2\/#breadcrumb\",\"itemListElement\":[{\"@type\":\"ListItem\",\"position\":1,\"name\":\"Accueil\",\"item\":\"https:\/\/www.lrbracing.com\/eu\/\"},{\"@type\":\"ListItem\",\"position\":2,\"name\":\"Produits\",\"item\":\"https:\/\/www.lrbracing.com\/eu\/produits\/\"},{\"@type\":\"ListItem\",\"position\":3,\"name\":\"Bike Carbon MARSHAL RACING \u00ab\u00a0SR71-BLACKBIRD\u00a0\u00bb | Edition \u00ab\u00a0Black Gold\u00a0\u00bb | PROXL (21)\"}]},{\"@type\":\"WebSite\",\"@id\":\"https:\/\/www.lrbracing.com\/eu\/#website\",\"url\":\"https:\/\/www.lrbracing.com\/eu\/\",\"name\":\"MARSHAL RACING &amp; LEGION BICYCLES\",\"description\":\"Groupe LRB RACING\",\"potentialAction\":[{\"@type\":\"SearchAction\",\"target\":{\"@type\":\"EntryPoint\",\"urlTemplate\":\"https:\/\/www.lrbracing.com\/eu\/?s={search_term_string}\"},\"query-input\":{\"@type\":\"PropertyValueSpecification\",\"valueRequired\":true,\"valueName\":\"search_term_string\"}}],\"inLanguage\":\"fr-FR\"}]}<\/script>\n<!-- \/ Yoast SEO plugin. -->","yoast_head_json":{"title":"Bike Carbon MARSHAL RACING \"SR71-BLACKBIRD\" | Edition \"Black Gold\" | PROXL (21) - MARSHAL RACING &amp; LEGION BICYCLES","description":"Faite le choix d\u2019un design exceptionnel gr\u00e2ce \u00e0 nos mod\u00e8les cadre & fourche MARSHAL. Pens\u00e9 et d\u00e9cor\u00e9 en un ensemble unique.","robots":{"index":"index","follow":"follow","max-snippet":"max-snippet:-1","max-image-preview":"max-image-preview:large","max-video-preview":"max-video-preview:-1"},"canonical":"https:\/\/www.lrbracing.com\/eu\/en\/produits\/bikes-marshal\/velo-carbone-marshal-racing-sr71-blackbird-edition-black-gold-proxl-21-2\/","og_locale":"fr_FR","og_type":"article","og_title":"Bike Carbon MARSHAL RACING \"SR71-BLACKBIRD\" | Edition \"Black Gold\" | PROXL (21) - MARSHAL RACING &amp; LEGION BICYCLES","og_description":"Faite le choix d\u2019un design exceptionnel gr\u00e2ce \u00e0 nos mod\u00e8les cadre & fourche MARSHAL. Pens\u00e9 et d\u00e9cor\u00e9 en un ensemble unique.","og_url":"https:\/\/www.lrbracing.com\/eu\/en\/produits\/bikes-marshal\/velo-carbone-marshal-racing-sr71-blackbird-edition-black-gold-proxl-21-2\/","og_site_name":"MARSHAL RACING &amp; LEGION BICYCLES","article_modified_time":"2026-03-24T10:25:14+00:00","og_image":[{"width":2560,"height":1440,"url":"https:\/\/www.lrbracing.com\/eu\/wp-content\/uploads\/2026\/03\/velo-noir-complet-scaled.jpg","type":"image\/jpeg"}],"twitter_card":"summary_large_image","twitter_misc":{"Dur\u00e9e de lecture estim\u00e9e":"2 minutes"},"schema":{"@context":"https:\/\/schema.org","@graph":[{"@type":"WebPage","@id":"https:\/\/www.lrbracing.com\/eu\/en\/produits\/bikes-marshal\/velo-carbone-marshal-racing-sr71-blackbird-edition-black-gold-proxl-21-2\/","url":"https:\/\/www.lrbracing.com\/eu\/en\/produits\/bikes-marshal\/velo-carbone-marshal-racing-sr71-blackbird-edition-black-gold-proxl-21-2\/","name":"Bike Carbon MARSHAL RACING \"SR71-BLACKBIRD\" | Edition \"Black Gold\" | PROXL (21) - MARSHAL RACING &amp; LEGION BICYCLES","isPartOf":{"@id":"https:\/\/www.lrbracing.com\/eu\/#website"},"primaryImageOfPage":{"@id":"https:\/\/www.lrbracing.com\/eu\/en\/produits\/bikes-marshal\/velo-carbone-marshal-racing-sr71-blackbird-edition-black-gold-proxl-21-2\/#primaryimage"},"image":{"@id":"https:\/\/www.lrbracing.com\/eu\/en\/produits\/bikes-marshal\/velo-carbone-marshal-racing-sr71-blackbird-edition-black-gold-proxl-21-2\/#primaryimage"},"thumbnailUrl":"https:\/\/www.lrbracing.com\/eu\/wp-content\/uploads\/2026\/03\/velo-noir-complet-scaled.png","datePublished":"2026-03-23T08:31:33+00:00","dateModified":"2026-03-24T10:25:14+00:00","description":"Faite le choix d\u2019un design exceptionnel gr\u00e2ce \u00e0 nos mod\u00e8les cadre & fourche MARSHAL. Pens\u00e9 et d\u00e9cor\u00e9 en un ensemble unique.","breadcrumb":{"@id":"https:\/\/www.lrbracing.com\/eu\/en\/produits\/bikes-marshal\/velo-carbone-marshal-racing-sr71-blackbird-edition-black-gold-proxl-21-2\/#breadcrumb"},"inLanguage":"fr-FR","potentialAction":[{"@type":"ReadAction","target":["https:\/\/www.lrbracing.com\/eu\/en\/produits\/bikes-marshal\/velo-carbone-marshal-racing-sr71-blackbird-edition-black-gold-proxl-21-2\/"]}]},{"@type":"ImageObject","inLanguage":"fr-FR","@id":"https:\/\/www.lrbracing.com\/eu\/en\/produits\/bikes-marshal\/velo-carbone-marshal-racing-sr71-blackbird-edition-black-gold-proxl-21-2\/#primaryimage","url":"https:\/\/www.lrbracing.com\/eu\/wp-content\/uploads\/2026\/03\/velo-noir-complet-scaled.png","contentUrl":"https:\/\/www.lrbracing.com\/eu\/wp-content\/uploads\/2026\/03\/velo-noir-complet-scaled.png","width":2560,"height":1440},{"@type":"BreadcrumbList","@id":"https:\/\/www.lrbracing.com\/eu\/en\/produits\/bikes-marshal\/velo-carbone-marshal-racing-sr71-blackbird-edition-black-gold-proxl-21-2\/#breadcrumb","itemListElement":[{"@type":"ListItem","position":1,"name":"Accueil","item":"https:\/\/www.lrbracing.com\/eu\/"},{"@type":"ListItem","position":2,"name":"Produits","item":"https:\/\/www.lrbracing.com\/eu\/produits\/"},{"@type":"ListItem","position":3,"name":"Bike Carbon MARSHAL RACING \u00ab\u00a0SR71-BLACKBIRD\u00a0\u00bb | Edition \u00ab\u00a0Black Gold\u00a0\u00bb | PROXL (21)"}]},{"@type":"WebSite","@id":"https:\/\/www.lrbracing.com\/eu\/#website","url":"https:\/\/www.lrbracing.com\/eu\/","name":"MARSHAL RACING &amp; LEGION BICYCLES","description":"Groupe LRB RACING","potentialAction":[{"@type":"SearchAction","target":{"@type":"EntryPoint","urlTemplate":"https:\/\/www.lrbracing.com\/eu\/?s={search_term_string}"},"query-input":{"@type":"PropertyValueSpecification","valueRequired":true,"valueName":"search_term_string"}}],"inLanguage":"fr-FR"}]}},"_links":{"self":[{"href":"https:\/\/www.lrbracing.com\/eu\/wp-json\/wp\/v2\/product\/17473","targetHints":{"allow":["GET"]}}],"collection":[{"href":"https:\/\/www.lrbracing.com\/eu\/wp-json\/wp\/v2\/product"}],"about":[{"href":"https:\/\/www.lrbracing.com\/eu\/wp-json\/wp\/v2\/types\/product"}],"version-history":[{"count":3,"href":"https:\/\/www.lrbracing.com\/eu\/wp-json\/wp\/v2\/product\/17473\/revisions"}],"predecessor-version":[{"id":17482,"href":"https:\/\/www.lrbracing.com\/eu\/wp-json\/wp\/v2\/product\/17473\/revisions\/17482"}],"wp:featuredmedia":[{"embeddable":true,"href":"https:\/\/www.lrbracing.com\/eu\/wp-json\/wp\/v2\/media\/17502"}],"wp:attachment":[{"href":"https:\/\/www.lrbracing.com\/eu\/wp-json\/wp\/v2\/media?parent=17473"}],"wp:term":[{"taxonomy":"product_brand","embeddable":true,"href":"https:\/\/www.lrbracing.com\/eu\/wp-json\/wp\/v2\/product_brand?post=17473"},{"taxonomy":"product_cat","embeddable":true,"href":"https:\/\/www.lrbracing.com\/eu\/wp-json\/wp\/v2\/product_cat?post=17473"},{"taxonomy":"product_tag","embeddable":true,"href":"https:\/\/www.lrbracing.com\/eu\/wp-json\/wp\/v2\/product_tag?post=17473"}],"curies":[{"name":"wp","href":"https:\/\/api.w.org\/{rel}","templated":true}]}}