{"id":9079,"date":"2023-04-11T18:34:00","date_gmt":"2023-04-11T16:34:00","guid":{"rendered":"https:\/\/www.bmx-marshal.com\/?post_type=product&#038;p=9079"},"modified":"2026-03-12T10:05:47","modified_gmt":"2026-03-12T09:05:47","slug":"stem-legion-abrams-m1a2-clamp-31-8mm-length-57-mm","status":"publish","type":"product","link":"https:\/\/www.lrbracing.com\/eu\/en\/produits\/stem-handlebar\/stem-legion-abrams-m1a2-clamp-31-8mm-length-57-mm\/","title":{"rendered":"Stem LEGION ABRAMS M1A2 &#8211;  Clamp 31.8mm &#8211; Length 57 mm"},"content":{"rendered":"\t\t<div data-elementor-type=\"wp-post\" data-elementor-id=\"9079\" class=\"elementor elementor-9079\">\n\t\t\t\t\t\t<section class=\"wd-negative-gap elementor-section elementor-top-section elementor-element elementor-element-8891a28 elementor-section-boxed elementor-section-height-default elementor-section-height-default\" data-id=\"8891a28\" data-element_type=\"section\">\n\t\t\t\t\t\t<div class=\"elementor-container elementor-column-gap-default\">\n\t\t\t\t\t<div class=\"elementor-column elementor-col-50 elementor-top-column elementor-element elementor-element-5650d3e\" data-id=\"5650d3e\" data-element_type=\"column\">\n\t\t\t<div class=\"elementor-widget-wrap elementor-element-populated\">\n\t\t\t\t\t\t<div class=\"elementor-element elementor-element-0435ded color-scheme-inherit text-left elementor-widget elementor-widget-text-editor\" data-id=\"0435ded\" data-element_type=\"widget\" data-widget_type=\"text-editor.default\">\n\t\t\t\t<div class=\"elementor-widget-container\">\n\t\t\t\t\t\t\t\t\t<pre id=\"tw-target-text\" class=\"tw-data-text tw-text-large tw-ta\" dir=\"ltr\" data-placeholder=\"Traduction\" data-ved=\"2ahUKEwibnPH0uOuNAxV8UaQEHVoTLb0Q3ewLegQICRAV\" aria-label=\"Texte traduit\u00a0: DESCRIPTION\n\nLEGION 31.8 ABRAMS-M1A2 Stem \u25fe\ufe0f FRONT LOAD \u25fe\ufe0f -10 mm Riser\n\nFEATURES:\n\n\u25fe\ufe0f CNC-machined 6061 aluminum stem\n\u25fe\ufe0f FRONT LOAD cap\n\u25fe\ufe0f Handlebar clamp: 31.8\n\u25fe\ufe0f Steerer: 1-1\/8\n\u25fe\ufe0f Riser: -10 millimeters (for a more engaged ride, start\/rebound)\n\u25fe\ufe0f Available sizes: 48 mm \/ 53 mm \/ 57 mm\n\n\u25fe\ufe0f Weight:\n- 48 mm = 282 grams\n- 53 mm = 298 grams\n- 57 mm = 312 grams\"><span class=\"Y2IQFc\" lang=\"en\"><strong>DESCRIPTION<\/strong>\n\nLEGION 31.8 ABRAMS-M1A2 Stem \u25fe\ufe0f FRONT LOAD \u25fe\ufe0f -10 mm Riser\n\n<strong>FEATURES:<\/strong>\n\n\u25fe\ufe0f CNC-machined 6061 aluminum stem\n\u25fe\ufe0f FRONT LOAD cap\n\u25fe\ufe0f Handlebar clamp: 31.8\n\u25fe\ufe0f Steerer: 1-1\/8\n\u25fe\ufe0f Riser: -10 millimeters \n\u25fe\ufe0f Available sizes: 48 mm \/ 53 mm \/ 57 mm\n\n<strong>\u25fe\ufe0f Weight:<\/strong>\n- 48 mm = 282 grams\n- 53 mm = 298 grams\n- 57 mm = 312 grams<\/span><\/pre>\t\t\t\t\t\t\t\t<\/div>\n\t\t\t\t<\/div>\n\t\t\t\t\t<\/div>\n\t\t<\/div>\n\t\t\t\t<div class=\"elementor-column elementor-col-50 elementor-top-column elementor-element elementor-element-8fdac36\" data-id=\"8fdac36\" data-element_type=\"column\">\n\t\t\t<div class=\"elementor-widget-wrap elementor-element-populated\">\n\t\t\t\t\t\t\t<\/div>\n\t\t<\/div>\n\t\t\t\t\t<\/div>\n\t\t<\/section>\n\t\t\t\t<\/div>\n\t\t","protected":false},"excerpt":{"rendered":"<p>DESCRIPTION LEGION 31.8 ABRAMS-M1A2 Stem \u25fe\ufe0f FRONT LOAD \u25fe\ufe0f -10 mm Riser FEATURES: \u25fe\ufe0f CNC-machined 6061 aluminum stem \u25fe\ufe0f FRONT<\/p>\n","protected":false},"featured_media":11094,"template":"","meta":[],"product_brand":[],"product_cat":[646],"product_tag":[],"class_list":{"0":"post-9079","1":"product","2":"type-product","3":"status-publish","4":"has-post-thumbnail","6":"product_cat-stem-handlebar","7":"product_shipping_class-colis-cadres-et-accessoires-en","9":"first","10":"instock","11":"taxable","12":"shipping-taxable","13":"purchasable","14":"product-type-variable","15":"has-default-attributes"},"yoast_head":"<!-- This site is optimized with the Yoast SEO plugin v26.7 - https:\/\/yoast.com\/wordpress\/plugins\/seo\/ -->\n<title>Stem LEGION ABRAMS M1A2 - Clamp 31.8mm - Length 57 mm - MARSHAL RACING &amp; LEGION BICYCLES<\/title>\n<meta name=\"description\" content=\"Faite le choix d\u2019un design exceptionnel gr\u00e2ce \u00e0 nos mod\u00e8les cadre &amp; fourche MARSHAL. Pens\u00e9 et d\u00e9cor\u00e9 en un ensemble unique.\" \/>\n<meta name=\"robots\" content=\"index, follow, max-snippet:-1, max-image-preview:large, max-video-preview:-1\" \/>\n<link rel=\"canonical\" href=\"https:\/\/www.lrbracing.com\/eu\/en\/produits\/stem-handlebar\/stem-legion-abrams-m1a2-clamp-31-8mm-length-57-mm\/\" \/>\n<meta property=\"og:locale\" content=\"fr_FR\" \/>\n<meta property=\"og:type\" content=\"article\" \/>\n<meta property=\"og:title\" content=\"Stem LEGION ABRAMS M1A2 - Clamp 31.8mm - Length 57 mm - MARSHAL RACING &amp; LEGION BICYCLES\" \/>\n<meta property=\"og:description\" content=\"Faite le choix d\u2019un design exceptionnel gr\u00e2ce \u00e0 nos mod\u00e8les cadre &amp; fourche MARSHAL. Pens\u00e9 et d\u00e9cor\u00e9 en un ensemble unique.\" \/>\n<meta property=\"og:url\" content=\"https:\/\/www.lrbracing.com\/eu\/en\/produits\/stem-handlebar\/stem-legion-abrams-m1a2-clamp-31-8mm-length-57-mm\/\" \/>\n<meta property=\"og:site_name\" content=\"MARSHAL RACING &amp; LEGION BICYCLES\" \/>\n<meta property=\"article:modified_time\" content=\"2026-03-12T09:05:47+00:00\" \/>\n<meta property=\"og:image\" content=\"https:\/\/www.lrbracing.com\/eu\/wp-content\/uploads\/2023\/04\/SITE-WEB-POTENCE-31.8.jpg\" \/>\n\t<meta property=\"og:image:width\" content=\"720\" \/>\n\t<meta property=\"og:image:height\" content=\"898\" \/>\n\t<meta property=\"og:image:type\" content=\"image\/jpeg\" \/>\n<meta name=\"twitter:card\" content=\"summary_large_image\" \/>\n<script type=\"application\/ld+json\" class=\"yoast-schema-graph\">{\"@context\":\"https:\/\/schema.org\",\"@graph\":[{\"@type\":\"WebPage\",\"@id\":\"https:\/\/www.lrbracing.com\/eu\/en\/produits\/stem-handlebar\/stem-legion-abrams-m1a2-clamp-31-8mm-length-57-mm\/\",\"url\":\"https:\/\/www.lrbracing.com\/eu\/en\/produits\/stem-handlebar\/stem-legion-abrams-m1a2-clamp-31-8mm-length-57-mm\/\",\"name\":\"Stem LEGION ABRAMS M1A2 - Clamp 31.8mm - Length 57 mm - MARSHAL RACING &amp; LEGION BICYCLES\",\"isPartOf\":{\"@id\":\"https:\/\/www.lrbracing.com\/eu\/#website\"},\"primaryImageOfPage\":{\"@id\":\"https:\/\/www.lrbracing.com\/eu\/en\/produits\/stem-handlebar\/stem-legion-abrams-m1a2-clamp-31-8mm-length-57-mm\/#primaryimage\"},\"image\":{\"@id\":\"https:\/\/www.lrbracing.com\/eu\/en\/produits\/stem-handlebar\/stem-legion-abrams-m1a2-clamp-31-8mm-length-57-mm\/#primaryimage\"},\"thumbnailUrl\":\"https:\/\/www.lrbracing.com\/eu\/wp-content\/uploads\/2023\/04\/SITE-WEB-POTENCE-31.8.jpg\",\"datePublished\":\"2023-04-11T16:34:00+00:00\",\"dateModified\":\"2026-03-12T09:05:47+00:00\",\"description\":\"Faite le choix d\u2019un design exceptionnel gr\u00e2ce \u00e0 nos mod\u00e8les cadre & fourche MARSHAL. Pens\u00e9 et d\u00e9cor\u00e9 en un ensemble unique.\",\"breadcrumb\":{\"@id\":\"https:\/\/www.lrbracing.com\/eu\/en\/produits\/stem-handlebar\/stem-legion-abrams-m1a2-clamp-31-8mm-length-57-mm\/#breadcrumb\"},\"inLanguage\":\"fr-FR\",\"potentialAction\":[{\"@type\":\"ReadAction\",\"target\":[\"https:\/\/www.lrbracing.com\/eu\/en\/produits\/stem-handlebar\/stem-legion-abrams-m1a2-clamp-31-8mm-length-57-mm\/\"]}]},{\"@type\":\"ImageObject\",\"inLanguage\":\"fr-FR\",\"@id\":\"https:\/\/www.lrbracing.com\/eu\/en\/produits\/stem-handlebar\/stem-legion-abrams-m1a2-clamp-31-8mm-length-57-mm\/#primaryimage\",\"url\":\"https:\/\/www.lrbracing.com\/eu\/wp-content\/uploads\/2023\/04\/SITE-WEB-POTENCE-31.8.jpg\",\"contentUrl\":\"https:\/\/www.lrbracing.com\/eu\/wp-content\/uploads\/2023\/04\/SITE-WEB-POTENCE-31.8.jpg\",\"width\":720,\"height\":898},{\"@type\":\"BreadcrumbList\",\"@id\":\"https:\/\/www.lrbracing.com\/eu\/en\/produits\/stem-handlebar\/stem-legion-abrams-m1a2-clamp-31-8mm-length-57-mm\/#breadcrumb\",\"itemListElement\":[{\"@type\":\"ListItem\",\"position\":1,\"name\":\"Accueil\",\"item\":\"https:\/\/www.lrbracing.com\/eu\/\"},{\"@type\":\"ListItem\",\"position\":2,\"name\":\"Produits\",\"item\":\"https:\/\/www.lrbracing.com\/eu\/produits\/\"},{\"@type\":\"ListItem\",\"position\":3,\"name\":\"Stem LEGION ABRAMS M1A2 &#8211; Clamp 31.8mm &#8211; Length 57 mm\"}]},{\"@type\":\"WebSite\",\"@id\":\"https:\/\/www.lrbracing.com\/eu\/#website\",\"url\":\"https:\/\/www.lrbracing.com\/eu\/\",\"name\":\"MARSHAL RACING &amp; LEGION BICYCLES\",\"description\":\"Groupe LRB RACING\",\"potentialAction\":[{\"@type\":\"SearchAction\",\"target\":{\"@type\":\"EntryPoint\",\"urlTemplate\":\"https:\/\/www.lrbracing.com\/eu\/?s={search_term_string}\"},\"query-input\":{\"@type\":\"PropertyValueSpecification\",\"valueRequired\":true,\"valueName\":\"search_term_string\"}}],\"inLanguage\":\"fr-FR\"}]}<\/script>\n<!-- \/ Yoast SEO plugin. -->","yoast_head_json":{"title":"Stem LEGION ABRAMS M1A2 - Clamp 31.8mm - Length 57 mm - MARSHAL RACING &amp; LEGION BICYCLES","description":"Faite le choix d\u2019un design exceptionnel gr\u00e2ce \u00e0 nos mod\u00e8les cadre & fourche MARSHAL. Pens\u00e9 et d\u00e9cor\u00e9 en un ensemble unique.","robots":{"index":"index","follow":"follow","max-snippet":"max-snippet:-1","max-image-preview":"max-image-preview:large","max-video-preview":"max-video-preview:-1"},"canonical":"https:\/\/www.lrbracing.com\/eu\/en\/produits\/stem-handlebar\/stem-legion-abrams-m1a2-clamp-31-8mm-length-57-mm\/","og_locale":"fr_FR","og_type":"article","og_title":"Stem LEGION ABRAMS M1A2 - Clamp 31.8mm - Length 57 mm - MARSHAL RACING &amp; LEGION BICYCLES","og_description":"Faite le choix d\u2019un design exceptionnel gr\u00e2ce \u00e0 nos mod\u00e8les cadre & fourche MARSHAL. Pens\u00e9 et d\u00e9cor\u00e9 en un ensemble unique.","og_url":"https:\/\/www.lrbracing.com\/eu\/en\/produits\/stem-handlebar\/stem-legion-abrams-m1a2-clamp-31-8mm-length-57-mm\/","og_site_name":"MARSHAL RACING &amp; LEGION BICYCLES","article_modified_time":"2026-03-12T09:05:47+00:00","og_image":[{"width":720,"height":898,"url":"https:\/\/www.lrbracing.com\/eu\/wp-content\/uploads\/2023\/04\/SITE-WEB-POTENCE-31.8.jpg","type":"image\/jpeg"}],"twitter_card":"summary_large_image","schema":{"@context":"https:\/\/schema.org","@graph":[{"@type":"WebPage","@id":"https:\/\/www.lrbracing.com\/eu\/en\/produits\/stem-handlebar\/stem-legion-abrams-m1a2-clamp-31-8mm-length-57-mm\/","url":"https:\/\/www.lrbracing.com\/eu\/en\/produits\/stem-handlebar\/stem-legion-abrams-m1a2-clamp-31-8mm-length-57-mm\/","name":"Stem LEGION ABRAMS M1A2 - Clamp 31.8mm - Length 57 mm - MARSHAL RACING &amp; LEGION BICYCLES","isPartOf":{"@id":"https:\/\/www.lrbracing.com\/eu\/#website"},"primaryImageOfPage":{"@id":"https:\/\/www.lrbracing.com\/eu\/en\/produits\/stem-handlebar\/stem-legion-abrams-m1a2-clamp-31-8mm-length-57-mm\/#primaryimage"},"image":{"@id":"https:\/\/www.lrbracing.com\/eu\/en\/produits\/stem-handlebar\/stem-legion-abrams-m1a2-clamp-31-8mm-length-57-mm\/#primaryimage"},"thumbnailUrl":"https:\/\/www.lrbracing.com\/eu\/wp-content\/uploads\/2023\/04\/SITE-WEB-POTENCE-31.8.jpg","datePublished":"2023-04-11T16:34:00+00:00","dateModified":"2026-03-12T09:05:47+00:00","description":"Faite le choix d\u2019un design exceptionnel gr\u00e2ce \u00e0 nos mod\u00e8les cadre & fourche MARSHAL. Pens\u00e9 et d\u00e9cor\u00e9 en un ensemble unique.","breadcrumb":{"@id":"https:\/\/www.lrbracing.com\/eu\/en\/produits\/stem-handlebar\/stem-legion-abrams-m1a2-clamp-31-8mm-length-57-mm\/#breadcrumb"},"inLanguage":"fr-FR","potentialAction":[{"@type":"ReadAction","target":["https:\/\/www.lrbracing.com\/eu\/en\/produits\/stem-handlebar\/stem-legion-abrams-m1a2-clamp-31-8mm-length-57-mm\/"]}]},{"@type":"ImageObject","inLanguage":"fr-FR","@id":"https:\/\/www.lrbracing.com\/eu\/en\/produits\/stem-handlebar\/stem-legion-abrams-m1a2-clamp-31-8mm-length-57-mm\/#primaryimage","url":"https:\/\/www.lrbracing.com\/eu\/wp-content\/uploads\/2023\/04\/SITE-WEB-POTENCE-31.8.jpg","contentUrl":"https:\/\/www.lrbracing.com\/eu\/wp-content\/uploads\/2023\/04\/SITE-WEB-POTENCE-31.8.jpg","width":720,"height":898},{"@type":"BreadcrumbList","@id":"https:\/\/www.lrbracing.com\/eu\/en\/produits\/stem-handlebar\/stem-legion-abrams-m1a2-clamp-31-8mm-length-57-mm\/#breadcrumb","itemListElement":[{"@type":"ListItem","position":1,"name":"Accueil","item":"https:\/\/www.lrbracing.com\/eu\/"},{"@type":"ListItem","position":2,"name":"Produits","item":"https:\/\/www.lrbracing.com\/eu\/produits\/"},{"@type":"ListItem","position":3,"name":"Stem LEGION ABRAMS M1A2 &#8211; Clamp 31.8mm &#8211; Length 57 mm"}]},{"@type":"WebSite","@id":"https:\/\/www.lrbracing.com\/eu\/#website","url":"https:\/\/www.lrbracing.com\/eu\/","name":"MARSHAL RACING &amp; LEGION BICYCLES","description":"Groupe LRB RACING","potentialAction":[{"@type":"SearchAction","target":{"@type":"EntryPoint","urlTemplate":"https:\/\/www.lrbracing.com\/eu\/?s={search_term_string}"},"query-input":{"@type":"PropertyValueSpecification","valueRequired":true,"valueName":"search_term_string"}}],"inLanguage":"fr-FR"}]}},"_links":{"self":[{"href":"https:\/\/www.lrbracing.com\/eu\/wp-json\/wp\/v2\/product\/9079","targetHints":{"allow":["GET"]}}],"collection":[{"href":"https:\/\/www.lrbracing.com\/eu\/wp-json\/wp\/v2\/product"}],"about":[{"href":"https:\/\/www.lrbracing.com\/eu\/wp-json\/wp\/v2\/types\/product"}],"version-history":[{"count":4,"href":"https:\/\/www.lrbracing.com\/eu\/wp-json\/wp\/v2\/product\/9079\/revisions"}],"predecessor-version":[{"id":15700,"href":"https:\/\/www.lrbracing.com\/eu\/wp-json\/wp\/v2\/product\/9079\/revisions\/15700"}],"wp:featuredmedia":[{"embeddable":true,"href":"https:\/\/www.lrbracing.com\/eu\/wp-json\/wp\/v2\/media\/11094"}],"wp:attachment":[{"href":"https:\/\/www.lrbracing.com\/eu\/wp-json\/wp\/v2\/media?parent=9079"}],"wp:term":[{"taxonomy":"product_brand","embeddable":true,"href":"https:\/\/www.lrbracing.com\/eu\/wp-json\/wp\/v2\/product_brand?post=9079"},{"taxonomy":"product_cat","embeddable":true,"href":"https:\/\/www.lrbracing.com\/eu\/wp-json\/wp\/v2\/product_cat?post=9079"},{"taxonomy":"product_tag","embeddable":true,"href":"https:\/\/www.lrbracing.com\/eu\/wp-json\/wp\/v2\/product_tag?post=9079"}],"curies":[{"name":"wp","href":"https:\/\/api.w.org\/{rel}","templated":true}]}}