{"id":9507,"date":"2023-06-28T13:35:01","date_gmt":"2023-06-28T11:35:01","guid":{"rendered":"https:\/\/www.bmx-marshal.com\/?post_type=product&#038;p=9507"},"modified":"2026-03-12T09:54:54","modified_gmt":"2026-03-12T08:54:54","slug":"guidon-legion-5-7-pouces-serrage-31-8mm-backsweep-3-upsweep-2","status":"publish","type":"product","link":"https:\/\/www.lrbracing.com\/eu\/en\/produits\/stem-handlebar\/guidon-legion-5-7-pouces-serrage-31-8mm-backsweep-3-upsweep-2\/","title":{"rendered":"HANDLEBAR CRUISER LEGION 5.7 Pouces | clamp 31.8mm | BACKSWEEP 3\u00b0 | UPSWEEP 2\u00b0"},"content":{"rendered":"\t\t<div data-elementor-type=\"wp-post\" data-elementor-id=\"9507\" class=\"elementor elementor-9507\">\n\t\t\t\t\t\t<section class=\"wd-negative-gap elementor-section elementor-top-section elementor-element elementor-element-8891a28 elementor-section-boxed elementor-section-height-default elementor-section-height-default\" data-id=\"8891a28\" data-element_type=\"section\">\n\t\t\t\t\t\t<div class=\"elementor-container elementor-column-gap-default\">\n\t\t\t\t\t<div class=\"elementor-column elementor-col-50 elementor-top-column elementor-element elementor-element-5650d3e\" data-id=\"5650d3e\" data-element_type=\"column\">\n\t\t\t<div class=\"elementor-widget-wrap elementor-element-populated\">\n\t\t\t\t\t\t<div class=\"elementor-element elementor-element-0435ded color-scheme-inherit text-left elementor-widget elementor-widget-text-editor\" data-id=\"0435ded\" data-element_type=\"widget\" data-widget_type=\"text-editor.default\">\n\t\t\t\t<div class=\"elementor-widget-container\">\n\t\t\t\t\t\t\t\t\t<pre class=\"product_title entry-title wd-entities-title\">Guidon LEGION 6.5 Pouces | serrage 31.8mm | BACKSWEEP 3\u00b0 | UPSWEEP 2\u00b0<\/pre>\t\t\t\t\t\t\t\t<\/div>\n\t\t\t\t<\/div>\n\t\t\t\t<div class=\"elementor-element elementor-element-8186b91 elementor-widget elementor-widget-image\" data-id=\"8186b91\" data-element_type=\"widget\" data-widget_type=\"image.default\">\n\t\t\t\t<div class=\"elementor-widget-container\">\n\t\t\t\t\t\t\t\t\t\t\t\t\t\t\t<img fetchpriority=\"high\" decoding=\"async\" width=\"1024\" height=\"458\" src=\"https:\/\/www.lrbracing.com\/eu\/wp-content\/uploads\/2023\/03\/GUIDON-DIMENSION-1024x458.png\" class=\"attachment-large size-large wp-image-8218\" alt=\"\" srcset=\"https:\/\/www.lrbracing.com\/eu\/wp-content\/uploads\/2023\/03\/GUIDON-DIMENSION-1024x458.png 1024w, https:\/\/www.lrbracing.com\/eu\/wp-content\/uploads\/2023\/03\/GUIDON-DIMENSION-150x67.png 150w, https:\/\/www.lrbracing.com\/eu\/wp-content\/uploads\/2023\/03\/GUIDON-DIMENSION-1200x537.png 1200w, https:\/\/www.lrbracing.com\/eu\/wp-content\/uploads\/2023\/03\/GUIDON-DIMENSION-300x134.png 300w, https:\/\/www.lrbracing.com\/eu\/wp-content\/uploads\/2023\/03\/GUIDON-DIMENSION-768x344.png 768w, https:\/\/www.lrbracing.com\/eu\/wp-content\/uploads\/2023\/03\/GUIDON-DIMENSION-1536x688.png 1536w, https:\/\/www.lrbracing.com\/eu\/wp-content\/uploads\/2023\/03\/GUIDON-DIMENSION.png 1617w\" sizes=\"(max-width: 1024px) 100vw, 1024px\" \/>\t\t\t\t\t\t\t\t\t\t\t\t\t\t\t<\/div>\n\t\t\t\t<\/div>\n\t\t\t\t\t<\/div>\n\t\t<\/div>\n\t\t\t\t<div class=\"elementor-column elementor-col-50 elementor-top-column elementor-element elementor-element-8fdac36\" data-id=\"8fdac36\" data-element_type=\"column\">\n\t\t\t<div class=\"elementor-widget-wrap elementor-element-populated\">\n\t\t\t\t\t\t<div class=\"elementor-element elementor-element-9147f1d wd-width-100 elementor-widget elementor-widget-wd_title\" data-id=\"9147f1d\" data-element_type=\"widget\" data-widget_type=\"wd_title.default\">\n\t\t\t\t<div class=\"elementor-widget-container\">\n\t\t\t\t\t\t\t<div class=\"title-wrapper wd-set-mb reset-last-child wd-title-color-default wd-title-style-default wd-title-size-default text-left\">\n\n\t\t\t\n\t\t\t<div class=\"liner-continer\">\n\t\t\t\t<h4 class=\"woodmart-title-container title wd-fontsize-l\">CARACT\u00c9RISTIQUES<\/h4> \n\t\t\t\t\t\t\t<\/div>\n\n\t\t\t\t\t\t\t<div class=\"title-after_title reset-last-child wd-fontsize-xs\">\n\t\t\t\t\t<h6>Mat\u00e9riau : Chromoly\u00a04130\u00a0Seamless\u00a0\u00e0 \u00e9paisseur variable 13\u00a0Butted\u00a0haut de gamme<\/h6><h6>Diam\u00e8tre de serrage: 31,8 mm<\/h6>\t\t\t\t<\/div>\n\t\t\t\t\t<\/div>\n\t\t\t\t\t\t<\/div>\n\t\t\t\t<\/div>\n\t\t\t\t<div class=\"elementor-element elementor-element-cb797f9 wd-width-100 elementor-widget elementor-widget-wd_title\" data-id=\"cb797f9\" data-element_type=\"widget\" data-widget_type=\"wd_title.default\">\n\t\t\t\t<div class=\"elementor-widget-container\">\n\t\t\t\t\t\t\t<div class=\"title-wrapper wd-set-mb reset-last-child wd-title-color-default wd-title-style-default wd-title-size-default text-left\">\n\n\t\t\t\n\t\t\t<div class=\"liner-continer\">\n\t\t\t\t<h4 class=\"woodmart-title-container title wd-fontsize-l\">DIMENSIONS<\/h4> \n\t\t\t\t\t\t\t<\/div>\n\n\t\t\t\t\t\t\t<div class=\"title-after_title reset-last-child wd-fontsize-xs\">\n\t\t\t\t\t<h6>HAUTEUR \/ RISE : 145 mm (5.75 Pouces\/ inch)<\/h6><h6>LARGEUR: 720 mm<\/h6><h6>BACKSWEEP: 3\u00b0<\/h6><h6>UPSWEEP: 2\u00b0<\/h6><h6>Pre-Cut: 3 rainures \u00e0 8 mm d'intervalle.<\/h6>\t\t\t\t<\/div>\n\t\t\t\t\t<\/div>\n\t\t\t\t\t\t<\/div>\n\t\t\t\t<\/div>\n\t\t\t\t\t<\/div>\n\t\t<\/div>\n\t\t\t\t\t<\/div>\n\t\t<\/section>\n\t\t\t\t<section class=\"wd-negative-gap elementor-section elementor-top-section elementor-element elementor-element-3f1ab94 elementor-section-boxed elementor-section-height-default elementor-section-height-default\" data-id=\"3f1ab94\" data-element_type=\"section\">\n\t\t\t\t\t\t<div class=\"elementor-container elementor-column-gap-default\">\n\t\t\t\t\t<div class=\"elementor-column elementor-col-100 elementor-top-column elementor-element elementor-element-0e0466e\" data-id=\"0e0466e\" data-element_type=\"column\">\n\t\t\t<div class=\"elementor-widget-wrap\">\n\t\t\t\t\t\t\t<\/div>\n\t\t<\/div>\n\t\t\t\t\t<\/div>\n\t\t<\/section>\n\t\t\t\t<\/div>\n\t\t","protected":false},"excerpt":{"rendered":"<p>Guidon LEGION 6.5 Pouces | serrage 31.8mm | BACKSWEEP 3\u00b0 | UPSWEEP 2\u00b0 CARACT\u00c9RISTIQUES Mat\u00e9riau : Chromoly\u00a04130\u00a0Seamless\u00a0\u00e0 \u00e9paisseur variable 13\u00a0Butted\u00a0haut<\/p>\n","protected":false},"featured_media":10969,"template":"","meta":[],"product_brand":[],"product_cat":[646],"product_tag":[],"class_list":{"0":"post-9507","1":"product","2":"type-product","3":"status-publish","4":"has-post-thumbnail","6":"product_cat-stem-handlebar","7":"product_shipping_class-colis-cadres-et-accessoires-en","9":"first","10":"instock","11":"taxable","12":"shipping-taxable","13":"purchasable","14":"product-type-variable","15":"has-default-attributes"},"yoast_head":"<!-- This site is optimized with the Yoast SEO plugin v26.7 - https:\/\/yoast.com\/wordpress\/plugins\/seo\/ -->\n<title>HANDLEBAR CRUISER LEGION 5.7 Pouces | clamp 31.8mm | BACKSWEEP 3\u00b0 | UPSWEEP 2\u00b0 - MARSHAL RACING &amp; LEGION BICYCLES<\/title>\n<meta name=\"description\" content=\"Faite le choix d\u2019un design exceptionnel gr\u00e2ce \u00e0 nos mod\u00e8les cadre &amp; fourche MARSHAL. Pens\u00e9 et d\u00e9cor\u00e9 en un ensemble unique.\" \/>\n<meta name=\"robots\" content=\"index, follow, max-snippet:-1, max-image-preview:large, max-video-preview:-1\" \/>\n<link rel=\"canonical\" href=\"https:\/\/www.lrbracing.com\/eu\/en\/produits\/stem-handlebar\/guidon-legion-5-7-pouces-serrage-31-8mm-backsweep-3-upsweep-2\/\" \/>\n<meta property=\"og:locale\" content=\"fr_FR\" \/>\n<meta property=\"og:type\" content=\"article\" \/>\n<meta property=\"og:title\" content=\"HANDLEBAR CRUISER LEGION 5.7 Pouces | clamp 31.8mm | BACKSWEEP 3\u00b0 | UPSWEEP 2\u00b0 - MARSHAL RACING &amp; LEGION BICYCLES\" \/>\n<meta property=\"og:description\" content=\"Faite le choix d\u2019un design exceptionnel gr\u00e2ce \u00e0 nos mod\u00e8les cadre &amp; fourche MARSHAL. Pens\u00e9 et d\u00e9cor\u00e9 en un ensemble unique.\" \/>\n<meta property=\"og:url\" content=\"https:\/\/www.lrbracing.com\/eu\/en\/produits\/stem-handlebar\/guidon-legion-5-7-pouces-serrage-31-8mm-backsweep-3-upsweep-2\/\" \/>\n<meta property=\"og:site_name\" content=\"MARSHAL RACING &amp; LEGION BICYCLES\" \/>\n<meta property=\"article:modified_time\" content=\"2026-03-12T08:54:54+00:00\" \/>\n<meta property=\"og:image\" content=\"https:\/\/www.lrbracing.com\/eu\/wp-content\/uploads\/2023\/06\/575-face.png\" \/>\n\t<meta property=\"og:image:width\" content=\"1772\" \/>\n\t<meta property=\"og:image:height\" content=\"1211\" \/>\n\t<meta property=\"og:image:type\" content=\"image\/png\" \/>\n<meta name=\"twitter:card\" content=\"summary_large_image\" \/>\n<meta name=\"twitter:label1\" content=\"Dur\u00e9e de lecture estim\u00e9e\" \/>\n\t<meta name=\"twitter:data1\" content=\"1 minute\" \/>\n<script type=\"application\/ld+json\" class=\"yoast-schema-graph\">{\"@context\":\"https:\/\/schema.org\",\"@graph\":[{\"@type\":\"WebPage\",\"@id\":\"https:\/\/www.lrbracing.com\/eu\/en\/produits\/stem-handlebar\/guidon-legion-5-7-pouces-serrage-31-8mm-backsweep-3-upsweep-2\/\",\"url\":\"https:\/\/www.lrbracing.com\/eu\/en\/produits\/stem-handlebar\/guidon-legion-5-7-pouces-serrage-31-8mm-backsweep-3-upsweep-2\/\",\"name\":\"HANDLEBAR CRUISER LEGION 5.7 Pouces | clamp 31.8mm | BACKSWEEP 3\u00b0 | UPSWEEP 2\u00b0 - MARSHAL RACING &amp; LEGION BICYCLES\",\"isPartOf\":{\"@id\":\"https:\/\/www.lrbracing.com\/eu\/#website\"},\"primaryImageOfPage\":{\"@id\":\"https:\/\/www.lrbracing.com\/eu\/en\/produits\/stem-handlebar\/guidon-legion-5-7-pouces-serrage-31-8mm-backsweep-3-upsweep-2\/#primaryimage\"},\"image\":{\"@id\":\"https:\/\/www.lrbracing.com\/eu\/en\/produits\/stem-handlebar\/guidon-legion-5-7-pouces-serrage-31-8mm-backsweep-3-upsweep-2\/#primaryimage\"},\"thumbnailUrl\":\"https:\/\/www.lrbracing.com\/eu\/wp-content\/uploads\/2023\/06\/575-face.png\",\"datePublished\":\"2023-06-28T11:35:01+00:00\",\"dateModified\":\"2026-03-12T08:54:54+00:00\",\"description\":\"Faite le choix d\u2019un design exceptionnel gr\u00e2ce \u00e0 nos mod\u00e8les cadre & fourche MARSHAL. Pens\u00e9 et d\u00e9cor\u00e9 en un ensemble unique.\",\"breadcrumb\":{\"@id\":\"https:\/\/www.lrbracing.com\/eu\/en\/produits\/stem-handlebar\/guidon-legion-5-7-pouces-serrage-31-8mm-backsweep-3-upsweep-2\/#breadcrumb\"},\"inLanguage\":\"fr-FR\",\"potentialAction\":[{\"@type\":\"ReadAction\",\"target\":[\"https:\/\/www.lrbracing.com\/eu\/en\/produits\/stem-handlebar\/guidon-legion-5-7-pouces-serrage-31-8mm-backsweep-3-upsweep-2\/\"]}]},{\"@type\":\"ImageObject\",\"inLanguage\":\"fr-FR\",\"@id\":\"https:\/\/www.lrbracing.com\/eu\/en\/produits\/stem-handlebar\/guidon-legion-5-7-pouces-serrage-31-8mm-backsweep-3-upsweep-2\/#primaryimage\",\"url\":\"https:\/\/www.lrbracing.com\/eu\/wp-content\/uploads\/2023\/06\/575-face.png\",\"contentUrl\":\"https:\/\/www.lrbracing.com\/eu\/wp-content\/uploads\/2023\/06\/575-face.png\",\"width\":1772,\"height\":1211},{\"@type\":\"BreadcrumbList\",\"@id\":\"https:\/\/www.lrbracing.com\/eu\/en\/produits\/stem-handlebar\/guidon-legion-5-7-pouces-serrage-31-8mm-backsweep-3-upsweep-2\/#breadcrumb\",\"itemListElement\":[{\"@type\":\"ListItem\",\"position\":1,\"name\":\"Accueil\",\"item\":\"https:\/\/www.lrbracing.com\/eu\/\"},{\"@type\":\"ListItem\",\"position\":2,\"name\":\"Produits\",\"item\":\"https:\/\/www.lrbracing.com\/eu\/produits\/\"},{\"@type\":\"ListItem\",\"position\":3,\"name\":\"HANDLEBAR CRUISER LEGION 5.7 Pouces | clamp 31.8mm | BACKSWEEP 3\u00b0 | UPSWEEP 2\u00b0\"}]},{\"@type\":\"WebSite\",\"@id\":\"https:\/\/www.lrbracing.com\/eu\/#website\",\"url\":\"https:\/\/www.lrbracing.com\/eu\/\",\"name\":\"MARSHAL RACING &amp; LEGION BICYCLES\",\"description\":\"Groupe LRB RACING\",\"potentialAction\":[{\"@type\":\"SearchAction\",\"target\":{\"@type\":\"EntryPoint\",\"urlTemplate\":\"https:\/\/www.lrbracing.com\/eu\/?s={search_term_string}\"},\"query-input\":{\"@type\":\"PropertyValueSpecification\",\"valueRequired\":true,\"valueName\":\"search_term_string\"}}],\"inLanguage\":\"fr-FR\"}]}<\/script>\n<!-- \/ Yoast SEO plugin. -->","yoast_head_json":{"title":"HANDLEBAR CRUISER LEGION 5.7 Pouces | clamp 31.8mm | BACKSWEEP 3\u00b0 | UPSWEEP 2\u00b0 - MARSHAL RACING &amp; LEGION BICYCLES","description":"Faite le choix d\u2019un design exceptionnel gr\u00e2ce \u00e0 nos mod\u00e8les cadre & fourche MARSHAL. Pens\u00e9 et d\u00e9cor\u00e9 en un ensemble unique.","robots":{"index":"index","follow":"follow","max-snippet":"max-snippet:-1","max-image-preview":"max-image-preview:large","max-video-preview":"max-video-preview:-1"},"canonical":"https:\/\/www.lrbracing.com\/eu\/en\/produits\/stem-handlebar\/guidon-legion-5-7-pouces-serrage-31-8mm-backsweep-3-upsweep-2\/","og_locale":"fr_FR","og_type":"article","og_title":"HANDLEBAR CRUISER LEGION 5.7 Pouces | clamp 31.8mm | BACKSWEEP 3\u00b0 | UPSWEEP 2\u00b0 - MARSHAL RACING &amp; LEGION BICYCLES","og_description":"Faite le choix d\u2019un design exceptionnel gr\u00e2ce \u00e0 nos mod\u00e8les cadre & fourche MARSHAL. Pens\u00e9 et d\u00e9cor\u00e9 en un ensemble unique.","og_url":"https:\/\/www.lrbracing.com\/eu\/en\/produits\/stem-handlebar\/guidon-legion-5-7-pouces-serrage-31-8mm-backsweep-3-upsweep-2\/","og_site_name":"MARSHAL RACING &amp; LEGION BICYCLES","article_modified_time":"2026-03-12T08:54:54+00:00","og_image":[{"width":1772,"height":1211,"url":"https:\/\/www.lrbracing.com\/eu\/wp-content\/uploads\/2023\/06\/575-face.png","type":"image\/png"}],"twitter_card":"summary_large_image","twitter_misc":{"Dur\u00e9e de lecture estim\u00e9e":"1 minute"},"schema":{"@context":"https:\/\/schema.org","@graph":[{"@type":"WebPage","@id":"https:\/\/www.lrbracing.com\/eu\/en\/produits\/stem-handlebar\/guidon-legion-5-7-pouces-serrage-31-8mm-backsweep-3-upsweep-2\/","url":"https:\/\/www.lrbracing.com\/eu\/en\/produits\/stem-handlebar\/guidon-legion-5-7-pouces-serrage-31-8mm-backsweep-3-upsweep-2\/","name":"HANDLEBAR CRUISER LEGION 5.7 Pouces | clamp 31.8mm | BACKSWEEP 3\u00b0 | UPSWEEP 2\u00b0 - MARSHAL RACING &amp; LEGION BICYCLES","isPartOf":{"@id":"https:\/\/www.lrbracing.com\/eu\/#website"},"primaryImageOfPage":{"@id":"https:\/\/www.lrbracing.com\/eu\/en\/produits\/stem-handlebar\/guidon-legion-5-7-pouces-serrage-31-8mm-backsweep-3-upsweep-2\/#primaryimage"},"image":{"@id":"https:\/\/www.lrbracing.com\/eu\/en\/produits\/stem-handlebar\/guidon-legion-5-7-pouces-serrage-31-8mm-backsweep-3-upsweep-2\/#primaryimage"},"thumbnailUrl":"https:\/\/www.lrbracing.com\/eu\/wp-content\/uploads\/2023\/06\/575-face.png","datePublished":"2023-06-28T11:35:01+00:00","dateModified":"2026-03-12T08:54:54+00:00","description":"Faite le choix d\u2019un design exceptionnel gr\u00e2ce \u00e0 nos mod\u00e8les cadre & fourche MARSHAL. Pens\u00e9 et d\u00e9cor\u00e9 en un ensemble unique.","breadcrumb":{"@id":"https:\/\/www.lrbracing.com\/eu\/en\/produits\/stem-handlebar\/guidon-legion-5-7-pouces-serrage-31-8mm-backsweep-3-upsweep-2\/#breadcrumb"},"inLanguage":"fr-FR","potentialAction":[{"@type":"ReadAction","target":["https:\/\/www.lrbracing.com\/eu\/en\/produits\/stem-handlebar\/guidon-legion-5-7-pouces-serrage-31-8mm-backsweep-3-upsweep-2\/"]}]},{"@type":"ImageObject","inLanguage":"fr-FR","@id":"https:\/\/www.lrbracing.com\/eu\/en\/produits\/stem-handlebar\/guidon-legion-5-7-pouces-serrage-31-8mm-backsweep-3-upsweep-2\/#primaryimage","url":"https:\/\/www.lrbracing.com\/eu\/wp-content\/uploads\/2023\/06\/575-face.png","contentUrl":"https:\/\/www.lrbracing.com\/eu\/wp-content\/uploads\/2023\/06\/575-face.png","width":1772,"height":1211},{"@type":"BreadcrumbList","@id":"https:\/\/www.lrbracing.com\/eu\/en\/produits\/stem-handlebar\/guidon-legion-5-7-pouces-serrage-31-8mm-backsweep-3-upsweep-2\/#breadcrumb","itemListElement":[{"@type":"ListItem","position":1,"name":"Accueil","item":"https:\/\/www.lrbracing.com\/eu\/"},{"@type":"ListItem","position":2,"name":"Produits","item":"https:\/\/www.lrbracing.com\/eu\/produits\/"},{"@type":"ListItem","position":3,"name":"HANDLEBAR CRUISER LEGION 5.7 Pouces | clamp 31.8mm | BACKSWEEP 3\u00b0 | UPSWEEP 2\u00b0"}]},{"@type":"WebSite","@id":"https:\/\/www.lrbracing.com\/eu\/#website","url":"https:\/\/www.lrbracing.com\/eu\/","name":"MARSHAL RACING &amp; LEGION BICYCLES","description":"Groupe LRB RACING","potentialAction":[{"@type":"SearchAction","target":{"@type":"EntryPoint","urlTemplate":"https:\/\/www.lrbracing.com\/eu\/?s={search_term_string}"},"query-input":{"@type":"PropertyValueSpecification","valueRequired":true,"valueName":"search_term_string"}}],"inLanguage":"fr-FR"}]}},"_links":{"self":[{"href":"https:\/\/www.lrbracing.com\/eu\/wp-json\/wp\/v2\/product\/9507","targetHints":{"allow":["GET"]}}],"collection":[{"href":"https:\/\/www.lrbracing.com\/eu\/wp-json\/wp\/v2\/product"}],"about":[{"href":"https:\/\/www.lrbracing.com\/eu\/wp-json\/wp\/v2\/types\/product"}],"version-history":[{"count":1,"href":"https:\/\/www.lrbracing.com\/eu\/wp-json\/wp\/v2\/product\/9507\/revisions"}],"predecessor-version":[{"id":14119,"href":"https:\/\/www.lrbracing.com\/eu\/wp-json\/wp\/v2\/product\/9507\/revisions\/14119"}],"wp:featuredmedia":[{"embeddable":true,"href":"https:\/\/www.lrbracing.com\/eu\/wp-json\/wp\/v2\/media\/10969"}],"wp:attachment":[{"href":"https:\/\/www.lrbracing.com\/eu\/wp-json\/wp\/v2\/media?parent=9507"}],"wp:term":[{"taxonomy":"product_brand","embeddable":true,"href":"https:\/\/www.lrbracing.com\/eu\/wp-json\/wp\/v2\/product_brand?post=9507"},{"taxonomy":"product_cat","embeddable":true,"href":"https:\/\/www.lrbracing.com\/eu\/wp-json\/wp\/v2\/product_cat?post=9507"},{"taxonomy":"product_tag","embeddable":true,"href":"https:\/\/www.lrbracing.com\/eu\/wp-json\/wp\/v2\/product_tag?post=9507"}],"curies":[{"name":"wp","href":"https:\/\/api.w.org\/{rel}","templated":true}]}}